{"id":108,"date":"2025-11-25T13:15:34","date_gmt":"2025-11-25T13:15:34","guid":{"rendered":"https:\/\/poudredevies.fr\/?page_id=108"},"modified":"2026-02-01T17:41:00","modified_gmt":"2026-02-01T17:41:00","slug":"nos-objectifs","status":"publish","type":"page","link":"https:\/\/poudredevies.fr\/?page_id=108","title":{"rendered":"Nos objectifs"},"content":{"rendered":"\t\t<div data-elementor-type=\"wp-page\" data-elementor-id=\"108\" class=\"elementor elementor-108\">\n\t\t\t\t<div class=\"elementor-element elementor-element-e573bb3 e-flex e-con-boxed e-con e-parent\" data-id=\"e573bb3\" data-element_type=\"container\">\n\t\t\t\t\t<div class=\"e-con-inner\">\n\t\t\t\t<div class=\"elementor-element elementor-element-81d857c elementor-widget elementor-widget-text-editor\" data-id=\"81d857c\" data-element_type=\"widget\" data-widget_type=\"text-editor.default\">\n\t\t\t\t\t\t\t\t\t<section class=\"section grid-two\"><div><h3>Nos objectifs<\/h3><ul class=\"list-clean\"><li>Faire des quatre baraquements pr\u00e9serv\u00e9s du CAFI un lieu de m\u00e9moire d\u00e9di\u00e9 aux populations migrantes de la poudrerie.<\/li><li>Faire conna\u00eetre et valoriser l\u2019histoire locale de la poudrerie en lien avec l\u2019histoire nationale et mondiale.<\/li><li>Rassembler, dans un esprit apais\u00e9, les m\u00e9moires des diff\u00e9rentes populations pass\u00e9es par ces camps.<\/li><li>Cr\u00e9er un lieu de r\u00e9flexion scientifique et culturel ouvert aux chercheurs, aux associations et aux habitants.<\/li><li>D\u00e9velopper un centre de ressources (archives, t\u00e9moignages, iconographie) accessible au public.<\/li><\/ul><\/div><\/section><figure><\/figure>\t\t\t\t\t\t\t\t<\/div>\n\t\t\t\t\t<\/div>\n\t\t\t\t<\/div>\n\t\t<div class=\"elementor-element elementor-element-c7ba181 e-flex e-con-boxed e-con e-parent\" data-id=\"c7ba181\" data-element_type=\"container\">\n\t\t\t\t\t<div class=\"e-con-inner\">\n\t\t\t\t<div class=\"elementor-element elementor-element-d298123 elementor-widget elementor-widget-text-editor\" data-id=\"d298123\" data-element_type=\"widget\" data-widget_type=\"text-editor.default\">\n\t\t\t\t\t\t\t\t\t<section class=\"section grid-two\"><div><p>\u00a0<\/p><\/div><\/section><figure><\/figure><section class=\"section grid-two-reverse\"><div><h3>Un projet n\u00e9 de la poudrerie<\/h3><p>L\u2019annexe de la poudrerie de Bergerac, implant\u00e9e sur les communes de Bias, Casseneuil et Sainte-Livrade-sur-Lot,<br \/>n\u2019a jamais fonctionn\u00e9 comme site industriel. Ses b\u00e2timents et cantonnements ont pourtant accueilli, de 1938 aux ann\u00e9es<br \/>2010, des populations tr\u00e8s diverses, souvent en situation d\u2019exil ou de contrainte.<\/p><p>L\u2019association souhaite prendre ces lieux comme point de d\u00e9part pour raconter une histoire partag\u00e9e\u00a0:<br \/>celle de populations d\u00e9plac\u00e9es par les guerres, les d\u00e9colonisations et les politiques migratoires,<br \/>et de leur ancrage progressif dans le Lot-et-Garonne.<\/p><\/div><\/section>\t\t\t\t\t\t\t\t<\/div>\n\t\t\t\t\t<\/div>\n\t\t\t\t<\/div>\n\t\t<div class=\"elementor-element elementor-element-fb5ece4 e-flex e-con-boxed e-con e-parent\" data-id=\"fb5ece4\" data-element_type=\"container\">\n\t\t\t\t\t<div class=\"e-con-inner\">\n\t\t\t\t<div class=\"elementor-element elementor-element-6851cae elementor-widget elementor-widget-text-editor\" data-id=\"6851cae\" data-element_type=\"widget\" data-widget_type=\"text-editor.default\">\n\t\t\t\t\t\t\t\t\t<div class=\"container\"><section class=\"section grid-two\"><\/section><section class=\"section grid-two-reverse\"><div><p><span style=\"font-size: 1.5em; font-weight: bold;\">Une d\u00e9marche ind\u00e9pendante et partenariale<\/span><\/p><\/div><\/section><section class=\"section\"><p class=\"section-intro\">Le groupe porteur du projet est ind\u00e9pendant des structures existantes, tout en travaillant en lien \u00e9troit avec<br \/>les associations locales, les institutions m\u00e9morielles et les collectivit\u00e9s. Il s\u2019agit de construire un projet<br \/>ouvert, partag\u00e9, et co-construit avec les premiers concern\u00e9s.<\/p><p>Poudre de Vies a vocation \u00e0 collaborer avec les habitants, les anciens du CAFI, les chercheurs, les enseignants,<br \/>les mus\u00e9es et centres d\u2019archives afin de donner \u00e0 voir l\u2019ampleur de cette histoire et d\u2019en faire un support<br \/>d\u2019\u00e9ducation, de r\u00e9flexion et de dialogue.<\/p><\/section><\/div><footer><div class=\"container\"><div>\u00a0<\/div><\/div><\/footer>\t\t\t\t\t\t\t\t<\/div>\n\t\t\t\t\t<\/div>\n\t\t\t\t<\/div>\n\t\t\t\t<\/div>\n\t\t","protected":false},"excerpt":{"rendered":"<p>Nos objectifs Faire des quatre baraquements pr\u00e9serv\u00e9s du CAFI un lieu de m\u00e9moire d\u00e9di\u00e9 aux populations migrantes de la poudrerie. [&hellip;]<\/p>\n","protected":false},"author":1,"featured_media":0,"parent":0,"menu_order":0,"comment_status":"closed","ping_status":"closed","template":"","meta":{"site-sidebar-layout":"no-sidebar","site-content-layout":"","ast-site-content-layout":"full-width-container","site-content-style":"default","site-sidebar-style":"default","ast-global-header-display":"","ast-banner-title-visibility":"","ast-main-header-display":"","ast-hfb-above-header-display":"","ast-hfb-below-header-display":"","ast-hfb-mobile-header-display":"","site-post-title":"","ast-breadcrumbs-content":"","ast-featured-img":"disabled","footer-sml-layout":"","theme-transparent-header-meta":"","adv-header-id-meta":"","stick-header-meta":"","header-above-stick-meta":"","header-main-stick-meta":"","header-below-stick-meta":"","astra-migrate-meta-layouts":"default","ast-page-background-enabled":"default","ast-page-background-meta":{"desktop":{"background-color":"var(--ast-global-color-5)","background-image":"","background-repeat":"repeat","background-position":"center center","background-size":"auto","background-attachment":"scroll","background-type":"","background-media":"","overlay-type":"","overlay-color":"","overlay-opacity":"","overlay-gradient":""},"tablet":{"background-color":"","background-image":"","background-repeat":"repeat","background-position":"center center","background-size":"auto","background-attachment":"scroll","background-type":"","background-media":"","overlay-type":"","overlay-color":"","overlay-opacity":"","overlay-gradient":""},"mobile":{"background-color":"","background-image":"","background-repeat":"repeat","background-position":"center center","background-size":"auto","background-attachment":"scroll","background-type":"","background-media":"","overlay-type":"","overlay-color":"","overlay-opacity":"","overlay-gradient":""}},"ast-content-background-meta":{"desktop":{"background-color":"var(--ast-global-color-4)","background-image":"","background-repeat":"repeat","background-position":"center center","background-size":"auto","background-attachment":"scroll","background-type":"","background-media":"","overlay-type":"","overlay-color":"","overlay-opacity":"","overlay-gradient":""},"tablet":{"background-color":"var(--ast-global-color-4)","background-image":"","background-repeat":"repeat","background-position":"center center","background-size":"auto","background-attachment":"scroll","background-type":"","background-media":"","overlay-type":"","overlay-color":"","overlay-opacity":"","overlay-gradient":""},"mobile":{"background-color":"var(--ast-global-color-4)","background-image":"","background-repeat":"repeat","background-position":"center center","background-size":"auto","background-attachment":"scroll","background-type":"","background-media":"","overlay-type":"","overlay-color":"","overlay-opacity":"","overlay-gradient":""}},"footnotes":""},"class_list":["post-108","page","type-page","status-publish","hentry"],"yoast_head":"<!-- This site is optimized with the Yoast SEO plugin v26.4 - https:\/\/yoast.com\/wordpress\/plugins\/seo\/ -->\n<title>Nos objectifs -<\/title>\n<meta name=\"robots\" content=\"index, follow, max-snippet:-1, max-image-preview:large, max-video-preview:-1\" \/>\n<link rel=\"canonical\" href=\"https:\/\/poudredevies.fr\/?page_id=108\" \/>\n<meta property=\"og:locale\" content=\"en_US\" \/>\n<meta property=\"og:type\" content=\"article\" \/>\n<meta property=\"og:title\" content=\"Nos objectifs -\" \/>\n<meta property=\"og:description\" content=\"Nos objectifs Faire des quatre baraquements pr\u00e9serv\u00e9s du CAFI un lieu de m\u00e9moire d\u00e9di\u00e9 aux populations migrantes de la poudrerie. [&hellip;]\" \/>\n<meta property=\"og:url\" content=\"https:\/\/poudredevies.fr\/?page_id=108\" \/>\n<meta property=\"article:modified_time\" content=\"2026-02-01T17:41:00+00:00\" \/>\n<meta name=\"twitter:card\" content=\"summary_large_image\" \/>\n<meta name=\"twitter:label1\" content=\"Est. reading time\" \/>\n\t<meta name=\"twitter:data1\" content=\"2 minutes\" \/>\n<script type=\"application\/ld+json\" class=\"yoast-schema-graph\">{\"@context\":\"https:\/\/schema.org\",\"@graph\":[{\"@type\":\"WebPage\",\"@id\":\"https:\/\/poudredevies.fr\/?page_id=108\",\"url\":\"https:\/\/poudredevies.fr\/?page_id=108\",\"name\":\"Nos objectifs -\",\"isPartOf\":{\"@id\":\"https:\/\/poudredevies.fr\/#website\"},\"datePublished\":\"2025-11-25T13:15:34+00:00\",\"dateModified\":\"2026-02-01T17:41:00+00:00\",\"breadcrumb\":{\"@id\":\"https:\/\/poudredevies.fr\/?page_id=108#breadcrumb\"},\"inLanguage\":\"en-US\",\"potentialAction\":[{\"@type\":\"ReadAction\",\"target\":[\"https:\/\/poudredevies.fr\/?page_id=108\"]}]},{\"@type\":\"BreadcrumbList\",\"@id\":\"https:\/\/poudredevies.fr\/?page_id=108#breadcrumb\",\"itemListElement\":[{\"@type\":\"ListItem\",\"position\":1,\"name\":\"Home\",\"item\":\"https:\/\/poudredevies.fr\/\"},{\"@type\":\"ListItem\",\"position\":2,\"name\":\"Nos objectifs\"}]},{\"@type\":\"WebSite\",\"@id\":\"https:\/\/poudredevies.fr\/#website\",\"url\":\"https:\/\/poudredevies.fr\/\",\"name\":\"WordPress\",\"description\":\"\",\"publisher\":{\"@id\":\"https:\/\/poudredevies.fr\/#organization\"},\"potentialAction\":[{\"@type\":\"SearchAction\",\"target\":{\"@type\":\"EntryPoint\",\"urlTemplate\":\"https:\/\/poudredevies.fr\/?s={search_term_string}\"},\"query-input\":{\"@type\":\"PropertyValueSpecification\",\"valueRequired\":true,\"valueName\":\"search_term_string\"}}],\"inLanguage\":\"en-US\"},{\"@type\":\"Organization\",\"@id\":\"https:\/\/poudredevies.fr\/#organization\",\"name\":\"WordPress\",\"url\":\"https:\/\/poudredevies.fr\/\",\"logo\":{\"@type\":\"ImageObject\",\"inLanguage\":\"en-US\",\"@id\":\"https:\/\/poudredevies.fr\/#\/schema\/logo\/image\/\",\"url\":\"https:\/\/poudredevies.fr\/wp-content\/uploads\/2025\/11\/cropped-LOGO_POUDRE_DE_VIES_2024-1.webp\",\"contentUrl\":\"https:\/\/poudredevies.fr\/wp-content\/uploads\/2025\/11\/cropped-LOGO_POUDRE_DE_VIES_2024-1.webp\",\"width\":810,\"height\":605,\"caption\":\"WordPress\"},\"image\":{\"@id\":\"https:\/\/poudredevies.fr\/#\/schema\/logo\/image\/\"}}]}<\/script>\n<!-- \/ Yoast SEO plugin. -->","yoast_head_json":{"title":"Nos objectifs -","robots":{"index":"index","follow":"follow","max-snippet":"max-snippet:-1","max-image-preview":"max-image-preview:large","max-video-preview":"max-video-preview:-1"},"canonical":"https:\/\/poudredevies.fr\/?page_id=108","og_locale":"en_US","og_type":"article","og_title":"Nos objectifs -","og_description":"Nos objectifs Faire des quatre baraquements pr\u00e9serv\u00e9s du CAFI un lieu de m\u00e9moire d\u00e9di\u00e9 aux populations migrantes de la poudrerie. [&hellip;]","og_url":"https:\/\/poudredevies.fr\/?page_id=108","article_modified_time":"2026-02-01T17:41:00+00:00","twitter_card":"summary_large_image","twitter_misc":{"Est. reading time":"2 minutes"},"schema":{"@context":"https:\/\/schema.org","@graph":[{"@type":"WebPage","@id":"https:\/\/poudredevies.fr\/?page_id=108","url":"https:\/\/poudredevies.fr\/?page_id=108","name":"Nos objectifs -","isPartOf":{"@id":"https:\/\/poudredevies.fr\/#website"},"datePublished":"2025-11-25T13:15:34+00:00","dateModified":"2026-02-01T17:41:00+00:00","breadcrumb":{"@id":"https:\/\/poudredevies.fr\/?page_id=108#breadcrumb"},"inLanguage":"en-US","potentialAction":[{"@type":"ReadAction","target":["https:\/\/poudredevies.fr\/?page_id=108"]}]},{"@type":"BreadcrumbList","@id":"https:\/\/poudredevies.fr\/?page_id=108#breadcrumb","itemListElement":[{"@type":"ListItem","position":1,"name":"Home","item":"https:\/\/poudredevies.fr\/"},{"@type":"ListItem","position":2,"name":"Nos objectifs"}]},{"@type":"WebSite","@id":"https:\/\/poudredevies.fr\/#website","url":"https:\/\/poudredevies.fr\/","name":"WordPress","description":"","publisher":{"@id":"https:\/\/poudredevies.fr\/#organization"},"potentialAction":[{"@type":"SearchAction","target":{"@type":"EntryPoint","urlTemplate":"https:\/\/poudredevies.fr\/?s={search_term_string}"},"query-input":{"@type":"PropertyValueSpecification","valueRequired":true,"valueName":"search_term_string"}}],"inLanguage":"en-US"},{"@type":"Organization","@id":"https:\/\/poudredevies.fr\/#organization","name":"WordPress","url":"https:\/\/poudredevies.fr\/","logo":{"@type":"ImageObject","inLanguage":"en-US","@id":"https:\/\/poudredevies.fr\/#\/schema\/logo\/image\/","url":"https:\/\/poudredevies.fr\/wp-content\/uploads\/2025\/11\/cropped-LOGO_POUDRE_DE_VIES_2024-1.webp","contentUrl":"https:\/\/poudredevies.fr\/wp-content\/uploads\/2025\/11\/cropped-LOGO_POUDRE_DE_VIES_2024-1.webp","width":810,"height":605,"caption":"WordPress"},"image":{"@id":"https:\/\/poudredevies.fr\/#\/schema\/logo\/image\/"}}]}},"_links":{"self":[{"href":"https:\/\/poudredevies.fr\/index.php?rest_route=\/wp\/v2\/pages\/108","targetHints":{"allow":["GET"]}}],"collection":[{"href":"https:\/\/poudredevies.fr\/index.php?rest_route=\/wp\/v2\/pages"}],"about":[{"href":"https:\/\/poudredevies.fr\/index.php?rest_route=\/wp\/v2\/types\/page"}],"author":[{"embeddable":true,"href":"https:\/\/poudredevies.fr\/index.php?rest_route=\/wp\/v2\/users\/1"}],"replies":[{"embeddable":true,"href":"https:\/\/poudredevies.fr\/index.php?rest_route=%2Fwp%2Fv2%2Fcomments&post=108"}],"version-history":[{"count":13,"href":"https:\/\/poudredevies.fr\/index.php?rest_route=\/wp\/v2\/pages\/108\/revisions"}],"predecessor-version":[{"id":635,"href":"https:\/\/poudredevies.fr\/index.php?rest_route=\/wp\/v2\/pages\/108\/revisions\/635"}],"wp:attachment":[{"href":"https:\/\/poudredevies.fr\/index.php?rest_route=%2Fwp%2Fv2%2Fmedia&parent=108"}],"curies":[{"name":"wp","href":"https:\/\/api.w.org\/{rel}","templated":true}]}}