{"id":114,"date":"2025-11-25T13:16:42","date_gmt":"2025-11-25T13:16:42","guid":{"rendered":"https:\/\/poudredevies.fr\/?page_id=114"},"modified":"2026-02-01T17:30:44","modified_gmt":"2026-02-01T17:30:44","slug":"les-membres-fondateurs","status":"publish","type":"page","link":"https:\/\/poudredevies.fr\/?page_id=114","title":{"rendered":"Les membres fondateurs"},"content":{"rendered":"\t\t<div data-elementor-type=\"wp-page\" data-elementor-id=\"114\" class=\"elementor elementor-114\">\n\t\t\t\t<div class=\"elementor-element elementor-element-81dcfff e-flex e-con-boxed e-con e-parent\" data-id=\"81dcfff\" data-element_type=\"container\">\n\t\t\t\t\t<div class=\"e-con-inner\">\n\t\t\t\t<div class=\"elementor-element elementor-element-3cb8d47 elementor-widget__width-initial elementor-widget elementor-widget-text-editor\" data-id=\"3cb8d47\" data-element_type=\"widget\" data-widget_type=\"text-editor.default\">\n\t\t\t\t\t\t\t\t\t<p>\u00a0<\/p><p><span style=\"font-size: 16px;\">L\u2019association Poudre de Vies a \u00e9t\u00e9 fond\u00e9e par quatre personnes issues \u00e0 la fois de l\u2019histoire familiale du CAFI <\/span><span style=\"font-size: 16px;\">et du monde de la recherche et de la justice.<\/span><\/p>\t\t\t\t\t\t\t\t<\/div>\n\t\t\t\t\t<\/div>\n\t\t\t\t<\/div>\n\t\t<div class=\"elementor-element elementor-element-e419e8e e-flex e-con-boxed e-con e-parent\" data-id=\"e419e8e\" data-element_type=\"container\">\n\t\t\t\t\t<div class=\"e-con-inner\">\n\t\t<div class=\"elementor-element elementor-element-f751797 e-con-full e-flex e-con e-child\" data-id=\"f751797\" data-element_type=\"container\">\n\t\t\t\t<div class=\"elementor-element elementor-element-fb1ed5c elementor-widget elementor-widget-text-editor\" data-id=\"fb1ed5c\" data-element_type=\"widget\" data-widget_type=\"text-editor.default\">\n\t\t\t\t\t\t\t\t\t<h3>Nicolas Revue<\/h3><p data-start=\"313\" data-end=\"508\">Ing\u00e9nieur en travaux publics, issu d\u2019une famille ayant v\u00e9cu au CAFI de Sainte-Livrade-sur-Lot, il est personnellement engag\u00e9 dans la transmission de l\u2019histoire du camp et la m\u00e9moire de ses a\u00een\u00e9s.<\/p><p data-start=\"510\" data-end=\"661\">En 2022, il con\u00e7oit, avec le CEP-CAFI et le sculpteur Fran\u00e7ois Didier, le plan-relief en bronze, \u0153uvre m\u00e9morielle rendant hommage aux familles du CAFI.<\/p>\t\t\t\t\t\t\t\t<\/div>\n\t\t\t\t<\/div>\n\t\t<div class=\"elementor-element elementor-element-db710cf e-con-full e-flex e-con e-child\" data-id=\"db710cf\" data-element_type=\"container\">\n\t\t\t\t<div class=\"elementor-element elementor-element-e56fe0d elementor-widget elementor-widget-text-editor\" data-id=\"e56fe0d\" data-element_type=\"widget\" data-widget_type=\"text-editor.default\">\n\t\t\t\t\t\t\t\t\t<h3><a href=\"https:\/\/poudredevies.fr\/?page_id=410\">P\u00f4leth M. Wadbled<\/a><\/h3><p>Sociologue, sp\u00e9cialiste de l\u2019histoire des migrations en France et dans le Lot-et-Garonne. Elle a accompagn\u00e9<br \/>plusieurs projets mus\u00e9ographiques autour des rapatri\u00e9s d\u2019Indochine et des m\u00e9moires migrantes.<\/p>\t\t\t\t\t\t\t\t<\/div>\n\t\t\t\t<\/div>\n\t\t<div class=\"elementor-element elementor-element-d4a27ae e-con-full e-flex e-con e-child\" data-id=\"d4a27ae\" data-element_type=\"container\">\n\t\t\t\t<div class=\"elementor-element elementor-element-f9b1a20 elementor-widget elementor-widget-text-editor\" data-id=\"f9b1a20\" data-element_type=\"widget\" data-widget_type=\"text-editor.default\">\n\t\t\t\t\t\t\t\t\t<h3>Martine Dournes<\/h3><p>Magistrate aujourd\u2019hui retrait\u00e9e, install\u00e9e \u00e0 Toulouse. Eurasienne, elle est engag\u00e9e de longue date dans les<br \/>questions de justice, de m\u00e9moire et de transmission autour des rapatri\u00e9s d\u2019Indochine.<\/p>\t\t\t\t\t\t\t\t<\/div>\n\t\t\t\t<\/div>\n\t\t<div class=\"elementor-element elementor-element-d183e1b e-con-full e-flex e-con e-child\" data-id=\"d183e1b\" data-element_type=\"container\">\n\t\t\t\t<div class=\"elementor-element elementor-element-20c409a elementor-widget elementor-widget-text-editor\" data-id=\"20c409a\" data-element_type=\"widget\" data-widget_type=\"text-editor.default\">\n\t\t\t\t\t\t\t\t\t<h3><a href=\"https:\/\/poudredevies.fr\/?page_id=390\">Jean-Fran\u00e7ois Klein<\/a><\/h3><p>Professeur des Universit\u00e9s, historien de l\u2019Indochine et des relations internationales contemporaines.<br \/>Il travaille sur les histoires crois\u00e9es de l\u2019Asie, de la France et du monde colonial.<\/p>\t\t\t\t\t\t\t\t<\/div>\n\t\t\t\t<\/div>\n\t\t\t\t\t<\/div>\n\t\t\t\t<\/div>\n\t\t<div class=\"elementor-element elementor-element-13cf49a e-flex e-con-boxed e-con e-parent\" data-id=\"13cf49a\" data-element_type=\"container\">\n\t\t\t\t\t<div class=\"e-con-inner\">\n\t\t\t\t<div class=\"elementor-element elementor-element-83ce9e5 elementor-widget elementor-widget-text-editor\" data-id=\"83ce9e5\" data-element_type=\"widget\" data-widget_type=\"text-editor.default\">\n\t\t\t\t\t\t\t\t\t<h2>Autour de l\u2019association<\/h2><p class=\"section-intro\">Le projet scientifique et culturel de Poudre de Vies s\u2019appuie sur un r\u00e9seau d\u2019historien\u00b7nes, de sociologues, de responsables institutionnels et d\u2019acteurs de la m\u00e9moire.<\/p>\t\t\t\t\t\t\t\t<\/div>\n\t\t\t\t\t<\/div>\n\t\t\t\t<\/div>\n\t\t<div class=\"elementor-element elementor-element-23ca472 e-grid e-con-boxed e-con e-parent\" data-id=\"23ca472\" data-element_type=\"container\">\n\t\t\t\t\t<div class=\"e-con-inner\">\n\t\t\t\t<div class=\"elementor-element elementor-element-a9acd6e elementor-widget elementor-widget-text-editor\" data-id=\"a9acd6e\" data-element_type=\"widget\" data-widget_type=\"text-editor.default\">\n\t\t\t\t\t\t\t\t\t<h3>Historiens et historiennes<\/h3><p>Jean-Fran\u00e7ois Klein, Walter Bruy\u00e8re-Ostells, Yves Denech\u00e8re et d\u2019autres chercheurs apportent leur expertise sur<br \/>l\u2019histoire de l\u2019Indochine, des rapatri\u00e9s, des camps et des politiques migratoires.<\/p>\t\t\t\t\t\t\t\t<\/div>\n\t\t\t\t<div class=\"elementor-element elementor-element-11fb2b9 elementor-widget elementor-widget-text-editor\" data-id=\"11fb2b9\" data-element_type=\"widget\" data-widget_type=\"text-editor.default\">\n\t\t\t\t\t\t\t\t\t<h3>Sociologues et sp\u00e9cialistes des camps<\/h3><p>P\u00f4leth M. Wadbled, Marc Bernardot et d\u2019autres sp\u00e9cialistes des migrations et des dispositifs d\u2019internement<br \/>contribuent \u00e0 la r\u00e9flexion scientifique du projet.<\/p>\t\t\t\t\t\t\t\t<\/div>\n\t\t\t\t<div class=\"elementor-element elementor-element-7cb8259 elementor-widget elementor-widget-text-editor\" data-id=\"7cb8259\" data-element_type=\"widget\" data-widget_type=\"text-editor.default\">\n\t\t\t\t\t\t\t\t\t<h3>Acteurs institutionnels<\/h3><p>Des responsables de l\u2019Office national des combattants et victimes de guerre (ONaCVG) et des services d\u2019archives<br \/>accompagnent le projet dans sa dimension m\u00e9morielle et patrimoniale.<\/p>\t\t\t\t\t\t\t\t<\/div>\n\t\t\t\t\t<\/div>\n\t\t\t\t<\/div>\n\t\t\t\t<\/div>\n\t\t","protected":false},"excerpt":{"rendered":"<p>\u00a0 L\u2019association Poudre de Vies a \u00e9t\u00e9 fond\u00e9e par quatre personnes issues \u00e0 la fois de l\u2019histoire familiale du CAFI [&hellip;]<\/p>\n","protected":false},"author":1,"featured_media":0,"parent":0,"menu_order":0,"comment_status":"closed","ping_status":"closed","template":"","meta":{"site-sidebar-layout":"no-sidebar","site-content-layout":"","ast-site-content-layout":"full-width-container","site-content-style":"default","site-sidebar-style":"default","ast-global-header-display":"","ast-banner-title-visibility":"","ast-main-header-display":"","ast-hfb-above-header-display":"","ast-hfb-below-header-display":"","ast-hfb-mobile-header-display":"","site-post-title":"","ast-breadcrumbs-content":"","ast-featured-img":"disabled","footer-sml-layout":"","theme-transparent-header-meta":"","adv-header-id-meta":"","stick-header-meta":"","header-above-stick-meta":"","header-main-stick-meta":"","header-below-stick-meta":"","astra-migrate-meta-layouts":"default","ast-page-background-enabled":"default","ast-page-background-meta":{"desktop":{"background-color":"var(--ast-global-color-5)","background-image":"","background-repeat":"repeat","background-position":"center center","background-size":"auto","background-attachment":"scroll","background-type":"","background-media":"","overlay-type":"","overlay-color":"","overlay-opacity":"","overlay-gradient":""},"tablet":{"background-color":"","background-image":"","background-repeat":"repeat","background-position":"center center","background-size":"auto","background-attachment":"scroll","background-type":"","background-media":"","overlay-type":"","overlay-color":"","overlay-opacity":"","overlay-gradient":""},"mobile":{"background-color":"","background-image":"","background-repeat":"repeat","background-position":"center center","background-size":"auto","background-attachment":"scroll","background-type":"","background-media":"","overlay-type":"","overlay-color":"","overlay-opacity":"","overlay-gradient":""}},"ast-content-background-meta":{"desktop":{"background-color":"var(--ast-global-color-4)","background-image":"","background-repeat":"repeat","background-position":"center center","background-size":"auto","background-attachment":"scroll","background-type":"","background-media":"","overlay-type":"","overlay-color":"","overlay-opacity":"","overlay-gradient":""},"tablet":{"background-color":"var(--ast-global-color-4)","background-image":"","background-repeat":"repeat","background-position":"center center","background-size":"auto","background-attachment":"scroll","background-type":"","background-media":"","overlay-type":"","overlay-color":"","overlay-opacity":"","overlay-gradient":""},"mobile":{"background-color":"var(--ast-global-color-4)","background-image":"","background-repeat":"repeat","background-position":"center center","background-size":"auto","background-attachment":"scroll","background-type":"","background-media":"","overlay-type":"","overlay-color":"","overlay-opacity":"","overlay-gradient":""}},"footnotes":""},"class_list":["post-114","page","type-page","status-publish","hentry"],"yoast_head":"<!-- This site is optimized with the Yoast SEO plugin v26.4 - https:\/\/yoast.com\/wordpress\/plugins\/seo\/ -->\n<title>Les membres fondateurs -<\/title>\n<meta name=\"robots\" content=\"index, follow, max-snippet:-1, max-image-preview:large, max-video-preview:-1\" \/>\n<link rel=\"canonical\" href=\"https:\/\/poudredevies.fr\/?page_id=114\" \/>\n<meta property=\"og:locale\" content=\"en_US\" \/>\n<meta property=\"og:type\" content=\"article\" \/>\n<meta property=\"og:title\" content=\"Les membres fondateurs -\" \/>\n<meta property=\"og:description\" content=\"\u00a0 L\u2019association Poudre de Vies a \u00e9t\u00e9 fond\u00e9e par quatre personnes issues \u00e0 la fois de l\u2019histoire familiale du CAFI [&hellip;]\" \/>\n<meta property=\"og:url\" content=\"https:\/\/poudredevies.fr\/?page_id=114\" \/>\n<meta property=\"article:modified_time\" content=\"2026-02-01T17:30:44+00:00\" \/>\n<meta name=\"twitter:card\" content=\"summary_large_image\" \/>\n<meta name=\"twitter:label1\" content=\"Est. reading time\" \/>\n\t<meta name=\"twitter:data1\" content=\"2 minutes\" \/>\n<script type=\"application\/ld+json\" class=\"yoast-schema-graph\">{\"@context\":\"https:\/\/schema.org\",\"@graph\":[{\"@type\":\"WebPage\",\"@id\":\"https:\/\/poudredevies.fr\/?page_id=114\",\"url\":\"https:\/\/poudredevies.fr\/?page_id=114\",\"name\":\"Les membres fondateurs -\",\"isPartOf\":{\"@id\":\"https:\/\/poudredevies.fr\/#website\"},\"datePublished\":\"2025-11-25T13:16:42+00:00\",\"dateModified\":\"2026-02-01T17:30:44+00:00\",\"breadcrumb\":{\"@id\":\"https:\/\/poudredevies.fr\/?page_id=114#breadcrumb\"},\"inLanguage\":\"en-US\",\"potentialAction\":[{\"@type\":\"ReadAction\",\"target\":[\"https:\/\/poudredevies.fr\/?page_id=114\"]}]},{\"@type\":\"BreadcrumbList\",\"@id\":\"https:\/\/poudredevies.fr\/?page_id=114#breadcrumb\",\"itemListElement\":[{\"@type\":\"ListItem\",\"position\":1,\"name\":\"Home\",\"item\":\"https:\/\/poudredevies.fr\/\"},{\"@type\":\"ListItem\",\"position\":2,\"name\":\"Les membres fondateurs\"}]},{\"@type\":\"WebSite\",\"@id\":\"https:\/\/poudredevies.fr\/#website\",\"url\":\"https:\/\/poudredevies.fr\/\",\"name\":\"WordPress\",\"description\":\"\",\"publisher\":{\"@id\":\"https:\/\/poudredevies.fr\/#organization\"},\"potentialAction\":[{\"@type\":\"SearchAction\",\"target\":{\"@type\":\"EntryPoint\",\"urlTemplate\":\"https:\/\/poudredevies.fr\/?s={search_term_string}\"},\"query-input\":{\"@type\":\"PropertyValueSpecification\",\"valueRequired\":true,\"valueName\":\"search_term_string\"}}],\"inLanguage\":\"en-US\"},{\"@type\":\"Organization\",\"@id\":\"https:\/\/poudredevies.fr\/#organization\",\"name\":\"WordPress\",\"url\":\"https:\/\/poudredevies.fr\/\",\"logo\":{\"@type\":\"ImageObject\",\"inLanguage\":\"en-US\",\"@id\":\"https:\/\/poudredevies.fr\/#\/schema\/logo\/image\/\",\"url\":\"https:\/\/poudredevies.fr\/wp-content\/uploads\/2025\/11\/cropped-LOGO_POUDRE_DE_VIES_2024-1.webp\",\"contentUrl\":\"https:\/\/poudredevies.fr\/wp-content\/uploads\/2025\/11\/cropped-LOGO_POUDRE_DE_VIES_2024-1.webp\",\"width\":810,\"height\":605,\"caption\":\"WordPress\"},\"image\":{\"@id\":\"https:\/\/poudredevies.fr\/#\/schema\/logo\/image\/\"}}]}<\/script>\n<!-- \/ Yoast SEO plugin. -->","yoast_head_json":{"title":"Les membres fondateurs -","robots":{"index":"index","follow":"follow","max-snippet":"max-snippet:-1","max-image-preview":"max-image-preview:large","max-video-preview":"max-video-preview:-1"},"canonical":"https:\/\/poudredevies.fr\/?page_id=114","og_locale":"en_US","og_type":"article","og_title":"Les membres fondateurs -","og_description":"\u00a0 L\u2019association Poudre de Vies a \u00e9t\u00e9 fond\u00e9e par quatre personnes issues \u00e0 la fois de l\u2019histoire familiale du CAFI [&hellip;]","og_url":"https:\/\/poudredevies.fr\/?page_id=114","article_modified_time":"2026-02-01T17:30:44+00:00","twitter_card":"summary_large_image","twitter_misc":{"Est. reading time":"2 minutes"},"schema":{"@context":"https:\/\/schema.org","@graph":[{"@type":"WebPage","@id":"https:\/\/poudredevies.fr\/?page_id=114","url":"https:\/\/poudredevies.fr\/?page_id=114","name":"Les membres fondateurs -","isPartOf":{"@id":"https:\/\/poudredevies.fr\/#website"},"datePublished":"2025-11-25T13:16:42+00:00","dateModified":"2026-02-01T17:30:44+00:00","breadcrumb":{"@id":"https:\/\/poudredevies.fr\/?page_id=114#breadcrumb"},"inLanguage":"en-US","potentialAction":[{"@type":"ReadAction","target":["https:\/\/poudredevies.fr\/?page_id=114"]}]},{"@type":"BreadcrumbList","@id":"https:\/\/poudredevies.fr\/?page_id=114#breadcrumb","itemListElement":[{"@type":"ListItem","position":1,"name":"Home","item":"https:\/\/poudredevies.fr\/"},{"@type":"ListItem","position":2,"name":"Les membres fondateurs"}]},{"@type":"WebSite","@id":"https:\/\/poudredevies.fr\/#website","url":"https:\/\/poudredevies.fr\/","name":"WordPress","description":"","publisher":{"@id":"https:\/\/poudredevies.fr\/#organization"},"potentialAction":[{"@type":"SearchAction","target":{"@type":"EntryPoint","urlTemplate":"https:\/\/poudredevies.fr\/?s={search_term_string}"},"query-input":{"@type":"PropertyValueSpecification","valueRequired":true,"valueName":"search_term_string"}}],"inLanguage":"en-US"},{"@type":"Organization","@id":"https:\/\/poudredevies.fr\/#organization","name":"WordPress","url":"https:\/\/poudredevies.fr\/","logo":{"@type":"ImageObject","inLanguage":"en-US","@id":"https:\/\/poudredevies.fr\/#\/schema\/logo\/image\/","url":"https:\/\/poudredevies.fr\/wp-content\/uploads\/2025\/11\/cropped-LOGO_POUDRE_DE_VIES_2024-1.webp","contentUrl":"https:\/\/poudredevies.fr\/wp-content\/uploads\/2025\/11\/cropped-LOGO_POUDRE_DE_VIES_2024-1.webp","width":810,"height":605,"caption":"WordPress"},"image":{"@id":"https:\/\/poudredevies.fr\/#\/schema\/logo\/image\/"}}]}},"_links":{"self":[{"href":"https:\/\/poudredevies.fr\/index.php?rest_route=\/wp\/v2\/pages\/114","targetHints":{"allow":["GET"]}}],"collection":[{"href":"https:\/\/poudredevies.fr\/index.php?rest_route=\/wp\/v2\/pages"}],"about":[{"href":"https:\/\/poudredevies.fr\/index.php?rest_route=\/wp\/v2\/types\/page"}],"author":[{"embeddable":true,"href":"https:\/\/poudredevies.fr\/index.php?rest_route=\/wp\/v2\/users\/1"}],"replies":[{"embeddable":true,"href":"https:\/\/poudredevies.fr\/index.php?rest_route=%2Fwp%2Fv2%2Fcomments&post=114"}],"version-history":[{"count":49,"href":"https:\/\/poudredevies.fr\/index.php?rest_route=\/wp\/v2\/pages\/114\/revisions"}],"predecessor-version":[{"id":630,"href":"https:\/\/poudredevies.fr\/index.php?rest_route=\/wp\/v2\/pages\/114\/revisions\/630"}],"wp:attachment":[{"href":"https:\/\/poudredevies.fr\/index.php?rest_route=%2Fwp%2Fv2%2Fmedia&parent=114"}],"curies":[{"name":"wp","href":"https:\/\/api.w.org\/{rel}","templated":true}]}}