{"id":13,"date":"2025-11-24T20:40:49","date_gmt":"2025-11-24T20:40:49","guid":{"rendered":"https:\/\/poudredevies.fr\/?page_id=13"},"modified":"2026-02-01T16:44:06","modified_gmt":"2026-02-01T16:44:06","slug":"lassociation","status":"publish","type":"page","link":"https:\/\/poudredevies.fr\/?page_id=13","title":{"rendered":"L&#8217;association"},"content":{"rendered":"\t\t<div data-elementor-type=\"wp-page\" data-elementor-id=\"13\" class=\"elementor elementor-13\">\n\t\t\t\t<div class=\"elementor-element elementor-element-03d0227 e-flex e-con-boxed e-con e-parent\" data-id=\"03d0227\" data-element_type=\"container\">\n\t\t\t\t\t<div class=\"e-con-inner\">\n\t\t<div class=\"elementor-element elementor-element-d5c4392 e-con-full e-flex e-con e-child\" data-id=\"d5c4392\" data-element_type=\"container\">\n\t\t\t\t<div class=\"elementor-element elementor-element-e394ccf elementor-widget elementor-widget-text-editor\" data-id=\"e394ccf\" data-element_type=\"widget\" data-widget_type=\"text-editor.default\">\n\t\t\t\t\t\t\t\t\t<p><strong><em>Poudre de Vies &#8211; Camp, Exils et M\u00e9moires<\/em><\/strong> rassemble des descendants de rapatri\u00e9s, des historien\u00b7nes, des sociologues et des juristes autour d\u2019un projet commun : faire des baraquements pr\u00e9serv\u00e9s du CAFI un lieu de m\u00e9moire, de recherche et de transmission.<\/p><p>L\u2019association d\u00e9veloppe ses actions en lien avec des partenaires institutionnels, associatifs et scientifiques, engag\u00e9s dans la transmission et la recherche autour des anciens camps en France.<\/p>\t\t\t\t\t\t\t\t<\/div>\n\t\t\t\t<\/div>\n\t\t\t\t\t<\/div>\n\t\t\t\t<\/div>\n\t\t<div class=\"elementor-element elementor-element-853f482 e-flex e-con-boxed e-con e-parent\" data-id=\"853f482\" data-element_type=\"container\">\n\t\t\t\t\t<div class=\"e-con-inner\">\n\t\t\t\t<div class=\"elementor-element elementor-element-00fab99 elementor-widget elementor-widget-image\" data-id=\"00fab99\" data-element_type=\"widget\" data-widget_type=\"image.default\">\n\t\t\t\t\t\t\t\t\t\t\t\t\t\t\t<img fetchpriority=\"high\" decoding=\"async\" width=\"768\" height=\"472\" src=\"https:\/\/poudredevies.fr\/wp-content\/uploads\/2025\/11\/42bis_camp_steLivrade_aerien-optimise_imgupscaler.ai_Nettete_4K-768x472.webp\" class=\"attachment-medium_large size-medium_large wp-image-218\" alt=\"\" srcset=\"https:\/\/poudredevies.fr\/wp-content\/uploads\/2025\/11\/42bis_camp_steLivrade_aerien-optimise_imgupscaler.ai_Nettete_4K-768x472.webp 768w, https:\/\/poudredevies.fr\/wp-content\/uploads\/2025\/11\/42bis_camp_steLivrade_aerien-optimise_imgupscaler.ai_Nettete_4K-300x184.webp 300w, https:\/\/poudredevies.fr\/wp-content\/uploads\/2025\/11\/42bis_camp_steLivrade_aerien-optimise_imgupscaler.ai_Nettete_4K-1024x629.webp 1024w, https:\/\/poudredevies.fr\/wp-content\/uploads\/2025\/11\/42bis_camp_steLivrade_aerien-optimise_imgupscaler.ai_Nettete_4K-1536x943.webp 1536w, https:\/\/poudredevies.fr\/wp-content\/uploads\/2025\/11\/42bis_camp_steLivrade_aerien-optimise_imgupscaler.ai_Nettete_4K-scaled.webp 1920w\" sizes=\"(max-width: 768px) 100vw, 768px\" \/>\t\t\t\t\t\t\t\t\t\t\t\t\t\t\t<\/div>\n\t\t\t\t\t<\/div>\n\t\t\t\t<\/div>\n\t\t<div class=\"elementor-element elementor-element-8d2e32e e-flex e-con-boxed e-con e-parent\" data-id=\"8d2e32e\" data-element_type=\"container\">\n\t\t\t\t\t<div class=\"e-con-inner\">\n\t\t\t\t<div class=\"elementor-element elementor-element-c1dfa40 elementor-widget elementor-widget-text-editor\" data-id=\"c1dfa40\" data-element_type=\"widget\" data-widget_type=\"text-editor.default\">\n\t\t\t\t\t\t\t\t\t<h1>Poudre de vies, c&#8217;est aussi:\u00a0<\/h1><p><strong>M\u00e9moire et t\u00e9moignages:<\/strong><\/p><p>Collecte et valorisation de t\u00e9moignages li\u00e9s aux anciens camps, en collaboration avec les familles, les associations locales et les acteurs institutionnels. <br \/>Ce travail contribue \u00e0 pr\u00e9server des r\u00e9cits de vie et \u00e0 documenter les exp\u00e9riences d\u2019exil et de relogement.<\/p><p><strong>Projets culturels et p\u00e9dagogiques:<\/strong><\/p><p>Conception d\u2019actions de m\u00e9diation, d\u2019outils p\u00e9dagogiques et de supports d\u2019exposition autour de l\u2019histoire des camps et des parcours de reconstruction. <br \/>Ces projets sont d\u00e9velopp\u00e9s en partenariat avec des structures \u00e9ducatives, m\u00e9morielles et scientifiques.<\/p><p><strong>Mise en valeur de sites et archives:<\/strong><\/p><p>Participation \u00e0 des initiatives locales de mise en m\u00e9moire, incluant la recherche documentaire, la collecte iconographique et la contribution \u00e0 des projets de territoire li\u00e9s aux anciens sites de camp.<\/p>\t\t\t\t\t\t\t\t<\/div>\n\t\t\t\t\t<\/div>\n\t\t\t\t<\/div>\n\t\t\t\t<\/div>\n\t\t","protected":false},"excerpt":{"rendered":"<p>Poudre de Vies &#8211; Camp, Exils et M\u00e9moires rassemble des descendants de rapatri\u00e9s, des historien\u00b7nes, des sociologues et des juristes [&hellip;]<\/p>\n","protected":false},"author":1,"featured_media":0,"parent":0,"menu_order":0,"comment_status":"closed","ping_status":"closed","template":"","meta":{"site-sidebar-layout":"no-sidebar","site-content-layout":"","ast-site-content-layout":"full-width-container","site-content-style":"default","site-sidebar-style":"default","ast-global-header-display":"","ast-banner-title-visibility":"","ast-main-header-display":"","ast-hfb-above-header-display":"","ast-hfb-below-header-display":"","ast-hfb-mobile-header-display":"","site-post-title":"","ast-breadcrumbs-content":"","ast-featured-img":"disabled","footer-sml-layout":"","theme-transparent-header-meta":"","adv-header-id-meta":"","stick-header-meta":"","header-above-stick-meta":"","header-main-stick-meta":"","header-below-stick-meta":"","astra-migrate-meta-layouts":"default","ast-page-background-enabled":"default","ast-page-background-meta":{"desktop":{"background-color":"var(--ast-global-color-5)","background-image":"","background-repeat":"repeat","background-position":"center center","background-size":"auto","background-attachment":"scroll","background-type":"","background-media":"","overlay-type":"","overlay-color":"","overlay-opacity":"","overlay-gradient":""},"tablet":{"background-color":"","background-image":"","background-repeat":"repeat","background-position":"center center","background-size":"auto","background-attachment":"scroll","background-type":"","background-media":"","overlay-type":"","overlay-color":"","overlay-opacity":"","overlay-gradient":""},"mobile":{"background-color":"","background-image":"","background-repeat":"repeat","background-position":"center center","background-size":"auto","background-attachment":"scroll","background-type":"","background-media":"","overlay-type":"","overlay-color":"","overlay-opacity":"","overlay-gradient":""}},"ast-content-background-meta":{"desktop":{"background-color":"var(--ast-global-color-4)","background-image":"","background-repeat":"repeat","background-position":"center center","background-size":"auto","background-attachment":"scroll","background-type":"","background-media":"","overlay-type":"","overlay-color":"","overlay-opacity":"","overlay-gradient":""},"tablet":{"background-color":"var(--ast-global-color-4)","background-image":"","background-repeat":"repeat","background-position":"center center","background-size":"auto","background-attachment":"scroll","background-type":"","background-media":"","overlay-type":"","overlay-color":"","overlay-opacity":"","overlay-gradient":""},"mobile":{"background-color":"var(--ast-global-color-4)","background-image":"","background-repeat":"repeat","background-position":"center center","background-size":"auto","background-attachment":"scroll","background-type":"","background-media":"","overlay-type":"","overlay-color":"","overlay-opacity":"","overlay-gradient":""}},"footnotes":""},"class_list":["post-13","page","type-page","status-publish","hentry"],"yoast_head":"<!-- This site is optimized with the Yoast SEO plugin v26.4 - https:\/\/yoast.com\/wordpress\/plugins\/seo\/ -->\n<title>L&#039;association -<\/title>\n<meta name=\"robots\" content=\"index, follow, max-snippet:-1, max-image-preview:large, max-video-preview:-1\" \/>\n<link rel=\"canonical\" href=\"https:\/\/poudredevies.fr\/?page_id=13\" \/>\n<meta property=\"og:locale\" content=\"en_US\" \/>\n<meta property=\"og:type\" content=\"article\" \/>\n<meta property=\"og:title\" content=\"L&#039;association -\" \/>\n<meta property=\"og:description\" content=\"Poudre de Vies &#8211; Camp, Exils et M\u00e9moires rassemble des descendants de rapatri\u00e9s, des historien\u00b7nes, des sociologues et des juristes [&hellip;]\" \/>\n<meta property=\"og:url\" content=\"https:\/\/poudredevies.fr\/?page_id=13\" \/>\n<meta property=\"article:modified_time\" content=\"2026-02-01T16:44:06+00:00\" \/>\n<meta property=\"og:image\" content=\"https:\/\/poudredevies.fr\/wp-content\/uploads\/2025\/11\/42bis_camp_steLivrade_aerien-optimise_imgupscaler.ai_Nettete_4K-scaled.webp\" \/>\n\t<meta property=\"og:image:width\" content=\"1920\" \/>\n\t<meta property=\"og:image:height\" content=\"1179\" \/>\n\t<meta property=\"og:image:type\" content=\"image\/webp\" \/>\n<meta name=\"twitter:card\" content=\"summary_large_image\" \/>\n<meta name=\"twitter:label1\" content=\"Est. reading time\" \/>\n\t<meta name=\"twitter:data1\" content=\"1 minute\" \/>\n<script type=\"application\/ld+json\" class=\"yoast-schema-graph\">{\"@context\":\"https:\/\/schema.org\",\"@graph\":[{\"@type\":\"WebPage\",\"@id\":\"https:\/\/poudredevies.fr\/?page_id=13\",\"url\":\"https:\/\/poudredevies.fr\/?page_id=13\",\"name\":\"L'association -\",\"isPartOf\":{\"@id\":\"https:\/\/poudredevies.fr\/#website\"},\"primaryImageOfPage\":{\"@id\":\"https:\/\/poudredevies.fr\/?page_id=13#primaryimage\"},\"image\":{\"@id\":\"https:\/\/poudredevies.fr\/?page_id=13#primaryimage\"},\"thumbnailUrl\":\"https:\/\/poudredevies.fr\/wp-content\/uploads\/2025\/11\/42bis_camp_steLivrade_aerien-optimise_imgupscaler.ai_Nettete_4K-768x472.webp\",\"datePublished\":\"2025-11-24T20:40:49+00:00\",\"dateModified\":\"2026-02-01T16:44:06+00:00\",\"breadcrumb\":{\"@id\":\"https:\/\/poudredevies.fr\/?page_id=13#breadcrumb\"},\"inLanguage\":\"en-US\",\"potentialAction\":[{\"@type\":\"ReadAction\",\"target\":[\"https:\/\/poudredevies.fr\/?page_id=13\"]}]},{\"@type\":\"ImageObject\",\"inLanguage\":\"en-US\",\"@id\":\"https:\/\/poudredevies.fr\/?page_id=13#primaryimage\",\"url\":\"https:\/\/poudredevies.fr\/wp-content\/uploads\/2025\/11\/42bis_camp_steLivrade_aerien-optimise_imgupscaler.ai_Nettete_4K-scaled.webp\",\"contentUrl\":\"https:\/\/poudredevies.fr\/wp-content\/uploads\/2025\/11\/42bis_camp_steLivrade_aerien-optimise_imgupscaler.ai_Nettete_4K-scaled.webp\",\"width\":1920,\"height\":1179},{\"@type\":\"BreadcrumbList\",\"@id\":\"https:\/\/poudredevies.fr\/?page_id=13#breadcrumb\",\"itemListElement\":[{\"@type\":\"ListItem\",\"position\":1,\"name\":\"Home\",\"item\":\"https:\/\/poudredevies.fr\/\"},{\"@type\":\"ListItem\",\"position\":2,\"name\":\"L&#8217;association\"}]},{\"@type\":\"WebSite\",\"@id\":\"https:\/\/poudredevies.fr\/#website\",\"url\":\"https:\/\/poudredevies.fr\/\",\"name\":\"WordPress\",\"description\":\"\",\"publisher\":{\"@id\":\"https:\/\/poudredevies.fr\/#organization\"},\"potentialAction\":[{\"@type\":\"SearchAction\",\"target\":{\"@type\":\"EntryPoint\",\"urlTemplate\":\"https:\/\/poudredevies.fr\/?s={search_term_string}\"},\"query-input\":{\"@type\":\"PropertyValueSpecification\",\"valueRequired\":true,\"valueName\":\"search_term_string\"}}],\"inLanguage\":\"en-US\"},{\"@type\":\"Organization\",\"@id\":\"https:\/\/poudredevies.fr\/#organization\",\"name\":\"WordPress\",\"url\":\"https:\/\/poudredevies.fr\/\",\"logo\":{\"@type\":\"ImageObject\",\"inLanguage\":\"en-US\",\"@id\":\"https:\/\/poudredevies.fr\/#\/schema\/logo\/image\/\",\"url\":\"https:\/\/poudredevies.fr\/wp-content\/uploads\/2025\/11\/cropped-LOGO_POUDRE_DE_VIES_2024-1.webp\",\"contentUrl\":\"https:\/\/poudredevies.fr\/wp-content\/uploads\/2025\/11\/cropped-LOGO_POUDRE_DE_VIES_2024-1.webp\",\"width\":810,\"height\":605,\"caption\":\"WordPress\"},\"image\":{\"@id\":\"https:\/\/poudredevies.fr\/#\/schema\/logo\/image\/\"}}]}<\/script>\n<!-- \/ Yoast SEO plugin. -->","yoast_head_json":{"title":"L'association -","robots":{"index":"index","follow":"follow","max-snippet":"max-snippet:-1","max-image-preview":"max-image-preview:large","max-video-preview":"max-video-preview:-1"},"canonical":"https:\/\/poudredevies.fr\/?page_id=13","og_locale":"en_US","og_type":"article","og_title":"L'association -","og_description":"Poudre de Vies &#8211; Camp, Exils et M\u00e9moires rassemble des descendants de rapatri\u00e9s, des historien\u00b7nes, des sociologues et des juristes [&hellip;]","og_url":"https:\/\/poudredevies.fr\/?page_id=13","article_modified_time":"2026-02-01T16:44:06+00:00","og_image":[{"width":1920,"height":1179,"url":"https:\/\/poudredevies.fr\/wp-content\/uploads\/2025\/11\/42bis_camp_steLivrade_aerien-optimise_imgupscaler.ai_Nettete_4K-scaled.webp","type":"image\/webp"}],"twitter_card":"summary_large_image","twitter_misc":{"Est. reading time":"1 minute"},"schema":{"@context":"https:\/\/schema.org","@graph":[{"@type":"WebPage","@id":"https:\/\/poudredevies.fr\/?page_id=13","url":"https:\/\/poudredevies.fr\/?page_id=13","name":"L'association -","isPartOf":{"@id":"https:\/\/poudredevies.fr\/#website"},"primaryImageOfPage":{"@id":"https:\/\/poudredevies.fr\/?page_id=13#primaryimage"},"image":{"@id":"https:\/\/poudredevies.fr\/?page_id=13#primaryimage"},"thumbnailUrl":"https:\/\/poudredevies.fr\/wp-content\/uploads\/2025\/11\/42bis_camp_steLivrade_aerien-optimise_imgupscaler.ai_Nettete_4K-768x472.webp","datePublished":"2025-11-24T20:40:49+00:00","dateModified":"2026-02-01T16:44:06+00:00","breadcrumb":{"@id":"https:\/\/poudredevies.fr\/?page_id=13#breadcrumb"},"inLanguage":"en-US","potentialAction":[{"@type":"ReadAction","target":["https:\/\/poudredevies.fr\/?page_id=13"]}]},{"@type":"ImageObject","inLanguage":"en-US","@id":"https:\/\/poudredevies.fr\/?page_id=13#primaryimage","url":"https:\/\/poudredevies.fr\/wp-content\/uploads\/2025\/11\/42bis_camp_steLivrade_aerien-optimise_imgupscaler.ai_Nettete_4K-scaled.webp","contentUrl":"https:\/\/poudredevies.fr\/wp-content\/uploads\/2025\/11\/42bis_camp_steLivrade_aerien-optimise_imgupscaler.ai_Nettete_4K-scaled.webp","width":1920,"height":1179},{"@type":"BreadcrumbList","@id":"https:\/\/poudredevies.fr\/?page_id=13#breadcrumb","itemListElement":[{"@type":"ListItem","position":1,"name":"Home","item":"https:\/\/poudredevies.fr\/"},{"@type":"ListItem","position":2,"name":"L&#8217;association"}]},{"@type":"WebSite","@id":"https:\/\/poudredevies.fr\/#website","url":"https:\/\/poudredevies.fr\/","name":"WordPress","description":"","publisher":{"@id":"https:\/\/poudredevies.fr\/#organization"},"potentialAction":[{"@type":"SearchAction","target":{"@type":"EntryPoint","urlTemplate":"https:\/\/poudredevies.fr\/?s={search_term_string}"},"query-input":{"@type":"PropertyValueSpecification","valueRequired":true,"valueName":"search_term_string"}}],"inLanguage":"en-US"},{"@type":"Organization","@id":"https:\/\/poudredevies.fr\/#organization","name":"WordPress","url":"https:\/\/poudredevies.fr\/","logo":{"@type":"ImageObject","inLanguage":"en-US","@id":"https:\/\/poudredevies.fr\/#\/schema\/logo\/image\/","url":"https:\/\/poudredevies.fr\/wp-content\/uploads\/2025\/11\/cropped-LOGO_POUDRE_DE_VIES_2024-1.webp","contentUrl":"https:\/\/poudredevies.fr\/wp-content\/uploads\/2025\/11\/cropped-LOGO_POUDRE_DE_VIES_2024-1.webp","width":810,"height":605,"caption":"WordPress"},"image":{"@id":"https:\/\/poudredevies.fr\/#\/schema\/logo\/image\/"}}]}},"_links":{"self":[{"href":"https:\/\/poudredevies.fr\/index.php?rest_route=\/wp\/v2\/pages\/13","targetHints":{"allow":["GET"]}}],"collection":[{"href":"https:\/\/poudredevies.fr\/index.php?rest_route=\/wp\/v2\/pages"}],"about":[{"href":"https:\/\/poudredevies.fr\/index.php?rest_route=\/wp\/v2\/types\/page"}],"author":[{"embeddable":true,"href":"https:\/\/poudredevies.fr\/index.php?rest_route=\/wp\/v2\/users\/1"}],"replies":[{"embeddable":true,"href":"https:\/\/poudredevies.fr\/index.php?rest_route=%2Fwp%2Fv2%2Fcomments&post=13"}],"version-history":[{"count":55,"href":"https:\/\/poudredevies.fr\/index.php?rest_route=\/wp\/v2\/pages\/13\/revisions"}],"predecessor-version":[{"id":619,"href":"https:\/\/poudredevies.fr\/index.php?rest_route=\/wp\/v2\/pages\/13\/revisions\/619"}],"wp:attachment":[{"href":"https:\/\/poudredevies.fr\/index.php?rest_route=%2Fwp%2Fv2%2Fmedia&parent=13"}],"curies":[{"name":"wp","href":"https:\/\/api.w.org\/{rel}","templated":true}]}}