{"id":16,"date":"2025-11-24T20:41:21","date_gmt":"2025-11-24T20:41:21","guid":{"rendered":"https:\/\/poudredevies.fr\/?page_id=16"},"modified":"2026-01-31T14:52:34","modified_gmt":"2026-01-31T14:52:34","slug":"le-cafi","status":"publish","type":"page","link":"https:\/\/poudredevies.fr\/?page_id=16","title":{"rendered":"Le CAFI"},"content":{"rendered":"\t\t<div data-elementor-type=\"wp-page\" data-elementor-id=\"16\" class=\"elementor elementor-16\">\n\t\t\t\t<div class=\"elementor-element elementor-element-b537158 e-flex e-con-boxed e-con e-parent\" data-id=\"b537158\" data-element_type=\"container\">\n\t\t\t\t\t<div class=\"e-con-inner\">\n\t\t<div class=\"elementor-element elementor-element-79eee63 e-con-full e-flex e-con e-child\" data-id=\"79eee63\" data-element_type=\"container\">\n\t\t\t\t<div class=\"elementor-element elementor-element-e5e7258 elementor-widget elementor-widget-heading\" data-id=\"e5e7258\" data-element_type=\"widget\" data-widget_type=\"heading.default\">\n\t\t\t\t\t<h2 class=\"elementor-heading-title elementor-size-default\">Le CAFI \u2014 Rep\u00e8res historiques\n<\/h2>\t\t\t\t<\/div>\n\t\t\t\t<\/div>\n\t\t\t\t\t<\/div>\n\t\t\t\t<\/div>\n\t\t<div class=\"elementor-element elementor-element-a0be877 e-flex e-con-boxed e-con e-parent\" data-id=\"a0be877\" data-element_type=\"container\">\n\t\t\t\t\t<div class=\"e-con-inner\">\n\t\t<div class=\"elementor-element elementor-element-09f70a2 e-con-full e-flex e-con e-child\" data-id=\"09f70a2\" data-element_type=\"container\">\n\t\t\t\t<div class=\"elementor-element elementor-element-0395925 elementor-widget elementor-widget-text-editor\" data-id=\"0395925\" data-element_type=\"widget\" data-widget_type=\"text-editor.default\">\n\t\t\t\t\t\t\t\t\t<p>Le Centre d\u2019Accueil des Fran\u00e7ais d\u2019Indochine (CAFI) est cr\u00e9\u00e9 en 1956 sur l\u2019ancien site de la poudrerie nationale de Sainte-Livrade-sur-Lot, afin d\u2019h\u00e9berger des familles rapatri\u00e9es d\u2019Indochine dans un contexte d\u2019urgence. <br \/>Le camp, compos\u00e9 de b\u00e2timents pr\u00e9existants et de structures provisoires, accueille plusieurs centaines de personnes pendant plusieurs d\u00e9cennies. <br \/>Au fil du temps, le CAFI \u00e9volue : fermeture progressive des \u00e9quipements collectifs, transformations des logements, puis r\u00e9habilitation du site \u00e0 partir des ann\u00e9es 2000, avec le relogement des habitants et la reconversion partielle de la zone.<\/p><p>1956 \u2014 Cr\u00e9ation du CAFI<br \/>1960-1980 \u2014 Vie du camp et transformations successives<br \/>2007 \u2014 D\u00e9but de la r\u00e9habilitation<br \/>2015 \u2014 Relogement final des familles<\/p>\t\t\t\t\t\t\t\t<\/div>\n\t\t\t\t<\/div>\n\t\t\t\t\t<\/div>\n\t\t\t\t<\/div>\n\t\t<div class=\"elementor-element elementor-element-b611fb0 e-flex e-con-boxed e-con e-parent\" data-id=\"b611fb0\" data-element_type=\"container\">\n\t\t\t\t\t<div class=\"e-con-inner\">\n\t\t\t\t<div class=\"elementor-element elementor-element-51cea5c elementor-widget elementor-widget-image\" data-id=\"51cea5c\" data-element_type=\"widget\" data-widget_type=\"image.default\">\n\t\t\t\t\t\t\t\t\t\t\t\t\t\t\t<img fetchpriority=\"high\" decoding=\"async\" width=\"1024\" height=\"496\" src=\"https:\/\/poudredevies.fr\/wp-content\/uploads\/2026\/01\/Vue-aerienne-du-CAFI-avec-tous-les-batiments-1024x496.webp\" class=\"attachment-large size-large wp-image-516\" alt=\"\" srcset=\"https:\/\/poudredevies.fr\/wp-content\/uploads\/2026\/01\/Vue-aerienne-du-CAFI-avec-tous-les-batiments-1024x496.webp 1024w, https:\/\/poudredevies.fr\/wp-content\/uploads\/2026\/01\/Vue-aerienne-du-CAFI-avec-tous-les-batiments-300x145.webp 300w, https:\/\/poudredevies.fr\/wp-content\/uploads\/2026\/01\/Vue-aerienne-du-CAFI-avec-tous-les-batiments-768x372.jpg 768w, https:\/\/poudredevies.fr\/wp-content\/uploads\/2026\/01\/Vue-aerienne-du-CAFI-avec-tous-les-batiments-1536x744.jpg 1536w, https:\/\/poudredevies.fr\/wp-content\/uploads\/2026\/01\/Vue-aerienne-du-CAFI-avec-tous-les-batiments.webp 1920w\" sizes=\"(max-width: 1024px) 100vw, 1024px\" \/>\t\t\t\t\t\t\t\t\t\t\t\t\t\t\t<\/div>\n\t\t\t\t\t<\/div>\n\t\t\t\t<\/div>\n\t\t\t\t<\/div>\n\t\t","protected":false},"excerpt":{"rendered":"<p>Le CAFI \u2014 Rep\u00e8res historiques Le Centre d\u2019Accueil des Fran\u00e7ais d\u2019Indochine (CAFI) est cr\u00e9\u00e9 en 1956 sur l\u2019ancien site de [&hellip;]<\/p>\n","protected":false},"author":1,"featured_media":0,"parent":0,"menu_order":0,"comment_status":"closed","ping_status":"closed","template":"","meta":{"site-sidebar-layout":"no-sidebar","site-content-layout":"","ast-site-content-layout":"full-width-container","site-content-style":"default","site-sidebar-style":"default","ast-global-header-display":"","ast-banner-title-visibility":"","ast-main-header-display":"","ast-hfb-above-header-display":"","ast-hfb-below-header-display":"","ast-hfb-mobile-header-display":"","site-post-title":"","ast-breadcrumbs-content":"","ast-featured-img":"disabled","footer-sml-layout":"","theme-transparent-header-meta":"","adv-header-id-meta":"","stick-header-meta":"","header-above-stick-meta":"","header-main-stick-meta":"","header-below-stick-meta":"","astra-migrate-meta-layouts":"default","ast-page-background-enabled":"default","ast-page-background-meta":{"desktop":{"background-color":"var(--ast-global-color-5)","background-image":"","background-repeat":"repeat","background-position":"center center","background-size":"auto","background-attachment":"scroll","background-type":"","background-media":"","overlay-type":"","overlay-color":"","overlay-opacity":"","overlay-gradient":""},"tablet":{"background-color":"","background-image":"","background-repeat":"repeat","background-position":"center center","background-size":"auto","background-attachment":"scroll","background-type":"","background-media":"","overlay-type":"","overlay-color":"","overlay-opacity":"","overlay-gradient":""},"mobile":{"background-color":"","background-image":"","background-repeat":"repeat","background-position":"center center","background-size":"auto","background-attachment":"scroll","background-type":"","background-media":"","overlay-type":"","overlay-color":"","overlay-opacity":"","overlay-gradient":""}},"ast-content-background-meta":{"desktop":{"background-color":"var(--ast-global-color-4)","background-image":"","background-repeat":"repeat","background-position":"center center","background-size":"auto","background-attachment":"scroll","background-type":"","background-media":"","overlay-type":"","overlay-color":"","overlay-opacity":"","overlay-gradient":""},"tablet":{"background-color":"var(--ast-global-color-4)","background-image":"","background-repeat":"repeat","background-position":"center center","background-size":"auto","background-attachment":"scroll","background-type":"","background-media":"","overlay-type":"","overlay-color":"","overlay-opacity":"","overlay-gradient":""},"mobile":{"background-color":"var(--ast-global-color-4)","background-image":"","background-repeat":"repeat","background-position":"center center","background-size":"auto","background-attachment":"scroll","background-type":"","background-media":"","overlay-type":"","overlay-color":"","overlay-opacity":"","overlay-gradient":""}},"footnotes":""},"class_list":["post-16","page","type-page","status-publish","hentry"],"yoast_head":"<!-- This site is optimized with the Yoast SEO plugin v26.4 - https:\/\/yoast.com\/wordpress\/plugins\/seo\/ -->\n<title>Le CAFI -<\/title>\n<meta name=\"robots\" content=\"index, follow, max-snippet:-1, max-image-preview:large, max-video-preview:-1\" \/>\n<link rel=\"canonical\" href=\"https:\/\/poudredevies.fr\/?page_id=16\" \/>\n<meta property=\"og:locale\" content=\"en_US\" \/>\n<meta property=\"og:type\" content=\"article\" \/>\n<meta property=\"og:title\" content=\"Le CAFI -\" \/>\n<meta property=\"og:description\" content=\"Le CAFI \u2014 Rep\u00e8res historiques Le Centre d\u2019Accueil des Fran\u00e7ais d\u2019Indochine (CAFI) est cr\u00e9\u00e9 en 1956 sur l\u2019ancien site de [&hellip;]\" \/>\n<meta property=\"og:url\" content=\"https:\/\/poudredevies.fr\/?page_id=16\" \/>\n<meta property=\"article:modified_time\" content=\"2026-01-31T14:52:34+00:00\" \/>\n<meta property=\"og:image\" content=\"https:\/\/poudredevies.fr\/wp-content\/uploads\/2026\/01\/Vue-aerienne-du-CAFI-avec-tous-les-batiments-1024x496.webp\" \/>\n<meta name=\"twitter:card\" content=\"summary_large_image\" \/>\n<meta name=\"twitter:label1\" content=\"Est. reading time\" \/>\n\t<meta name=\"twitter:data1\" content=\"1 minute\" \/>\n<script type=\"application\/ld+json\" class=\"yoast-schema-graph\">{\"@context\":\"https:\/\/schema.org\",\"@graph\":[{\"@type\":\"WebPage\",\"@id\":\"https:\/\/poudredevies.fr\/?page_id=16\",\"url\":\"https:\/\/poudredevies.fr\/?page_id=16\",\"name\":\"Le CAFI -\",\"isPartOf\":{\"@id\":\"https:\/\/poudredevies.fr\/#website\"},\"primaryImageOfPage\":{\"@id\":\"https:\/\/poudredevies.fr\/?page_id=16#primaryimage\"},\"image\":{\"@id\":\"https:\/\/poudredevies.fr\/?page_id=16#primaryimage\"},\"thumbnailUrl\":\"https:\/\/poudredevies.fr\/wp-content\/uploads\/2026\/01\/Vue-aerienne-du-CAFI-avec-tous-les-batiments-1024x496.webp\",\"datePublished\":\"2025-11-24T20:41:21+00:00\",\"dateModified\":\"2026-01-31T14:52:34+00:00\",\"breadcrumb\":{\"@id\":\"https:\/\/poudredevies.fr\/?page_id=16#breadcrumb\"},\"inLanguage\":\"en-US\",\"potentialAction\":[{\"@type\":\"ReadAction\",\"target\":[\"https:\/\/poudredevies.fr\/?page_id=16\"]}]},{\"@type\":\"ImageObject\",\"inLanguage\":\"en-US\",\"@id\":\"https:\/\/poudredevies.fr\/?page_id=16#primaryimage\",\"url\":\"https:\/\/poudredevies.fr\/wp-content\/uploads\/2026\/01\/Vue-aerienne-du-CAFI-avec-tous-les-batiments-1024x496.webp\",\"contentUrl\":\"https:\/\/poudredevies.fr\/wp-content\/uploads\/2026\/01\/Vue-aerienne-du-CAFI-avec-tous-les-batiments-1024x496.webp\"},{\"@type\":\"BreadcrumbList\",\"@id\":\"https:\/\/poudredevies.fr\/?page_id=16#breadcrumb\",\"itemListElement\":[{\"@type\":\"ListItem\",\"position\":1,\"name\":\"Home\",\"item\":\"https:\/\/poudredevies.fr\/\"},{\"@type\":\"ListItem\",\"position\":2,\"name\":\"Le CAFI\"}]},{\"@type\":\"WebSite\",\"@id\":\"https:\/\/poudredevies.fr\/#website\",\"url\":\"https:\/\/poudredevies.fr\/\",\"name\":\"WordPress\",\"description\":\"\",\"publisher\":{\"@id\":\"https:\/\/poudredevies.fr\/#organization\"},\"potentialAction\":[{\"@type\":\"SearchAction\",\"target\":{\"@type\":\"EntryPoint\",\"urlTemplate\":\"https:\/\/poudredevies.fr\/?s={search_term_string}\"},\"query-input\":{\"@type\":\"PropertyValueSpecification\",\"valueRequired\":true,\"valueName\":\"search_term_string\"}}],\"inLanguage\":\"en-US\"},{\"@type\":\"Organization\",\"@id\":\"https:\/\/poudredevies.fr\/#organization\",\"name\":\"WordPress\",\"url\":\"https:\/\/poudredevies.fr\/\",\"logo\":{\"@type\":\"ImageObject\",\"inLanguage\":\"en-US\",\"@id\":\"https:\/\/poudredevies.fr\/#\/schema\/logo\/image\/\",\"url\":\"https:\/\/poudredevies.fr\/wp-content\/uploads\/2025\/11\/cropped-LOGO_POUDRE_DE_VIES_2024-1.webp\",\"contentUrl\":\"https:\/\/poudredevies.fr\/wp-content\/uploads\/2025\/11\/cropped-LOGO_POUDRE_DE_VIES_2024-1.webp\",\"width\":810,\"height\":605,\"caption\":\"WordPress\"},\"image\":{\"@id\":\"https:\/\/poudredevies.fr\/#\/schema\/logo\/image\/\"}}]}<\/script>\n<!-- \/ Yoast SEO plugin. -->","yoast_head_json":{"title":"Le CAFI -","robots":{"index":"index","follow":"follow","max-snippet":"max-snippet:-1","max-image-preview":"max-image-preview:large","max-video-preview":"max-video-preview:-1"},"canonical":"https:\/\/poudredevies.fr\/?page_id=16","og_locale":"en_US","og_type":"article","og_title":"Le CAFI -","og_description":"Le CAFI \u2014 Rep\u00e8res historiques Le Centre d\u2019Accueil des Fran\u00e7ais d\u2019Indochine (CAFI) est cr\u00e9\u00e9 en 1956 sur l\u2019ancien site de [&hellip;]","og_url":"https:\/\/poudredevies.fr\/?page_id=16","article_modified_time":"2026-01-31T14:52:34+00:00","og_image":[{"url":"https:\/\/poudredevies.fr\/wp-content\/uploads\/2026\/01\/Vue-aerienne-du-CAFI-avec-tous-les-batiments-1024x496.webp","type":"","width":"","height":""}],"twitter_card":"summary_large_image","twitter_misc":{"Est. reading time":"1 minute"},"schema":{"@context":"https:\/\/schema.org","@graph":[{"@type":"WebPage","@id":"https:\/\/poudredevies.fr\/?page_id=16","url":"https:\/\/poudredevies.fr\/?page_id=16","name":"Le CAFI -","isPartOf":{"@id":"https:\/\/poudredevies.fr\/#website"},"primaryImageOfPage":{"@id":"https:\/\/poudredevies.fr\/?page_id=16#primaryimage"},"image":{"@id":"https:\/\/poudredevies.fr\/?page_id=16#primaryimage"},"thumbnailUrl":"https:\/\/poudredevies.fr\/wp-content\/uploads\/2026\/01\/Vue-aerienne-du-CAFI-avec-tous-les-batiments-1024x496.webp","datePublished":"2025-11-24T20:41:21+00:00","dateModified":"2026-01-31T14:52:34+00:00","breadcrumb":{"@id":"https:\/\/poudredevies.fr\/?page_id=16#breadcrumb"},"inLanguage":"en-US","potentialAction":[{"@type":"ReadAction","target":["https:\/\/poudredevies.fr\/?page_id=16"]}]},{"@type":"ImageObject","inLanguage":"en-US","@id":"https:\/\/poudredevies.fr\/?page_id=16#primaryimage","url":"https:\/\/poudredevies.fr\/wp-content\/uploads\/2026\/01\/Vue-aerienne-du-CAFI-avec-tous-les-batiments-1024x496.webp","contentUrl":"https:\/\/poudredevies.fr\/wp-content\/uploads\/2026\/01\/Vue-aerienne-du-CAFI-avec-tous-les-batiments-1024x496.webp"},{"@type":"BreadcrumbList","@id":"https:\/\/poudredevies.fr\/?page_id=16#breadcrumb","itemListElement":[{"@type":"ListItem","position":1,"name":"Home","item":"https:\/\/poudredevies.fr\/"},{"@type":"ListItem","position":2,"name":"Le CAFI"}]},{"@type":"WebSite","@id":"https:\/\/poudredevies.fr\/#website","url":"https:\/\/poudredevies.fr\/","name":"WordPress","description":"","publisher":{"@id":"https:\/\/poudredevies.fr\/#organization"},"potentialAction":[{"@type":"SearchAction","target":{"@type":"EntryPoint","urlTemplate":"https:\/\/poudredevies.fr\/?s={search_term_string}"},"query-input":{"@type":"PropertyValueSpecification","valueRequired":true,"valueName":"search_term_string"}}],"inLanguage":"en-US"},{"@type":"Organization","@id":"https:\/\/poudredevies.fr\/#organization","name":"WordPress","url":"https:\/\/poudredevies.fr\/","logo":{"@type":"ImageObject","inLanguage":"en-US","@id":"https:\/\/poudredevies.fr\/#\/schema\/logo\/image\/","url":"https:\/\/poudredevies.fr\/wp-content\/uploads\/2025\/11\/cropped-LOGO_POUDRE_DE_VIES_2024-1.webp","contentUrl":"https:\/\/poudredevies.fr\/wp-content\/uploads\/2025\/11\/cropped-LOGO_POUDRE_DE_VIES_2024-1.webp","width":810,"height":605,"caption":"WordPress"},"image":{"@id":"https:\/\/poudredevies.fr\/#\/schema\/logo\/image\/"}}]}},"_links":{"self":[{"href":"https:\/\/poudredevies.fr\/index.php?rest_route=\/wp\/v2\/pages\/16","targetHints":{"allow":["GET"]}}],"collection":[{"href":"https:\/\/poudredevies.fr\/index.php?rest_route=\/wp\/v2\/pages"}],"about":[{"href":"https:\/\/poudredevies.fr\/index.php?rest_route=\/wp\/v2\/types\/page"}],"author":[{"embeddable":true,"href":"https:\/\/poudredevies.fr\/index.php?rest_route=\/wp\/v2\/users\/1"}],"replies":[{"embeddable":true,"href":"https:\/\/poudredevies.fr\/index.php?rest_route=%2Fwp%2Fv2%2Fcomments&post=16"}],"version-history":[{"count":13,"href":"https:\/\/poudredevies.fr\/index.php?rest_route=\/wp\/v2\/pages\/16\/revisions"}],"predecessor-version":[{"id":520,"href":"https:\/\/poudredevies.fr\/index.php?rest_route=\/wp\/v2\/pages\/16\/revisions\/520"}],"wp:attachment":[{"href":"https:\/\/poudredevies.fr\/index.php?rest_route=%2Fwp%2Fv2%2Fmedia&parent=16"}],"curies":[{"name":"wp","href":"https:\/\/api.w.org\/{rel}","templated":true}]}}