{"id":18,"date":"2025-11-24T20:42:12","date_gmt":"2025-11-24T20:42:12","guid":{"rendered":"https:\/\/poudredevies.fr\/?page_id=18"},"modified":"2026-02-05T18:16:17","modified_gmt":"2026-02-05T18:16:17","slug":"projets-actions","status":"publish","type":"page","link":"https:\/\/poudredevies.fr\/?page_id=18","title":{"rendered":"R\u00e9alisations &amp; Publications"},"content":{"rendered":"\t\t<div data-elementor-type=\"wp-page\" data-elementor-id=\"18\" class=\"elementor elementor-18\">\n\t\t\t\t<div class=\"elementor-element elementor-element-cc12eea e-flex e-con-boxed e-con e-parent\" data-id=\"cc12eea\" data-element_type=\"container\">\n\t\t\t\t\t<div class=\"e-con-inner\">\n\t\t\t\t<div class=\"elementor-element elementor-element-6ae5b83 elementor-widget elementor-widget-text-editor\" data-id=\"6ae5b83\" data-element_type=\"widget\" data-widget_type=\"text-editor.default\">\n\t\t\t\t\t\t\t\t\t<h3>Quelques publications et contributions de nos membres<\/h3><p class=\"section-intro\">Les membres de Poudre de Vies et leurs partenaires ont contribu\u00e9 \u00e0 de nombreuses publications, conf\u00e9rences et actions de m\u00e9diation autour de l\u2019histoire du CAFI, de la poudrerie et des rapatri\u00e9s.<\/p>\t\t\t\t\t\t\t\t<\/div>\n\t\t\t\t\t<\/div>\n\t\t\t\t<\/div>\n\t\t<div class=\"elementor-element elementor-element-7923bbe e-grid e-con-boxed e-con e-parent\" data-id=\"7923bbe\" data-element_type=\"container\">\n\t\t\t\t\t<div class=\"e-con-inner\">\n\t\t\t\t<div class=\"elementor-element elementor-element-4db8e76 elementor-widget elementor-widget-text-editor\" data-id=\"4db8e76\" data-element_type=\"widget\" data-widget_type=\"text-editor.default\">\n\t\t\t\t\t\t\t\t\t<h3 class=\"section-intro\">Poleth Wadbled:<\/h3><h4><strong>Espace mus\u00e9al de Noyant-d\u2019Allier:<\/strong><\/h4><p>Depuis 2025, Poleth Wadbled est <a href=\"https:\/\/espacemuseal.noyantdallier.fr\/conseil-scientifique\/\" target=\"_blank\" rel=\"noopener\"><strong>charg\u00e9e de mission scientifique<\/strong> pour l\u2019\u00e9laboration et commissariat de l\u2019espace mus\u00e9al sur les rapatri\u00e9s d\u2019Indochine pour la municipalit\u00e9 de Noyant d\u2019Allier<\/a><\/p><p>\u00a0<\/p><h4><a href=\"https:\/\/poudredevies.fr\/?page_id=410\">R\u00e9f\u00e9rences &amp; P<span style=\"font-size: 1.25rem; font-style: inherit;\">ublications:<\/span><\/a><\/h4><p><a href=\"https:\/\/poudredevies.fr\/?page_id=410\"><img fetchpriority=\"high\" decoding=\"async\" class=\"alignnone size-full wp-image-544\" src=\"https:\/\/poudredevies.fr\/wp-content\/uploads\/2026\/02\/Ouvrage-poleth.webp\" alt=\"\" width=\"205\" height=\"260\" \/><\/a><\/p>\t\t\t\t\t\t\t\t<\/div>\n\t\t\t\t<div class=\"elementor-element elementor-element-17354a7 elementor-widget elementor-widget-text-editor\" data-id=\"17354a7\" data-element_type=\"widget\" data-widget_type=\"text-editor.default\">\n\t\t\t\t\t\t\t\t\t<h3>Nicolas REVUE<\/h3><h4>R\u00e9alisation m\u00e9morielle:\u00a0<\/h4><h4><a href=\"https:\/\/poudredevies.fr\/?page_id=420\"><span style=\"font-size: 16px; font-style: inherit; font-weight: inherit; color: #7a7a7a;\">Plan-relief &#8220;Hommage \u00e0 nos m\u00e8res&#8221; (m\u00e9morial du CAFI)<\/span><\/a><\/h4><p><a href=\"https:\/\/poudredevies.fr\/?page_id=420\"><img decoding=\"async\" class=\"alignnone size-medium wp-image-521\" src=\"https:\/\/poudredevies.fr\/wp-content\/uploads\/2026\/01\/P2120504-300x200.webp\" alt=\"\" width=\"300\" height=\"200\" srcset=\"https:\/\/poudredevies.fr\/wp-content\/uploads\/2026\/01\/P2120504-300x200.webp 300w, https:\/\/poudredevies.fr\/wp-content\/uploads\/2026\/01\/P2120504-1024x683.webp 1024w, https:\/\/poudredevies.fr\/wp-content\/uploads\/2026\/01\/P2120504-768x512.webp 768w, https:\/\/poudredevies.fr\/wp-content\/uploads\/2026\/01\/P2120504-1536x1024.webp 1536w, https:\/\/poudredevies.fr\/wp-content\/uploads\/2026\/01\/P2120504-scaled.webp 1920w\" sizes=\"(max-width: 300px) 100vw, 300px\" \/><\/a><\/p><div>\u00a0<\/div>\t\t\t\t\t\t\t\t<\/div>\n\t\t\t\t<div class=\"elementor-element elementor-element-e5f33d8 elementor-widget elementor-widget-text-editor\" data-id=\"e5f33d8\" data-element_type=\"widget\" data-widget_type=\"text-editor.default\">\n\t\t\t\t\t\t\t\t\t<h3 class=\"section-intro\">Jean-Fran\u00e7ois Klein:<\/h3><h4><a href=\"https:\/\/poudredevies.fr\/?page_id=390\">Publications:<\/a><\/h4><p><a href=\"https:\/\/poudredevies.fr\/?page_id=390\"><img decoding=\"async\" class=\"alignnone wp-image-402 size-full\" src=\"https:\/\/poudredevies.fr\/wp-content\/uploads\/2026\/01\/61Bgylmn-AL-1.webp\" alt=\"\" width=\"196\" height=\"300\" \/><\/a><\/p>\t\t\t\t\t\t\t\t<\/div>\n\t\t\t\t\t<\/div>\n\t\t\t\t<\/div>\n\t\t\t\t<\/div>\n\t\t","protected":false},"excerpt":{"rendered":"<p>Quelques publications et contributions de nos membres Les membres de Poudre de Vies et leurs partenaires ont contribu\u00e9 \u00e0 de [&hellip;]<\/p>\n","protected":false},"author":1,"featured_media":0,"parent":0,"menu_order":0,"comment_status":"closed","ping_status":"closed","template":"","meta":{"site-sidebar-layout":"no-sidebar","site-content-layout":"","ast-site-content-layout":"full-width-container","site-content-style":"default","site-sidebar-style":"default","ast-global-header-display":"","ast-banner-title-visibility":"","ast-main-header-display":"","ast-hfb-above-header-display":"","ast-hfb-below-header-display":"","ast-hfb-mobile-header-display":"","site-post-title":"","ast-breadcrumbs-content":"","ast-featured-img":"disabled","footer-sml-layout":"","theme-transparent-header-meta":"","adv-header-id-meta":"","stick-header-meta":"","header-above-stick-meta":"","header-main-stick-meta":"","header-below-stick-meta":"","astra-migrate-meta-layouts":"default","ast-page-background-enabled":"default","ast-page-background-meta":{"desktop":{"background-color":"var(--ast-global-color-5)","background-image":"","background-repeat":"repeat","background-position":"center center","background-size":"auto","background-attachment":"scroll","background-type":"","background-media":"","overlay-type":"","overlay-color":"","overlay-opacity":"","overlay-gradient":""},"tablet":{"background-color":"","background-image":"","background-repeat":"repeat","background-position":"center center","background-size":"auto","background-attachment":"scroll","background-type":"","background-media":"","overlay-type":"","overlay-color":"","overlay-opacity":"","overlay-gradient":""},"mobile":{"background-color":"","background-image":"","background-repeat":"repeat","background-position":"center center","background-size":"auto","background-attachment":"scroll","background-type":"","background-media":"","overlay-type":"","overlay-color":"","overlay-opacity":"","overlay-gradient":""}},"ast-content-background-meta":{"desktop":{"background-color":"var(--ast-global-color-4)","background-image":"","background-repeat":"repeat","background-position":"center center","background-size":"auto","background-attachment":"scroll","background-type":"","background-media":"","overlay-type":"","overlay-color":"","overlay-opacity":"","overlay-gradient":""},"tablet":{"background-color":"var(--ast-global-color-4)","background-image":"","background-repeat":"repeat","background-position":"center center","background-size":"auto","background-attachment":"scroll","background-type":"","background-media":"","overlay-type":"","overlay-color":"","overlay-opacity":"","overlay-gradient":""},"mobile":{"background-color":"var(--ast-global-color-4)","background-image":"","background-repeat":"repeat","background-position":"center center","background-size":"auto","background-attachment":"scroll","background-type":"","background-media":"","overlay-type":"","overlay-color":"","overlay-opacity":"","overlay-gradient":""}},"footnotes":""},"class_list":["post-18","page","type-page","status-publish","hentry"],"yoast_head":"<!-- This site is optimized with the Yoast SEO plugin v26.4 - https:\/\/yoast.com\/wordpress\/plugins\/seo\/ -->\n<title>R\u00e9alisations &amp; Publications -<\/title>\n<meta name=\"robots\" content=\"index, follow, max-snippet:-1, max-image-preview:large, max-video-preview:-1\" \/>\n<link rel=\"canonical\" href=\"https:\/\/poudredevies.fr\/?page_id=18\" \/>\n<meta property=\"og:locale\" content=\"en_US\" \/>\n<meta property=\"og:type\" content=\"article\" \/>\n<meta property=\"og:title\" content=\"R\u00e9alisations &amp; Publications -\" \/>\n<meta property=\"og:description\" content=\"Quelques publications et contributions de nos membres Les membres de Poudre de Vies et leurs partenaires ont contribu\u00e9 \u00e0 de [&hellip;]\" \/>\n<meta property=\"og:url\" content=\"https:\/\/poudredevies.fr\/?page_id=18\" \/>\n<meta property=\"article:modified_time\" content=\"2026-02-05T18:16:17+00:00\" \/>\n<meta property=\"og:image\" content=\"https:\/\/poudredevies.fr\/wp-content\/uploads\/2026\/02\/Ouvrage-poleth.webp\" \/>\n\t<meta property=\"og:image:width\" content=\"205\" \/>\n\t<meta property=\"og:image:height\" content=\"260\" \/>\n\t<meta property=\"og:image:type\" content=\"image\/webp\" \/>\n<meta name=\"twitter:card\" content=\"summary_large_image\" \/>\n<meta name=\"twitter:label1\" content=\"Est. reading time\" \/>\n\t<meta name=\"twitter:data1\" content=\"1 minute\" \/>\n<script type=\"application\/ld+json\" class=\"yoast-schema-graph\">{\"@context\":\"https:\/\/schema.org\",\"@graph\":[{\"@type\":\"WebPage\",\"@id\":\"https:\/\/poudredevies.fr\/?page_id=18\",\"url\":\"https:\/\/poudredevies.fr\/?page_id=18\",\"name\":\"R\u00e9alisations &amp; Publications -\",\"isPartOf\":{\"@id\":\"https:\/\/poudredevies.fr\/#website\"},\"primaryImageOfPage\":{\"@id\":\"https:\/\/poudredevies.fr\/?page_id=18#primaryimage\"},\"image\":{\"@id\":\"https:\/\/poudredevies.fr\/?page_id=18#primaryimage\"},\"thumbnailUrl\":\"https:\/\/poudredevies.fr\/wp-content\/uploads\/2026\/02\/Ouvrage-poleth.webp\",\"datePublished\":\"2025-11-24T20:42:12+00:00\",\"dateModified\":\"2026-02-05T18:16:17+00:00\",\"breadcrumb\":{\"@id\":\"https:\/\/poudredevies.fr\/?page_id=18#breadcrumb\"},\"inLanguage\":\"en-US\",\"potentialAction\":[{\"@type\":\"ReadAction\",\"target\":[\"https:\/\/poudredevies.fr\/?page_id=18\"]}]},{\"@type\":\"ImageObject\",\"inLanguage\":\"en-US\",\"@id\":\"https:\/\/poudredevies.fr\/?page_id=18#primaryimage\",\"url\":\"https:\/\/poudredevies.fr\/wp-content\/uploads\/2026\/02\/Ouvrage-poleth.webp\",\"contentUrl\":\"https:\/\/poudredevies.fr\/wp-content\/uploads\/2026\/02\/Ouvrage-poleth.webp\",\"width\":205,\"height\":260},{\"@type\":\"BreadcrumbList\",\"@id\":\"https:\/\/poudredevies.fr\/?page_id=18#breadcrumb\",\"itemListElement\":[{\"@type\":\"ListItem\",\"position\":1,\"name\":\"Home\",\"item\":\"https:\/\/poudredevies.fr\/\"},{\"@type\":\"ListItem\",\"position\":2,\"name\":\"R\u00e9alisations &amp; Publications\"}]},{\"@type\":\"WebSite\",\"@id\":\"https:\/\/poudredevies.fr\/#website\",\"url\":\"https:\/\/poudredevies.fr\/\",\"name\":\"WordPress\",\"description\":\"\",\"publisher\":{\"@id\":\"https:\/\/poudredevies.fr\/#organization\"},\"potentialAction\":[{\"@type\":\"SearchAction\",\"target\":{\"@type\":\"EntryPoint\",\"urlTemplate\":\"https:\/\/poudredevies.fr\/?s={search_term_string}\"},\"query-input\":{\"@type\":\"PropertyValueSpecification\",\"valueRequired\":true,\"valueName\":\"search_term_string\"}}],\"inLanguage\":\"en-US\"},{\"@type\":\"Organization\",\"@id\":\"https:\/\/poudredevies.fr\/#organization\",\"name\":\"WordPress\",\"url\":\"https:\/\/poudredevies.fr\/\",\"logo\":{\"@type\":\"ImageObject\",\"inLanguage\":\"en-US\",\"@id\":\"https:\/\/poudredevies.fr\/#\/schema\/logo\/image\/\",\"url\":\"https:\/\/poudredevies.fr\/wp-content\/uploads\/2025\/11\/cropped-LOGO_POUDRE_DE_VIES_2024-1.webp\",\"contentUrl\":\"https:\/\/poudredevies.fr\/wp-content\/uploads\/2025\/11\/cropped-LOGO_POUDRE_DE_VIES_2024-1.webp\",\"width\":810,\"height\":605,\"caption\":\"WordPress\"},\"image\":{\"@id\":\"https:\/\/poudredevies.fr\/#\/schema\/logo\/image\/\"}}]}<\/script>\n<!-- \/ Yoast SEO plugin. -->","yoast_head_json":{"title":"R\u00e9alisations &amp; Publications -","robots":{"index":"index","follow":"follow","max-snippet":"max-snippet:-1","max-image-preview":"max-image-preview:large","max-video-preview":"max-video-preview:-1"},"canonical":"https:\/\/poudredevies.fr\/?page_id=18","og_locale":"en_US","og_type":"article","og_title":"R\u00e9alisations &amp; Publications -","og_description":"Quelques publications et contributions de nos membres Les membres de Poudre de Vies et leurs partenaires ont contribu\u00e9 \u00e0 de [&hellip;]","og_url":"https:\/\/poudredevies.fr\/?page_id=18","article_modified_time":"2026-02-05T18:16:17+00:00","og_image":[{"width":205,"height":260,"url":"https:\/\/poudredevies.fr\/wp-content\/uploads\/2026\/02\/Ouvrage-poleth.webp","type":"image\/webp"}],"twitter_card":"summary_large_image","twitter_misc":{"Est. reading time":"1 minute"},"schema":{"@context":"https:\/\/schema.org","@graph":[{"@type":"WebPage","@id":"https:\/\/poudredevies.fr\/?page_id=18","url":"https:\/\/poudredevies.fr\/?page_id=18","name":"R\u00e9alisations &amp; Publications -","isPartOf":{"@id":"https:\/\/poudredevies.fr\/#website"},"primaryImageOfPage":{"@id":"https:\/\/poudredevies.fr\/?page_id=18#primaryimage"},"image":{"@id":"https:\/\/poudredevies.fr\/?page_id=18#primaryimage"},"thumbnailUrl":"https:\/\/poudredevies.fr\/wp-content\/uploads\/2026\/02\/Ouvrage-poleth.webp","datePublished":"2025-11-24T20:42:12+00:00","dateModified":"2026-02-05T18:16:17+00:00","breadcrumb":{"@id":"https:\/\/poudredevies.fr\/?page_id=18#breadcrumb"},"inLanguage":"en-US","potentialAction":[{"@type":"ReadAction","target":["https:\/\/poudredevies.fr\/?page_id=18"]}]},{"@type":"ImageObject","inLanguage":"en-US","@id":"https:\/\/poudredevies.fr\/?page_id=18#primaryimage","url":"https:\/\/poudredevies.fr\/wp-content\/uploads\/2026\/02\/Ouvrage-poleth.webp","contentUrl":"https:\/\/poudredevies.fr\/wp-content\/uploads\/2026\/02\/Ouvrage-poleth.webp","width":205,"height":260},{"@type":"BreadcrumbList","@id":"https:\/\/poudredevies.fr\/?page_id=18#breadcrumb","itemListElement":[{"@type":"ListItem","position":1,"name":"Home","item":"https:\/\/poudredevies.fr\/"},{"@type":"ListItem","position":2,"name":"R\u00e9alisations &amp; Publications"}]},{"@type":"WebSite","@id":"https:\/\/poudredevies.fr\/#website","url":"https:\/\/poudredevies.fr\/","name":"WordPress","description":"","publisher":{"@id":"https:\/\/poudredevies.fr\/#organization"},"potentialAction":[{"@type":"SearchAction","target":{"@type":"EntryPoint","urlTemplate":"https:\/\/poudredevies.fr\/?s={search_term_string}"},"query-input":{"@type":"PropertyValueSpecification","valueRequired":true,"valueName":"search_term_string"}}],"inLanguage":"en-US"},{"@type":"Organization","@id":"https:\/\/poudredevies.fr\/#organization","name":"WordPress","url":"https:\/\/poudredevies.fr\/","logo":{"@type":"ImageObject","inLanguage":"en-US","@id":"https:\/\/poudredevies.fr\/#\/schema\/logo\/image\/","url":"https:\/\/poudredevies.fr\/wp-content\/uploads\/2025\/11\/cropped-LOGO_POUDRE_DE_VIES_2024-1.webp","contentUrl":"https:\/\/poudredevies.fr\/wp-content\/uploads\/2025\/11\/cropped-LOGO_POUDRE_DE_VIES_2024-1.webp","width":810,"height":605,"caption":"WordPress"},"image":{"@id":"https:\/\/poudredevies.fr\/#\/schema\/logo\/image\/"}}]}},"_links":{"self":[{"href":"https:\/\/poudredevies.fr\/index.php?rest_route=\/wp\/v2\/pages\/18","targetHints":{"allow":["GET"]}}],"collection":[{"href":"https:\/\/poudredevies.fr\/index.php?rest_route=\/wp\/v2\/pages"}],"about":[{"href":"https:\/\/poudredevies.fr\/index.php?rest_route=\/wp\/v2\/types\/page"}],"author":[{"embeddable":true,"href":"https:\/\/poudredevies.fr\/index.php?rest_route=\/wp\/v2\/users\/1"}],"replies":[{"embeddable":true,"href":"https:\/\/poudredevies.fr\/index.php?rest_route=%2Fwp%2Fv2%2Fcomments&post=18"}],"version-history":[{"count":68,"href":"https:\/\/poudredevies.fr\/index.php?rest_route=\/wp\/v2\/pages\/18\/revisions"}],"predecessor-version":[{"id":646,"href":"https:\/\/poudredevies.fr\/index.php?rest_route=\/wp\/v2\/pages\/18\/revisions\/646"}],"wp:attachment":[{"href":"https:\/\/poudredevies.fr\/index.php?rest_route=%2Fwp%2Fv2%2Fmedia&parent=18"}],"curies":[{"name":"wp","href":"https:\/\/api.w.org\/{rel}","templated":true}]}}