{"id":20,"date":"2025-11-24T20:42:44","date_gmt":"2025-11-24T20:42:44","guid":{"rendered":"https:\/\/poudredevies.fr\/?page_id=20"},"modified":"2026-02-01T17:15:27","modified_gmt":"2026-02-01T17:15:27","slug":"ressources-memoire","status":"publish","type":"page","link":"https:\/\/poudredevies.fr\/?page_id=20","title":{"rendered":"La Poudrerie"},"content":{"rendered":"\t\t<div data-elementor-type=\"wp-page\" data-elementor-id=\"20\" class=\"elementor elementor-20\">\n\t\t\t\t<div class=\"elementor-element elementor-element-5586771 e-flex e-con-boxed e-con e-parent\" data-id=\"5586771\" data-element_type=\"container\">\n\t\t\t\t\t<div class=\"e-con-inner\">\n\t\t\t\t<div class=\"elementor-element elementor-element-25c06d9 elementor-widget elementor-widget-text-editor\" data-id=\"25c06d9\" data-element_type=\"widget\" data-widget_type=\"text-editor.default\">\n\t\t\t\t\t\t\t\t\t<header><div class=\"container\"><nav><p><span style=\"font-size: 1.7em; font-weight: bold;\">Histoire &amp; m\u00e9moires de la poudrerie<\/span><\/p><\/nav><\/div><\/header><div class=\"container\"><section class=\"section\"><p class=\"section-intro\">La poudrerie et ses camps ont accueilli, de 1938 \u00e0 2014, une succession de populations aux parcours tr\u00e8s diff\u00e9rents (r\u00e9publicains espagnols, juifs \u00e9trangers intern\u00e9s, prisonniers intern\u00e9s, rapatri\u00e9s d&#8217;Indochine). \u00c0 travers elles, c\u2019est une histoire locale qui r\u00e9sonne avec les grands conflits et mouvements migratoires du XX<sup>e<\/sup> si\u00e8cle.<\/p><\/section><\/div>\t\t\t\t\t\t\t\t<\/div>\n\t\t\t\t\t<\/div>\n\t\t\t\t<\/div>\n\t\t<div class=\"elementor-element elementor-element-ebf5161 e-flex e-con-boxed e-con e-parent\" data-id=\"ebf5161\" data-element_type=\"container\">\n\t\t\t\t\t<div class=\"e-con-inner\">\n\t\t\t\t<div class=\"elementor-element elementor-element-8d1317f elementor-widget elementor-widget-text-editor\" data-id=\"8d1317f\" data-element_type=\"widget\" data-widget_type=\"text-editor.default\">\n\t\t\t\t\t\t\t\t\t<h3>Un territoire marqu\u00e9 par la guerre et les exils<\/h3>\t\t\t\t\t\t\t\t<\/div>\n\t\t\t\t\t<\/div>\n\t\t\t\t<\/div>\n\t\t<div class=\"elementor-element elementor-element-c4ffb2d e-flex e-con-boxed e-con e-parent\" data-id=\"c4ffb2d\" data-element_type=\"container\">\n\t\t\t\t\t<div class=\"e-con-inner\">\n\t\t\t\t<div class=\"elementor-element elementor-element-6a257a6 elementor-widget elementor-widget-text-editor\" data-id=\"6a257a6\" data-element_type=\"widget\" data-widget_type=\"text-editor.default\">\n\t\t\t\t\t\t\t\t\t<h3>Les premi\u00e8res occupations<\/h3>\t\t\t\t\t\t\t\t<\/div>\n\t\t\t\t\t<\/div>\n\t\t\t\t<\/div>\n\t\t<div class=\"elementor-element elementor-element-bd30456 e-grid e-con-boxed e-con e-parent\" data-id=\"bd30456\" data-element_type=\"container\">\n\t\t\t\t\t<div class=\"e-con-inner\">\n\t\t\t\t<div class=\"elementor-element elementor-element-005ab3d elementor-widget elementor-widget-text-editor\" data-id=\"005ab3d\" data-element_type=\"widget\" data-widget_type=\"text-editor.default\">\n\t\t\t\t\t\t\t\t\t<p><strong>R\u00e9publicains espagnols<\/strong><br \/><strong>1938\u20131940<\/strong><\/p>\t\t\t\t\t\t\t\t<\/div>\n\t\t\t\t<div class=\"elementor-element elementor-element-1710532 elementor-widget elementor-widget-text-editor\" data-id=\"1710532\" data-element_type=\"widget\" data-widget_type=\"text-editor.default\">\n\t\t\t\t\t\t\t\t\t<p>R\u00e9fugi\u00e9s de la guerre civile, plusieurs milliers d\u2019Espagnols sont regroup\u00e9s en groupes de travailleurs et employ\u00e9s \u00e0 la construction des b\u00e2timents de la poudrerie et des cantonnements, puis \u00e0 leur d\u00e9mant\u00e8lement.<\/p>\t\t\t\t\t\t\t\t<\/div>\n\t\t\t\t\t<\/div>\n\t\t\t\t<\/div>\n\t\t<div class=\"elementor-element elementor-element-4f289b9 e-grid e-con-boxed e-con e-parent\" data-id=\"4f289b9\" data-element_type=\"container\">\n\t\t\t\t\t<div class=\"e-con-inner\">\n\t\t\t\t<div class=\"elementor-element elementor-element-7fcac9f elementor-widget elementor-widget-text-editor\" data-id=\"7fcac9f\" data-element_type=\"widget\" data-widget_type=\"text-editor.default\">\n\t\t\t\t\t\t\t\t\t<p><strong>Populations de l\u2019exode<\/strong><br \/><strong>1940<\/strong><\/p>\t\t\t\t\t\t\t\t<\/div>\n\t\t\t\t<div class=\"elementor-element elementor-element-998411a elementor-widget elementor-widget-text-editor\" data-id=\"998411a\" data-element_type=\"widget\" data-widget_type=\"text-editor.default\">\n\t\t\t\t\t\t\t\t\t<p>Civils \u00e9vacu\u00e9s du Nord de la France et de Belgique trouvent refuge, pour quelques semaines, dans les baraquements.<\/p>\t\t\t\t\t\t\t\t<\/div>\n\t\t\t\t\t<\/div>\n\t\t\t\t<\/div>\n\t\t<div class=\"elementor-element elementor-element-1ae8cd4 e-grid e-con-boxed e-con e-parent\" data-id=\"1ae8cd4\" data-element_type=\"container\">\n\t\t\t\t\t<div class=\"e-con-inner\">\n\t\t\t\t<div class=\"elementor-element elementor-element-3c24e28 elementor-widget elementor-widget-text-editor\" data-id=\"3c24e28\" data-element_type=\"widget\" data-widget_type=\"text-editor.default\">\n\t\t\t\t\t\t\t\t\t<p><strong>Juifs \u00e9trangers intern\u00e9s<\/strong><br \/><strong>1942\u20131943<\/strong><\/p>\t\t\t\t\t\t\t\t<\/div>\n\t\t\t\t<div class=\"elementor-element elementor-element-dfd8f06 elementor-widget elementor-widget-text-editor\" data-id=\"dfd8f06\" data-element_type=\"widget\" data-widget_type=\"text-editor.default\">\n\t\t\t\t\t\t\t\t\t<p>Au \u00ab camp de la gare \u00bb \u00e0 Casseneuil, plusieurs centaines de juifs originaires de diff\u00e9rents pays d\u2019Europe centrale et orientale sont intern\u00e9s avant leur transfert vers Drancy puis les camps d\u2019extermination.<\/p>\t\t\t\t\t\t\t\t<\/div>\n\t\t\t\t\t<\/div>\n\t\t\t\t<\/div>\n\t\t<div class=\"elementor-element elementor-element-e8f0718 e-grid e-con-boxed e-con e-parent\" data-id=\"e8f0718\" data-element_type=\"container\">\n\t\t\t\t\t<div class=\"e-con-inner\">\n\t\t\t\t<div class=\"elementor-element elementor-element-c661458 elementor-widget elementor-widget-text-editor\" data-id=\"c661458\" data-element_type=\"widget\" data-widget_type=\"text-editor.default\">\n\t\t\t\t\t\t\t\t\t<p><strong>Chantiers de jeunesse<\/strong><br \/><strong>1941\u20131944<\/strong><\/p>\t\t\t\t\t\t\t\t<\/div>\n\t\t\t\t<div class=\"elementor-element elementor-element-5dc8765 elementor-widget elementor-widget-text-editor\" data-id=\"5dc8765\" data-element_type=\"widget\" data-widget_type=\"text-editor.default\">\n\t\t\t\t\t\t\t\t\t<p>Le groupe 36 \u00ab Montcalm \u00bb des Chantiers de la jeunesse fran\u00e7aise occupe le camp ; certains de ces jeunes rejoindront ensuite la R\u00e9sistance.<\/p>\t\t\t\t\t\t\t\t<\/div>\n\t\t\t\t\t<\/div>\n\t\t\t\t<\/div>\n\t\t<div class=\"elementor-element elementor-element-019f284 e-flex e-con-boxed e-con e-parent\" data-id=\"019f284\" data-element_type=\"container\">\n\t\t\t\t\t<div class=\"e-con-inner\">\n\t\t\t\t<div class=\"elementor-element elementor-element-b1f582f elementor-widget__width-initial elementor-widget elementor-widget-text-editor\" data-id=\"b1f582f\" data-element_type=\"widget\" data-widget_type=\"text-editor.default\">\n\t\t\t\t\t\t\t\t\t<h3>Du temps des prisonniers \u00e0 celui des rapatri\u00e9s<\/h3><p>Les b\u00e2timents militaires, t\u00e9moins des diff\u00e9rentes occupations du site&#8230;<br \/><br \/><\/p>\t\t\t\t\t\t\t\t<\/div>\n\t\t\t\t\t<\/div>\n\t\t\t\t<\/div>\n\t\t<div class=\"elementor-element elementor-element-b9c1ac4 e-grid e-con-boxed e-con e-parent\" data-id=\"b9c1ac4\" data-element_type=\"container\">\n\t\t\t\t\t<div class=\"e-con-inner\">\n\t\t\t\t<div class=\"elementor-element elementor-element-ec88bc9 elementor-widget elementor-widget-text-editor\" data-id=\"ec88bc9\" data-element_type=\"widget\" data-widget_type=\"text-editor.default\">\n\t\t\t\t\t\t\t\t\t<p><strong>Prisonniers de guerre<\/strong><br \/><strong>1945<\/strong><\/p>\t\t\t\t\t\t\t\t<\/div>\n\t\t\t\t<div class=\"elementor-element elementor-element-19f3c3e elementor-widget elementor-widget-text-editor\" data-id=\"19f3c3e\" data-element_type=\"widget\" data-widget_type=\"text-editor.default\">\n\t\t\t\t\t\t\t\t\t<p>Au camp de Casseneuil, environ 700 prisonniers sovi\u00e9tiques, dont des Ukrainiens, sont intern\u00e9s en attente de leur retour vers l\u2019Union sovi\u00e9tique.<\/p>\t\t\t\t\t\t\t\t<\/div>\n\t\t\t\t\t<\/div>\n\t\t\t\t<\/div>\n\t\t<div class=\"elementor-element elementor-element-1b24693 e-grid e-con-boxed e-con e-parent\" data-id=\"1b24693\" data-element_type=\"container\">\n\t\t\t\t\t<div class=\"e-con-inner\">\n\t\t\t\t<div class=\"elementor-element elementor-element-de41f25 elementor-widget elementor-widget-text-editor\" data-id=\"de41f25\" data-element_type=\"widget\" data-widget_type=\"text-editor.default\">\n\t\t\t\t\t\t\t\t\t<p><strong>Militaires et travailleurs coloniaux<\/strong><br \/><strong>1943\u20131948<\/strong><\/p>\t\t\t\t\t\t\t\t<\/div>\n\t\t\t\t<div class=\"elementor-element elementor-element-6074ae4 elementor-widget elementor-widget-text-editor\" data-id=\"6074ae4\" data-element_type=\"widget\" data-widget_type=\"text-editor.default\">\n\t\t\t\t\t\t\t\t\t<p>Tirailleurs indochinois, tunisiens, marocains, s\u00e9n\u00e9galais et travailleurs coloniaux s\u00e9journent dans les camps, dans un contexte de guerre et de mont\u00e9e des revendications ind\u00e9pendantistes.<\/p>\t\t\t\t\t\t\t\t<\/div>\n\t\t\t\t\t<\/div>\n\t\t\t\t<\/div>\n\t\t<div class=\"elementor-element elementor-element-73acd44 e-grid e-con-boxed e-con e-parent\" data-id=\"73acd44\" data-element_type=\"container\">\n\t\t\t\t\t<div class=\"e-con-inner\">\n\t\t\t\t<div class=\"elementor-element elementor-element-29b24d4 elementor-widget elementor-widget-text-editor\" data-id=\"29b24d4\" data-element_type=\"widget\" data-widget_type=\"text-editor.default\">\n\t\t\t\t\t\t\t\t\t<p><strong>\u00c9l\u00e8ves de l\u2019arm\u00e9e de l\u2019air<\/strong><br \/><strong>1945\u20131947<\/strong><\/p>\t\t\t\t\t\t\t\t<\/div>\n\t\t\t\t<div class=\"elementor-element elementor-element-9f6cdf8 elementor-widget elementor-widget-text-editor\" data-id=\"9f6cdf8\" data-element_type=\"widget\" data-widget_type=\"text-editor.default\">\n\t\t\t\t\t\t\t\t\t<p>Les centres d\u2019instruction de l\u2019arm\u00e9e de l\u2019air s\u2019installent \u00e0 Bias, Sainte-Livrade et Casseneuil, accueillant des promotions de jeunes engag\u00e9s.<\/p>\t\t\t\t\t\t\t\t<\/div>\n\t\t\t\t\t<\/div>\n\t\t\t\t<\/div>\n\t\t<div class=\"elementor-element elementor-element-4fdc7de e-grid e-con-boxed e-con e-parent\" data-id=\"4fdc7de\" data-element_type=\"container\">\n\t\t\t\t\t<div class=\"e-con-inner\">\n\t\t\t\t<div class=\"elementor-element elementor-element-c97260c elementor-widget elementor-widget-text-editor\" data-id=\"c97260c\" data-element_type=\"widget\" data-widget_type=\"text-editor.default\">\n\t\t\t\t\t\t\t\t\t<p><strong>Rapatri\u00e9s d\u2019Indochine<\/strong><br \/><strong>1956\u20132010<\/strong><\/p>\t\t\t\t\t\t\t\t<\/div>\n\t\t\t\t<div class=\"elementor-element elementor-element-f94bbfa elementor-widget elementor-widget-text-editor\" data-id=\"f94bbfa\" data-element_type=\"widget\" data-widget_type=\"text-editor.default\">\n\t\t\t\t\t\t\t\t\t<p>Les b\u00e2timents deviennent le CARI puis le CAFI, centre d\u2019accueil pour les familles rapatri\u00e9es d\u2019Indochine. Pens\u00e9s comme provisoires, ces logements deviendront pour beaucoup un lieu de vie sur plusieurs d\u00e9cennies.<\/p>\t\t\t\t\t\t\t\t<\/div>\n\t\t\t\t\t<\/div>\n\t\t\t\t<\/div>\n\t\t<div class=\"elementor-element elementor-element-6af82b7 e-grid e-con-boxed e-con e-parent\" data-id=\"6af82b7\" data-element_type=\"container\">\n\t\t\t\t\t<div class=\"e-con-inner\">\n\t\t\t\t<div class=\"elementor-element elementor-element-8f50af9 elementor-widget elementor-widget-text-editor\" data-id=\"8f50af9\" data-element_type=\"widget\" data-widget_type=\"text-editor.default\">\n\t\t\t\t\t\t\t\t\t<p><strong>Rapatri\u00e9s d\u2019Alg\u00e9rie (harkis)<\/strong><br \/><strong>1963\u2013ann\u00e9es 1970<\/strong><\/p>\t\t\t\t\t\t\t\t<\/div>\n\t\t\t\t<div class=\"elementor-element elementor-element-e78c903 elementor-widget elementor-widget-text-editor\" data-id=\"e78c903\" data-element_type=\"widget\" data-widget_type=\"text-editor.default\">\n\t\t\t\t\t\t\t\t\t<p>\u00c0 Bias, un centre accueille des familles harkies avant la construction de logements sociaux.<\/p>\t\t\t\t\t\t\t\t<\/div>\n\t\t\t\t\t<\/div>\n\t\t\t\t<\/div>\n\t\t\t\t<section class=\"elementor-section elementor-top-section elementor-element elementor-element-5b65b953 elementor-section-full_width elementor-section-height-default elementor-section-height-default\" data-id=\"5b65b953\" data-element_type=\"section\">\n\t\t\t\t\t\t<div class=\"elementor-container elementor-column-gap-default\">\n\t\t\t\t\t<div class=\"elementor-column elementor-col-100 elementor-top-column elementor-element elementor-element-19eb8a09\" data-id=\"19eb8a09\" data-element_type=\"column\">\n\t\t\t<div class=\"elementor-widget-wrap elementor-element-populated\">\n\t\t\t\t\t\t<div class=\"elementor-element elementor-element-6f63c242 elementor-widget elementor-widget-text-editor\" data-id=\"6f63c242\" data-element_type=\"widget\" data-widget_type=\"text-editor.default\">\n\t\t\t\t\t\t\t\t\t<header><\/header><div class=\"container\"><section class=\"section grid-two\"><div><span style=\"font-size: 1.5em; font-weight: bold;\">Vers un lieu de m\u00e9moire partag\u00e9<\/span><\/div><\/section><section class=\"section\"><p class=\"section-intro\">La conservation de quelques baraquements au camp du Moulin-du-Lot de Sainte-Livrade offre aujourd\u2019hui un support concret pour raconter ces trajectoires crois\u00e9es. Le projet port\u00e9 par Poudre de Vies vise \u00e0 en faire un espace mus\u00e9ographique et un centre de ressources, o\u00f9 l\u2019on pourra croiser archives, t\u00e9moignages, travaux scientifiques et m\u00e9moires familiales.<\/p><\/section><\/div>\t\t\t\t\t\t\t\t<\/div>\n\t\t\t\t\t<\/div>\n\t\t<\/div>\n\t\t\t\t\t<\/div>\n\t\t<\/section>\n\t\t<div class=\"elementor-element elementor-element-39b27fb e-flex e-con-boxed e-con e-parent\" data-id=\"39b27fb\" data-element_type=\"container\">\n\t\t\t\t\t<div class=\"e-con-inner\">\n\t\t\t\t<div class=\"elementor-element elementor-element-425f371 elementor-widget elementor-widget-image\" data-id=\"425f371\" data-element_type=\"widget\" data-widget_type=\"image.default\">\n\t\t\t\t\t\t\t\t\t\t\t\t\t\t\t<img fetchpriority=\"high\" decoding=\"async\" width=\"1024\" height=\"683\" src=\"https:\/\/poudredevies.fr\/wp-content\/uploads\/2026\/02\/612491421_10215241629949547_6959764519525044309_n-1024x683.jpg\" class=\"attachment-large size-large wp-image-606\" alt=\"\" srcset=\"https:\/\/poudredevies.fr\/wp-content\/uploads\/2026\/02\/612491421_10215241629949547_6959764519525044309_n-1024x683.jpg 1024w, https:\/\/poudredevies.fr\/wp-content\/uploads\/2026\/02\/612491421_10215241629949547_6959764519525044309_n-300x200.jpg 300w, https:\/\/poudredevies.fr\/wp-content\/uploads\/2026\/02\/612491421_10215241629949547_6959764519525044309_n-768x512.jpg 768w, https:\/\/poudredevies.fr\/wp-content\/uploads\/2026\/02\/612491421_10215241629949547_6959764519525044309_n-1536x1024.jpg 1536w, https:\/\/poudredevies.fr\/wp-content\/uploads\/2026\/02\/612491421_10215241629949547_6959764519525044309_n.jpg 2048w\" sizes=\"(max-width: 1024px) 100vw, 1024px\" \/>\t\t\t\t\t\t\t\t\t\t\t\t\t\t\t<\/div>\n\t\t\t\t\t<\/div>\n\t\t\t\t<\/div>\n\t\t\t\t<\/div>\n\t\t","protected":false},"excerpt":{"rendered":"<p>Histoire &amp; m\u00e9moires de la poudrerie La poudrerie et ses camps ont accueilli, de 1938 \u00e0 2014, une succession de [&hellip;]<\/p>\n","protected":false},"author":1,"featured_media":0,"parent":0,"menu_order":0,"comment_status":"closed","ping_status":"closed","template":"","meta":{"site-sidebar-layout":"no-sidebar","site-content-layout":"","ast-site-content-layout":"full-width-container","site-content-style":"default","site-sidebar-style":"default","ast-global-header-display":"","ast-banner-title-visibility":"","ast-main-header-display":"","ast-hfb-above-header-display":"","ast-hfb-below-header-display":"","ast-hfb-mobile-header-display":"","site-post-title":"","ast-breadcrumbs-content":"","ast-featured-img":"disabled","footer-sml-layout":"","theme-transparent-header-meta":"","adv-header-id-meta":"","stick-header-meta":"","header-above-stick-meta":"","header-main-stick-meta":"","header-below-stick-meta":"","astra-migrate-meta-layouts":"default","ast-page-background-enabled":"default","ast-page-background-meta":{"desktop":{"background-color":"var(--ast-global-color-5)","background-image":"","background-repeat":"repeat","background-position":"center center","background-size":"auto","background-attachment":"scroll","background-type":"","background-media":"","overlay-type":"","overlay-color":"","overlay-opacity":"","overlay-gradient":""},"tablet":{"background-color":"","background-image":"","background-repeat":"repeat","background-position":"center center","background-size":"auto","background-attachment":"scroll","background-type":"","background-media":"","overlay-type":"","overlay-color":"","overlay-opacity":"","overlay-gradient":""},"mobile":{"background-color":"","background-image":"","background-repeat":"repeat","background-position":"center center","background-size":"auto","background-attachment":"scroll","background-type":"","background-media":"","overlay-type":"","overlay-color":"","overlay-opacity":"","overlay-gradient":""}},"ast-content-background-meta":{"desktop":{"background-color":"var(--ast-global-color-4)","background-image":"","background-repeat":"repeat","background-position":"center center","background-size":"auto","background-attachment":"scroll","background-type":"","background-media":"","overlay-type":"","overlay-color":"","overlay-opacity":"","overlay-gradient":""},"tablet":{"background-color":"var(--ast-global-color-4)","background-image":"","background-repeat":"repeat","background-position":"center center","background-size":"auto","background-attachment":"scroll","background-type":"","background-media":"","overlay-type":"","overlay-color":"","overlay-opacity":"","overlay-gradient":""},"mobile":{"background-color":"var(--ast-global-color-4)","background-image":"","background-repeat":"repeat","background-position":"center center","background-size":"auto","background-attachment":"scroll","background-type":"","background-media":"","overlay-type":"","overlay-color":"","overlay-opacity":"","overlay-gradient":""}},"footnotes":""},"class_list":["post-20","page","type-page","status-publish","hentry"],"yoast_head":"<!-- This site is optimized with the Yoast SEO plugin v26.4 - https:\/\/yoast.com\/wordpress\/plugins\/seo\/ -->\n<title>La Poudrerie -<\/title>\n<meta name=\"robots\" content=\"index, follow, max-snippet:-1, max-image-preview:large, max-video-preview:-1\" \/>\n<link rel=\"canonical\" href=\"https:\/\/poudredevies.fr\/?page_id=20\" \/>\n<meta property=\"og:locale\" content=\"en_US\" \/>\n<meta property=\"og:type\" content=\"article\" \/>\n<meta property=\"og:title\" content=\"La Poudrerie -\" \/>\n<meta property=\"og:description\" content=\"Histoire &amp; m\u00e9moires de la poudrerie La poudrerie et ses camps ont accueilli, de 1938 \u00e0 2014, une succession de [&hellip;]\" \/>\n<meta property=\"og:url\" content=\"https:\/\/poudredevies.fr\/?page_id=20\" \/>\n<meta property=\"article:modified_time\" content=\"2026-02-01T17:15:27+00:00\" \/>\n<meta property=\"og:image\" content=\"https:\/\/poudredevies.fr\/wp-content\/uploads\/2026\/02\/612491421_10215241629949547_6959764519525044309_n.jpg\" \/>\n\t<meta property=\"og:image:width\" content=\"2048\" \/>\n\t<meta property=\"og:image:height\" content=\"1365\" \/>\n\t<meta property=\"og:image:type\" content=\"image\/jpeg\" \/>\n<meta name=\"twitter:card\" content=\"summary_large_image\" \/>\n<meta name=\"twitter:label1\" content=\"Est. reading time\" \/>\n\t<meta name=\"twitter:data1\" content=\"2 minutes\" \/>\n<script type=\"application\/ld+json\" class=\"yoast-schema-graph\">{\"@context\":\"https:\/\/schema.org\",\"@graph\":[{\"@type\":\"WebPage\",\"@id\":\"https:\/\/poudredevies.fr\/?page_id=20\",\"url\":\"https:\/\/poudredevies.fr\/?page_id=20\",\"name\":\"La Poudrerie -\",\"isPartOf\":{\"@id\":\"https:\/\/poudredevies.fr\/#website\"},\"primaryImageOfPage\":{\"@id\":\"https:\/\/poudredevies.fr\/?page_id=20#primaryimage\"},\"image\":{\"@id\":\"https:\/\/poudredevies.fr\/?page_id=20#primaryimage\"},\"thumbnailUrl\":\"https:\/\/poudredevies.fr\/wp-content\/uploads\/2026\/02\/612491421_10215241629949547_6959764519525044309_n-1024x683.jpg\",\"datePublished\":\"2025-11-24T20:42:44+00:00\",\"dateModified\":\"2026-02-01T17:15:27+00:00\",\"breadcrumb\":{\"@id\":\"https:\/\/poudredevies.fr\/?page_id=20#breadcrumb\"},\"inLanguage\":\"en-US\",\"potentialAction\":[{\"@type\":\"ReadAction\",\"target\":[\"https:\/\/poudredevies.fr\/?page_id=20\"]}]},{\"@type\":\"ImageObject\",\"inLanguage\":\"en-US\",\"@id\":\"https:\/\/poudredevies.fr\/?page_id=20#primaryimage\",\"url\":\"https:\/\/poudredevies.fr\/wp-content\/uploads\/2026\/02\/612491421_10215241629949547_6959764519525044309_n.jpg\",\"contentUrl\":\"https:\/\/poudredevies.fr\/wp-content\/uploads\/2026\/02\/612491421_10215241629949547_6959764519525044309_n.jpg\",\"width\":2048,\"height\":1365},{\"@type\":\"BreadcrumbList\",\"@id\":\"https:\/\/poudredevies.fr\/?page_id=20#breadcrumb\",\"itemListElement\":[{\"@type\":\"ListItem\",\"position\":1,\"name\":\"Home\",\"item\":\"https:\/\/poudredevies.fr\/\"},{\"@type\":\"ListItem\",\"position\":2,\"name\":\"La Poudrerie\"}]},{\"@type\":\"WebSite\",\"@id\":\"https:\/\/poudredevies.fr\/#website\",\"url\":\"https:\/\/poudredevies.fr\/\",\"name\":\"WordPress\",\"description\":\"\",\"publisher\":{\"@id\":\"https:\/\/poudredevies.fr\/#organization\"},\"potentialAction\":[{\"@type\":\"SearchAction\",\"target\":{\"@type\":\"EntryPoint\",\"urlTemplate\":\"https:\/\/poudredevies.fr\/?s={search_term_string}\"},\"query-input\":{\"@type\":\"PropertyValueSpecification\",\"valueRequired\":true,\"valueName\":\"search_term_string\"}}],\"inLanguage\":\"en-US\"},{\"@type\":\"Organization\",\"@id\":\"https:\/\/poudredevies.fr\/#organization\",\"name\":\"WordPress\",\"url\":\"https:\/\/poudredevies.fr\/\",\"logo\":{\"@type\":\"ImageObject\",\"inLanguage\":\"en-US\",\"@id\":\"https:\/\/poudredevies.fr\/#\/schema\/logo\/image\/\",\"url\":\"https:\/\/poudredevies.fr\/wp-content\/uploads\/2025\/11\/cropped-LOGO_POUDRE_DE_VIES_2024-1.webp\",\"contentUrl\":\"https:\/\/poudredevies.fr\/wp-content\/uploads\/2025\/11\/cropped-LOGO_POUDRE_DE_VIES_2024-1.webp\",\"width\":810,\"height\":605,\"caption\":\"WordPress\"},\"image\":{\"@id\":\"https:\/\/poudredevies.fr\/#\/schema\/logo\/image\/\"}}]}<\/script>\n<!-- \/ Yoast SEO plugin. -->","yoast_head_json":{"title":"La Poudrerie -","robots":{"index":"index","follow":"follow","max-snippet":"max-snippet:-1","max-image-preview":"max-image-preview:large","max-video-preview":"max-video-preview:-1"},"canonical":"https:\/\/poudredevies.fr\/?page_id=20","og_locale":"en_US","og_type":"article","og_title":"La Poudrerie -","og_description":"Histoire &amp; m\u00e9moires de la poudrerie La poudrerie et ses camps ont accueilli, de 1938 \u00e0 2014, une succession de [&hellip;]","og_url":"https:\/\/poudredevies.fr\/?page_id=20","article_modified_time":"2026-02-01T17:15:27+00:00","og_image":[{"width":2048,"height":1365,"url":"https:\/\/poudredevies.fr\/wp-content\/uploads\/2026\/02\/612491421_10215241629949547_6959764519525044309_n.jpg","type":"image\/jpeg"}],"twitter_card":"summary_large_image","twitter_misc":{"Est. reading time":"2 minutes"},"schema":{"@context":"https:\/\/schema.org","@graph":[{"@type":"WebPage","@id":"https:\/\/poudredevies.fr\/?page_id=20","url":"https:\/\/poudredevies.fr\/?page_id=20","name":"La Poudrerie -","isPartOf":{"@id":"https:\/\/poudredevies.fr\/#website"},"primaryImageOfPage":{"@id":"https:\/\/poudredevies.fr\/?page_id=20#primaryimage"},"image":{"@id":"https:\/\/poudredevies.fr\/?page_id=20#primaryimage"},"thumbnailUrl":"https:\/\/poudredevies.fr\/wp-content\/uploads\/2026\/02\/612491421_10215241629949547_6959764519525044309_n-1024x683.jpg","datePublished":"2025-11-24T20:42:44+00:00","dateModified":"2026-02-01T17:15:27+00:00","breadcrumb":{"@id":"https:\/\/poudredevies.fr\/?page_id=20#breadcrumb"},"inLanguage":"en-US","potentialAction":[{"@type":"ReadAction","target":["https:\/\/poudredevies.fr\/?page_id=20"]}]},{"@type":"ImageObject","inLanguage":"en-US","@id":"https:\/\/poudredevies.fr\/?page_id=20#primaryimage","url":"https:\/\/poudredevies.fr\/wp-content\/uploads\/2026\/02\/612491421_10215241629949547_6959764519525044309_n.jpg","contentUrl":"https:\/\/poudredevies.fr\/wp-content\/uploads\/2026\/02\/612491421_10215241629949547_6959764519525044309_n.jpg","width":2048,"height":1365},{"@type":"BreadcrumbList","@id":"https:\/\/poudredevies.fr\/?page_id=20#breadcrumb","itemListElement":[{"@type":"ListItem","position":1,"name":"Home","item":"https:\/\/poudredevies.fr\/"},{"@type":"ListItem","position":2,"name":"La Poudrerie"}]},{"@type":"WebSite","@id":"https:\/\/poudredevies.fr\/#website","url":"https:\/\/poudredevies.fr\/","name":"WordPress","description":"","publisher":{"@id":"https:\/\/poudredevies.fr\/#organization"},"potentialAction":[{"@type":"SearchAction","target":{"@type":"EntryPoint","urlTemplate":"https:\/\/poudredevies.fr\/?s={search_term_string}"},"query-input":{"@type":"PropertyValueSpecification","valueRequired":true,"valueName":"search_term_string"}}],"inLanguage":"en-US"},{"@type":"Organization","@id":"https:\/\/poudredevies.fr\/#organization","name":"WordPress","url":"https:\/\/poudredevies.fr\/","logo":{"@type":"ImageObject","inLanguage":"en-US","@id":"https:\/\/poudredevies.fr\/#\/schema\/logo\/image\/","url":"https:\/\/poudredevies.fr\/wp-content\/uploads\/2025\/11\/cropped-LOGO_POUDRE_DE_VIES_2024-1.webp","contentUrl":"https:\/\/poudredevies.fr\/wp-content\/uploads\/2025\/11\/cropped-LOGO_POUDRE_DE_VIES_2024-1.webp","width":810,"height":605,"caption":"WordPress"},"image":{"@id":"https:\/\/poudredevies.fr\/#\/schema\/logo\/image\/"}}]}},"_links":{"self":[{"href":"https:\/\/poudredevies.fr\/index.php?rest_route=\/wp\/v2\/pages\/20","targetHints":{"allow":["GET"]}}],"collection":[{"href":"https:\/\/poudredevies.fr\/index.php?rest_route=\/wp\/v2\/pages"}],"about":[{"href":"https:\/\/poudredevies.fr\/index.php?rest_route=\/wp\/v2\/types\/page"}],"author":[{"embeddable":true,"href":"https:\/\/poudredevies.fr\/index.php?rest_route=\/wp\/v2\/users\/1"}],"replies":[{"embeddable":true,"href":"https:\/\/poudredevies.fr\/index.php?rest_route=%2Fwp%2Fv2%2Fcomments&post=20"}],"version-history":[{"count":20,"href":"https:\/\/poudredevies.fr\/index.php?rest_route=\/wp\/v2\/pages\/20\/revisions"}],"predecessor-version":[{"id":623,"href":"https:\/\/poudredevies.fr\/index.php?rest_route=\/wp\/v2\/pages\/20\/revisions\/623"}],"wp:attachment":[{"href":"https:\/\/poudredevies.fr\/index.php?rest_route=%2Fwp%2Fv2%2Fmedia&parent=20"}],"curies":[{"name":"wp","href":"https:\/\/api.w.org\/{rel}","templated":true}]}}