{"id":22,"date":"2025-11-24T20:43:08","date_gmt":"2025-11-24T20:43:08","guid":{"rendered":"https:\/\/poudredevies.fr\/?page_id=22"},"modified":"2026-02-01T09:11:44","modified_gmt":"2026-02-01T09:11:44","slug":"contact","status":"publish","type":"page","link":"https:\/\/poudredevies.fr\/?page_id=22","title":{"rendered":"Partenariats"},"content":{"rendered":"\t\t<div data-elementor-type=\"wp-page\" data-elementor-id=\"22\" class=\"elementor elementor-22\">\n\t\t\t\t<div class=\"elementor-element elementor-element-ef6f837 e-flex e-con-boxed e-con e-parent\" data-id=\"ef6f837\" data-element_type=\"container\">\n\t\t\t\t\t<div class=\"e-con-inner\">\n\t\t\t\t<div class=\"elementor-element elementor-element-294e5e3 elementor-widget elementor-widget-text-editor\" data-id=\"294e5e3\" data-element_type=\"widget\" data-widget_type=\"text-editor.default\">\n\t\t\t\t\t\t\t\t\t<h2>Partenaires &amp; r\u00e9seau<\/h2><p class=\"section-intro\">Poudre de Vies inscrit son action dans un r\u00e9seau de lieux de m\u00e9moire, de mus\u00e9es, d\u2019associations et de centres d\u2019archives qui travaillent sur les exils, les camps, les rapatriements et les migrations.<\/p>\t\t\t\t\t\t\t\t<\/div>\n\t\t\t\t\t<\/div>\n\t\t\t\t<\/div>\n\t\t<div class=\"elementor-element elementor-element-adf0926 e-grid e-con-boxed e-con e-parent\" data-id=\"adf0926\" data-element_type=\"container\">\n\t\t\t\t\t<div class=\"e-con-inner\">\n\t\t\t\t<div class=\"elementor-element elementor-element-6f8bbd3 elementor-widget elementor-widget-text-editor\" data-id=\"6f8bbd3\" data-element_type=\"widget\" data-widget_type=\"text-editor.default\">\n\t\t\t\t\t\t\t\t\t<h3>M\u00e9morial du camp de Rivesaltes<\/h3><p>Lieu majeur de r\u00e9flexion sur l\u2019histoire des camps en France, le M\u00e9morial du camp de Rivesaltes travaille sur les internements, les exils et les migrations au XX<sup>e<\/sup>\u00a0si\u00e8cle.<\/p><p><a href=\"https:\/\/memorialcamprivesaltes.eu\" target=\"_blank\" rel=\"noopener\">Visiter le site du M\u00e9morial<\/a><\/p>\t\t\t\t\t\t\t\t<\/div>\n\t\t\t\t<div class=\"elementor-element elementor-element-cab63a3 elementor-widget elementor-widget-text-editor\" data-id=\"cab63a3\" data-element_type=\"widget\" data-widget_type=\"text-editor.default\">\n\t\t\t\t\t\t\t\t\t<h3>Espace mus\u00e9al des rapatri\u00e9s d\u2019Indochine \u2013 Noyant-d\u2019Allier<\/h3><p>Mus\u00e9e d\u00e9di\u00e9 \u00e0 l\u2019histoire des rapatri\u00e9s d\u2019Indochine et \u00e0 leurs descendants, install\u00e9 dans l\u2019ancienne cit\u00e9 mini\u00e8re de Noyant-d\u2019Allier.<\/p><p><a href=\"https:\/\/espacemuseal.noyantdallier.fr\" target=\"_blank\" rel=\"noopener\">D\u00e9couvrir l\u2019espace mus\u00e9al<\/a><\/p>\t\t\t\t\t\t\t\t<\/div>\n\t\t\t\t<div class=\"elementor-element elementor-element-6808c4f elementor-widget elementor-widget-text-editor\" data-id=\"6808c4f\" data-element_type=\"widget\" data-widget_type=\"text-editor.default\">\n\t\t\t\t\t\t\t\t\t<h3>Associations et revues locales<\/h3><p>La revue\u00a0<em>Ancrage<\/em>, l\u2019association des amis de la poudrerie et d\u2019autres acteurs locaux participent aux recherches, aux collectes de t\u00e9moignages et \u00e0 des ateliers d&#8217;\u00e9criture.<\/p><p><a href=\"https:\/\/ancrage47.jimdofree.com\/\" target=\"_blank\" rel=\"noopener\">D\u00e9couvrir la Revue Ancrage<\/a><\/p>\t\t\t\t\t\t\t\t<\/div>\n\t\t\t\t\t<\/div>\n\t\t\t\t<\/div>\n\t\t\t\t<\/div>\n\t\t","protected":false},"excerpt":{"rendered":"<p>Partenaires &amp; r\u00e9seau Poudre de Vies inscrit son action dans un r\u00e9seau de lieux de m\u00e9moire, de mus\u00e9es, d\u2019associations et [&hellip;]<\/p>\n","protected":false},"author":1,"featured_media":0,"parent":0,"menu_order":0,"comment_status":"closed","ping_status":"closed","template":"","meta":{"site-sidebar-layout":"no-sidebar","site-content-layout":"","ast-site-content-layout":"full-width-container","site-content-style":"default","site-sidebar-style":"default","ast-global-header-display":"","ast-banner-title-visibility":"","ast-main-header-display":"","ast-hfb-above-header-display":"","ast-hfb-below-header-display":"","ast-hfb-mobile-header-display":"","site-post-title":"","ast-breadcrumbs-content":"","ast-featured-img":"disabled","footer-sml-layout":"","theme-transparent-header-meta":"","adv-header-id-meta":"","stick-header-meta":"","header-above-stick-meta":"","header-main-stick-meta":"","header-below-stick-meta":"","astra-migrate-meta-layouts":"default","ast-page-background-enabled":"default","ast-page-background-meta":{"desktop":{"background-color":"var(--ast-global-color-5)","background-image":"","background-repeat":"repeat","background-position":"center center","background-size":"auto","background-attachment":"scroll","background-type":"","background-media":"","overlay-type":"","overlay-color":"","overlay-opacity":"","overlay-gradient":""},"tablet":{"background-color":"","background-image":"","background-repeat":"repeat","background-position":"center center","background-size":"auto","background-attachment":"scroll","background-type":"","background-media":"","overlay-type":"","overlay-color":"","overlay-opacity":"","overlay-gradient":""},"mobile":{"background-color":"","background-image":"","background-repeat":"repeat","background-position":"center center","background-size":"auto","background-attachment":"scroll","background-type":"","background-media":"","overlay-type":"","overlay-color":"","overlay-opacity":"","overlay-gradient":""}},"ast-content-background-meta":{"desktop":{"background-color":"var(--ast-global-color-4)","background-image":"","background-repeat":"repeat","background-position":"center center","background-size":"auto","background-attachment":"scroll","background-type":"","background-media":"","overlay-type":"","overlay-color":"","overlay-opacity":"","overlay-gradient":""},"tablet":{"background-color":"var(--ast-global-color-4)","background-image":"","background-repeat":"repeat","background-position":"center center","background-size":"auto","background-attachment":"scroll","background-type":"","background-media":"","overlay-type":"","overlay-color":"","overlay-opacity":"","overlay-gradient":""},"mobile":{"background-color":"var(--ast-global-color-4)","background-image":"","background-repeat":"repeat","background-position":"center center","background-size":"auto","background-attachment":"scroll","background-type":"","background-media":"","overlay-type":"","overlay-color":"","overlay-opacity":"","overlay-gradient":""}},"footnotes":""},"class_list":["post-22","page","type-page","status-publish","hentry"],"yoast_head":"<!-- This site is optimized with the Yoast SEO plugin v26.4 - https:\/\/yoast.com\/wordpress\/plugins\/seo\/ -->\n<title>Partenariats -<\/title>\n<meta name=\"robots\" content=\"index, follow, max-snippet:-1, max-image-preview:large, max-video-preview:-1\" \/>\n<link rel=\"canonical\" href=\"https:\/\/poudredevies.fr\/?page_id=22\" \/>\n<meta property=\"og:locale\" content=\"en_US\" \/>\n<meta property=\"og:type\" content=\"article\" \/>\n<meta property=\"og:title\" content=\"Partenariats -\" \/>\n<meta property=\"og:description\" content=\"Partenaires &amp; r\u00e9seau Poudre de Vies inscrit son action dans un r\u00e9seau de lieux de m\u00e9moire, de mus\u00e9es, d\u2019associations et [&hellip;]\" \/>\n<meta property=\"og:url\" content=\"https:\/\/poudredevies.fr\/?page_id=22\" \/>\n<meta property=\"article:modified_time\" content=\"2026-02-01T09:11:44+00:00\" \/>\n<meta name=\"twitter:card\" content=\"summary_large_image\" \/>\n<meta name=\"twitter:label1\" content=\"Est. reading time\" \/>\n\t<meta name=\"twitter:data1\" content=\"1 minute\" \/>\n<script type=\"application\/ld+json\" class=\"yoast-schema-graph\">{\"@context\":\"https:\/\/schema.org\",\"@graph\":[{\"@type\":\"WebPage\",\"@id\":\"https:\/\/poudredevies.fr\/?page_id=22\",\"url\":\"https:\/\/poudredevies.fr\/?page_id=22\",\"name\":\"Partenariats -\",\"isPartOf\":{\"@id\":\"https:\/\/poudredevies.fr\/#website\"},\"datePublished\":\"2025-11-24T20:43:08+00:00\",\"dateModified\":\"2026-02-01T09:11:44+00:00\",\"breadcrumb\":{\"@id\":\"https:\/\/poudredevies.fr\/?page_id=22#breadcrumb\"},\"inLanguage\":\"en-US\",\"potentialAction\":[{\"@type\":\"ReadAction\",\"target\":[\"https:\/\/poudredevies.fr\/?page_id=22\"]}]},{\"@type\":\"BreadcrumbList\",\"@id\":\"https:\/\/poudredevies.fr\/?page_id=22#breadcrumb\",\"itemListElement\":[{\"@type\":\"ListItem\",\"position\":1,\"name\":\"Home\",\"item\":\"https:\/\/poudredevies.fr\/\"},{\"@type\":\"ListItem\",\"position\":2,\"name\":\"Partenariats\"}]},{\"@type\":\"WebSite\",\"@id\":\"https:\/\/poudredevies.fr\/#website\",\"url\":\"https:\/\/poudredevies.fr\/\",\"name\":\"WordPress\",\"description\":\"\",\"publisher\":{\"@id\":\"https:\/\/poudredevies.fr\/#organization\"},\"potentialAction\":[{\"@type\":\"SearchAction\",\"target\":{\"@type\":\"EntryPoint\",\"urlTemplate\":\"https:\/\/poudredevies.fr\/?s={search_term_string}\"},\"query-input\":{\"@type\":\"PropertyValueSpecification\",\"valueRequired\":true,\"valueName\":\"search_term_string\"}}],\"inLanguage\":\"en-US\"},{\"@type\":\"Organization\",\"@id\":\"https:\/\/poudredevies.fr\/#organization\",\"name\":\"WordPress\",\"url\":\"https:\/\/poudredevies.fr\/\",\"logo\":{\"@type\":\"ImageObject\",\"inLanguage\":\"en-US\",\"@id\":\"https:\/\/poudredevies.fr\/#\/schema\/logo\/image\/\",\"url\":\"https:\/\/poudredevies.fr\/wp-content\/uploads\/2025\/11\/cropped-LOGO_POUDRE_DE_VIES_2024-1.webp\",\"contentUrl\":\"https:\/\/poudredevies.fr\/wp-content\/uploads\/2025\/11\/cropped-LOGO_POUDRE_DE_VIES_2024-1.webp\",\"width\":810,\"height\":605,\"caption\":\"WordPress\"},\"image\":{\"@id\":\"https:\/\/poudredevies.fr\/#\/schema\/logo\/image\/\"}}]}<\/script>\n<!-- \/ Yoast SEO plugin. -->","yoast_head_json":{"title":"Partenariats -","robots":{"index":"index","follow":"follow","max-snippet":"max-snippet:-1","max-image-preview":"max-image-preview:large","max-video-preview":"max-video-preview:-1"},"canonical":"https:\/\/poudredevies.fr\/?page_id=22","og_locale":"en_US","og_type":"article","og_title":"Partenariats -","og_description":"Partenaires &amp; r\u00e9seau Poudre de Vies inscrit son action dans un r\u00e9seau de lieux de m\u00e9moire, de mus\u00e9es, d\u2019associations et [&hellip;]","og_url":"https:\/\/poudredevies.fr\/?page_id=22","article_modified_time":"2026-02-01T09:11:44+00:00","twitter_card":"summary_large_image","twitter_misc":{"Est. reading time":"1 minute"},"schema":{"@context":"https:\/\/schema.org","@graph":[{"@type":"WebPage","@id":"https:\/\/poudredevies.fr\/?page_id=22","url":"https:\/\/poudredevies.fr\/?page_id=22","name":"Partenariats -","isPartOf":{"@id":"https:\/\/poudredevies.fr\/#website"},"datePublished":"2025-11-24T20:43:08+00:00","dateModified":"2026-02-01T09:11:44+00:00","breadcrumb":{"@id":"https:\/\/poudredevies.fr\/?page_id=22#breadcrumb"},"inLanguage":"en-US","potentialAction":[{"@type":"ReadAction","target":["https:\/\/poudredevies.fr\/?page_id=22"]}]},{"@type":"BreadcrumbList","@id":"https:\/\/poudredevies.fr\/?page_id=22#breadcrumb","itemListElement":[{"@type":"ListItem","position":1,"name":"Home","item":"https:\/\/poudredevies.fr\/"},{"@type":"ListItem","position":2,"name":"Partenariats"}]},{"@type":"WebSite","@id":"https:\/\/poudredevies.fr\/#website","url":"https:\/\/poudredevies.fr\/","name":"WordPress","description":"","publisher":{"@id":"https:\/\/poudredevies.fr\/#organization"},"potentialAction":[{"@type":"SearchAction","target":{"@type":"EntryPoint","urlTemplate":"https:\/\/poudredevies.fr\/?s={search_term_string}"},"query-input":{"@type":"PropertyValueSpecification","valueRequired":true,"valueName":"search_term_string"}}],"inLanguage":"en-US"},{"@type":"Organization","@id":"https:\/\/poudredevies.fr\/#organization","name":"WordPress","url":"https:\/\/poudredevies.fr\/","logo":{"@type":"ImageObject","inLanguage":"en-US","@id":"https:\/\/poudredevies.fr\/#\/schema\/logo\/image\/","url":"https:\/\/poudredevies.fr\/wp-content\/uploads\/2025\/11\/cropped-LOGO_POUDRE_DE_VIES_2024-1.webp","contentUrl":"https:\/\/poudredevies.fr\/wp-content\/uploads\/2025\/11\/cropped-LOGO_POUDRE_DE_VIES_2024-1.webp","width":810,"height":605,"caption":"WordPress"},"image":{"@id":"https:\/\/poudredevies.fr\/#\/schema\/logo\/image\/"}}]}},"_links":{"self":[{"href":"https:\/\/poudredevies.fr\/index.php?rest_route=\/wp\/v2\/pages\/22","targetHints":{"allow":["GET"]}}],"collection":[{"href":"https:\/\/poudredevies.fr\/index.php?rest_route=\/wp\/v2\/pages"}],"about":[{"href":"https:\/\/poudredevies.fr\/index.php?rest_route=\/wp\/v2\/types\/page"}],"author":[{"embeddable":true,"href":"https:\/\/poudredevies.fr\/index.php?rest_route=\/wp\/v2\/users\/1"}],"replies":[{"embeddable":true,"href":"https:\/\/poudredevies.fr\/index.php?rest_route=%2Fwp%2Fv2%2Fcomments&post=22"}],"version-history":[{"count":51,"href":"https:\/\/poudredevies.fr\/index.php?rest_route=\/wp\/v2\/pages\/22\/revisions"}],"predecessor-version":[{"id":559,"href":"https:\/\/poudredevies.fr\/index.php?rest_route=\/wp\/v2\/pages\/22\/revisions\/559"}],"wp:attachment":[{"href":"https:\/\/poudredevies.fr\/index.php?rest_route=%2Fwp%2Fv2%2Fmedia&parent=22"}],"curies":[{"name":"wp","href":"https:\/\/api.w.org\/{rel}","templated":true}]}}