{"id":281,"date":"2025-11-27T16:30:52","date_gmt":"2025-11-27T16:30:52","guid":{"rendered":"https:\/\/poudredevies.fr\/?page_id=281"},"modified":"2026-02-01T17:24:26","modified_gmt":"2026-02-01T17:24:26","slug":"le-projet-museal","status":"publish","type":"page","link":"https:\/\/poudredevies.fr\/?page_id=281","title":{"rendered":"Le projet mus\u00e9al"},"content":{"rendered":"\t\t<div data-elementor-type=\"wp-page\" data-elementor-id=\"281\" class=\"elementor elementor-281\">\n\t\t\t\t<div class=\"elementor-element elementor-element-75ecd09 e-flex e-con-boxed e-con e-parent\" data-id=\"75ecd09\" data-element_type=\"container\">\n\t\t\t\t\t<div class=\"e-con-inner\">\n\t\t\t\t<div class=\"elementor-element elementor-element-984f903 elementor-widget elementor-widget-text-editor\" data-id=\"984f903\" data-element_type=\"widget\" data-widget_type=\"text-editor.default\">\n\t\t\t\t\t\t\t\t\t<h2 data-start=\"238\" data-end=\"304\"><strong data-start=\"241\" data-end=\"304\">Un lieu pour transmettre, comprendre et relier les m\u00e9moires<\/strong><\/h2><p data-start=\"306\" data-end=\"787\">\u00c0 Sainte-Livrade-sur-Lot, les quatre derniers baraquements encore debout du Centre d\u2019Accueil des Fran\u00e7ais d\u2019Indochine (CAFI) constituent un patrimoine unique en France.<br data-start=\"474\" data-end=\"477\" \/>L\u2019association <strong data-start=\"491\" data-end=\"509\">Poudre de Vies<\/strong> porte le projet ambitieux d\u2019y cr\u00e9er un <strong data-start=\"549\" data-end=\"565\">mus\u00e9e vivant<\/strong>, destin\u00e9 \u00e0 raconter l\u2019histoire de la poudrerie nationale, les parcours des populations qui y ont travaill\u00e9 ou transit\u00e9, et la m\u00e9moire des familles fran\u00e7aises rapatri\u00e9es d\u2019Indochine install\u00e9es sur le site \u00e0 partir de 1956.<\/p><p data-start=\"789\" data-end=\"1051\">Ce projet s\u2019appuie sur un constat simple : ces b\u00e2timents ne sont pas seulement des vestiges mat\u00e9riels ; ils sont les t\u00e9moins sensibles d\u2019histoires humaines souvent m\u00e9connues, parfois douloureuses, mais essentielles \u00e0 la compr\u00e9hension de notre histoire nationale.<\/p>\t\t\t\t\t\t\t\t<\/div>\n\t\t\t\t\t<\/div>\n\t\t\t\t<\/div>\n\t\t<div class=\"elementor-element elementor-element-d416353 e-grid e-con-boxed e-con e-parent\" data-id=\"d416353\" data-element_type=\"container\">\n\t\t\t\t\t<div class=\"e-con-inner\">\n\t\t\t\t<div class=\"elementor-element elementor-element-97c8006 elementor-widget elementor-widget-text-editor\" data-id=\"97c8006\" data-element_type=\"widget\" data-widget_type=\"text-editor.default\">\n\t\t\t\t\t\t\t\t\t<h2 data-start=\"174\" data-end=\"236\"><strong data-start=\"177\" data-end=\"236\">Un mus\u00e9e ancr\u00e9 dans les 4 derniers baraquements du CAFI<\/strong><\/h2><p data-start=\"238\" data-end=\"368\">Les quatre derniers baraquements du CAFI seront restaur\u00e9s pour accueillir un <strong data-start=\"315\" data-end=\"332\">mus\u00e9e complet<\/strong>, organis\u00e9 autour de trois espaces :<\/p><ul data-start=\"370\" data-end=\"642\"><li data-start=\"370\" data-end=\"436\"><p data-start=\"372\" data-end=\"436\"><strong data-start=\"372\" data-end=\"402\">L\u2019histoire de la poudrerie<\/strong>, de sa cr\u00e9ation \u00e0 sa fermeture.<\/p><\/li><li data-start=\"437\" data-end=\"538\"><p data-start=\"439\" data-end=\"538\"><strong data-start=\"439\" data-end=\"482\">Un parcours immersif sur la vie au CAFI<\/strong>, de l\u2019arriv\u00e9e des familles aux r\u00e9alit\u00e9s du quotidien.<\/p><\/li><li data-start=\"539\" data-end=\"642\"><p data-start=\"541\" data-end=\"642\"><strong data-start=\"541\" data-end=\"583\">Des espaces d\u2019archives et de m\u00e9diation<\/strong>, ouverts aux chercheurs, aux scolaires et au grand public.<\/p><\/li><\/ul><p data-start=\"644\" data-end=\"741\">Le but : faire de ces b\u00e2timents un lieu vivant o\u00f9 se rencontrent m\u00e9moire, savoir et transmission.<\/p>\t\t\t\t\t\t\t\t<\/div>\n\t\t\t\t<div class=\"elementor-element elementor-element-3d5f731 elementor-widget elementor-widget-image\" data-id=\"3d5f731\" data-element_type=\"widget\" data-widget_type=\"image.default\">\n\t\t\t\t\t\t\t\t\t\t\t\t\t\t\t<img fetchpriority=\"high\" decoding=\"async\" width=\"1024\" height=\"683\" src=\"https:\/\/poudredevies.fr\/wp-content\/uploads\/2026\/02\/612491421_10215241629949547_6959764519525044309_n-1024x683.jpg\" class=\"attachment-large size-large wp-image-606\" alt=\"\" srcset=\"https:\/\/poudredevies.fr\/wp-content\/uploads\/2026\/02\/612491421_10215241629949547_6959764519525044309_n-1024x683.jpg 1024w, https:\/\/poudredevies.fr\/wp-content\/uploads\/2026\/02\/612491421_10215241629949547_6959764519525044309_n-300x200.jpg 300w, https:\/\/poudredevies.fr\/wp-content\/uploads\/2026\/02\/612491421_10215241629949547_6959764519525044309_n-768x512.jpg 768w, https:\/\/poudredevies.fr\/wp-content\/uploads\/2026\/02\/612491421_10215241629949547_6959764519525044309_n-1536x1024.jpg 1536w, https:\/\/poudredevies.fr\/wp-content\/uploads\/2026\/02\/612491421_10215241629949547_6959764519525044309_n.jpg 2048w\" sizes=\"(max-width: 1024px) 100vw, 1024px\" \/>\t\t\t\t\t\t\t\t\t\t\t\t\t\t\t<\/div>\n\t\t\t\t\t<\/div>\n\t\t\t\t<\/div>\n\t\t<div class=\"elementor-element elementor-element-f2ed5d9 e-flex e-con-boxed e-con e-parent\" data-id=\"f2ed5d9\" data-element_type=\"container\">\n\t\t\t\t\t<div class=\"e-con-inner\">\n\t\t\t\t<div class=\"elementor-element elementor-element-4214149 elementor-widget elementor-widget-text-editor\" data-id=\"4214149\" data-element_type=\"widget\" data-widget_type=\"text-editor.default\">\n\t\t\t\t\t\t\t\t\t<h2 data-start=\"748\" data-end=\"808\"><strong data-start=\"751\" data-end=\"808\">Une place centrale consacr\u00e9e aux Fran\u00e7ais d\u2019Indochine<\/strong><\/h2><p data-start=\"810\" data-end=\"1008\">Le mus\u00e9e donnera une importance essentielle \u00e0 l\u2019histoire des <strong data-start=\"871\" data-end=\"895\">Fran\u00e7ais d\u2019Indochine<\/strong>, install\u00e9s au CAFI \u00e0 partir de 1956.<br data-start=\"932\" data-end=\"935\" \/>Leur m\u00e9moire constitue l\u2019identit\u00e9 du site. La sc\u00e9nographie pr\u00e9vue\u00a0 pr\u00e9sentera :<\/p><ul data-start=\"1010\" data-end=\"1148\"><li data-start=\"1010\" data-end=\"1048\"><p data-start=\"1012\" data-end=\"1048\">leur trajectoire souvent douloureuse,<\/p><\/li><li data-start=\"1049\" data-end=\"1079\"><p data-start=\"1051\" data-end=\"1079\">leur installation au camp,<\/p><\/li><li data-start=\"1080\" data-end=\"1105\"><p data-start=\"1082\" data-end=\"1105\">leur vie quotidienne,<\/p><\/li><li data-start=\"1106\" data-end=\"1148\"><p data-start=\"1108\" data-end=\"1148\">leurs traditions et h\u00e9ritages culturels.<\/p><\/li><\/ul><p data-start=\"1150\" data-end=\"1267\">Une large partie du mus\u00e9e leur sera consacr\u00e9e, en lien direct avec les descendants, les familles et les associations.<\/p>\t\t\t\t\t\t\t\t<\/div>\n\t\t\t\t\t<\/div>\n\t\t\t\t<\/div>\n\t\t<div class=\"elementor-element elementor-element-51fcebc e-flex e-con-boxed e-con e-parent\" data-id=\"51fcebc\" data-element_type=\"container\">\n\t\t\t\t\t<div class=\"e-con-inner\">\n\t\t\t\t<div class=\"elementor-element elementor-element-7ba0807 elementor-widget elementor-widget-text-editor\" data-id=\"7ba0807\" data-element_type=\"widget\" data-widget_type=\"text-editor.default\">\n\t\t\t\t\t\t\t\t\t<h2 data-start=\"1274\" data-end=\"1342\"><strong data-start=\"1277\" data-end=\"1342\">Un travail de m\u00e9moire ouvert \u00e0 toutes les populations du site<\/strong><\/h2><p data-start=\"1344\" data-end=\"1443\">Au-del\u00e0 des Fran\u00e7ais d\u2019Indochine, le mus\u00e9e retracera aussi l\u2019ensemble des histoires li\u00e9es au lieu :<\/p><ul data-start=\"1445\" data-end=\"1634\"><li data-start=\"1445\" data-end=\"1496\"><p data-start=\"1447\" data-end=\"1496\">les ouvriers de la poudrerie et leurs familles,<\/p><\/li><li data-start=\"1497\" data-end=\"1546\"><p data-start=\"1499\" data-end=\"1546\">les travailleurs \u00e9trangers ou r\u00e9quisitionn\u00e9s,<\/p><\/li><li data-start=\"1547\" data-end=\"1634\"><p data-start=\"1549\" data-end=\"1634\">les diff\u00e9rentes communaut\u00e9s ayant v\u00e9cu ou travaill\u00e9 sur le site au fil du XXe si\u00e8cle.<\/p><\/li><\/ul><p data-start=\"1636\" data-end=\"1758\">L\u2019objectif : offrir une vision <strong data-start=\"1667\" data-end=\"1701\">claire, accessible et compl\u00e8te<\/strong> de toutes les m\u00e9moires qui composent l\u2019histoire du CAFI.<\/p>\t\t\t\t\t\t\t\t<\/div>\n\t\t\t\t\t<\/div>\n\t\t\t\t<\/div>\n\t\t\t\t<\/div>\n\t\t","protected":false},"excerpt":{"rendered":"<p>Un lieu pour transmettre, comprendre et relier les m\u00e9moires \u00c0 Sainte-Livrade-sur-Lot, les quatre derniers baraquements encore debout du Centre d\u2019Accueil [&hellip;]<\/p>\n","protected":false},"author":1,"featured_media":0,"parent":0,"menu_order":0,"comment_status":"closed","ping_status":"closed","template":"","meta":{"site-sidebar-layout":"no-sidebar","site-content-layout":"","ast-site-content-layout":"full-width-container","site-content-style":"default","site-sidebar-style":"default","ast-global-header-display":"","ast-banner-title-visibility":"","ast-main-header-display":"","ast-hfb-above-header-display":"","ast-hfb-below-header-display":"","ast-hfb-mobile-header-display":"","site-post-title":"","ast-breadcrumbs-content":"","ast-featured-img":"disabled","footer-sml-layout":"","theme-transparent-header-meta":"","adv-header-id-meta":"","stick-header-meta":"","header-above-stick-meta":"","header-main-stick-meta":"","header-below-stick-meta":"","astra-migrate-meta-layouts":"default","ast-page-background-enabled":"default","ast-page-background-meta":{"desktop":{"background-color":"var(--ast-global-color-5)","background-image":"","background-repeat":"repeat","background-position":"center center","background-size":"auto","background-attachment":"scroll","background-type":"","background-media":"","overlay-type":"","overlay-color":"","overlay-opacity":"","overlay-gradient":""},"tablet":{"background-color":"","background-image":"","background-repeat":"repeat","background-position":"center center","background-size":"auto","background-attachment":"scroll","background-type":"","background-media":"","overlay-type":"","overlay-color":"","overlay-opacity":"","overlay-gradient":""},"mobile":{"background-color":"","background-image":"","background-repeat":"repeat","background-position":"center center","background-size":"auto","background-attachment":"scroll","background-type":"","background-media":"","overlay-type":"","overlay-color":"","overlay-opacity":"","overlay-gradient":""}},"ast-content-background-meta":{"desktop":{"background-color":"var(--ast-global-color-4)","background-image":"","background-repeat":"repeat","background-position":"center center","background-size":"auto","background-attachment":"scroll","background-type":"","background-media":"","overlay-type":"","overlay-color":"","overlay-opacity":"","overlay-gradient":""},"tablet":{"background-color":"var(--ast-global-color-4)","background-image":"","background-repeat":"repeat","background-position":"center center","background-size":"auto","background-attachment":"scroll","background-type":"","background-media":"","overlay-type":"","overlay-color":"","overlay-opacity":"","overlay-gradient":""},"mobile":{"background-color":"var(--ast-global-color-4)","background-image":"","background-repeat":"repeat","background-position":"center center","background-size":"auto","background-attachment":"scroll","background-type":"","background-media":"","overlay-type":"","overlay-color":"","overlay-opacity":"","overlay-gradient":""}},"footnotes":""},"class_list":["post-281","page","type-page","status-publish","hentry"],"yoast_head":"<!-- This site is optimized with the Yoast SEO plugin v26.4 - https:\/\/yoast.com\/wordpress\/plugins\/seo\/ -->\n<title>Le projet mus\u00e9al -<\/title>\n<meta name=\"robots\" content=\"index, follow, max-snippet:-1, max-image-preview:large, max-video-preview:-1\" \/>\n<link rel=\"canonical\" href=\"https:\/\/poudredevies.fr\/?page_id=281\" \/>\n<meta property=\"og:locale\" content=\"en_US\" \/>\n<meta property=\"og:type\" content=\"article\" \/>\n<meta property=\"og:title\" content=\"Le projet mus\u00e9al -\" \/>\n<meta property=\"og:description\" content=\"Un lieu pour transmettre, comprendre et relier les m\u00e9moires \u00c0 Sainte-Livrade-sur-Lot, les quatre derniers baraquements encore debout du Centre d\u2019Accueil [&hellip;]\" \/>\n<meta property=\"og:url\" content=\"https:\/\/poudredevies.fr\/?page_id=281\" \/>\n<meta property=\"article:modified_time\" content=\"2026-02-01T17:24:26+00:00\" \/>\n<meta property=\"og:image\" content=\"https:\/\/poudredevies.fr\/wp-content\/uploads\/2026\/02\/612491421_10215241629949547_6959764519525044309_n-1024x683.jpg\" \/>\n<meta name=\"twitter:card\" content=\"summary_large_image\" \/>\n<meta name=\"twitter:label1\" content=\"Est. reading time\" \/>\n\t<meta name=\"twitter:data1\" content=\"2 minutes\" \/>\n<script type=\"application\/ld+json\" class=\"yoast-schema-graph\">{\"@context\":\"https:\/\/schema.org\",\"@graph\":[{\"@type\":\"WebPage\",\"@id\":\"https:\/\/poudredevies.fr\/?page_id=281\",\"url\":\"https:\/\/poudredevies.fr\/?page_id=281\",\"name\":\"Le projet mus\u00e9al -\",\"isPartOf\":{\"@id\":\"https:\/\/poudredevies.fr\/#website\"},\"primaryImageOfPage\":{\"@id\":\"https:\/\/poudredevies.fr\/?page_id=281#primaryimage\"},\"image\":{\"@id\":\"https:\/\/poudredevies.fr\/?page_id=281#primaryimage\"},\"thumbnailUrl\":\"https:\/\/poudredevies.fr\/wp-content\/uploads\/2026\/02\/612491421_10215241629949547_6959764519525044309_n-1024x683.jpg\",\"datePublished\":\"2025-11-27T16:30:52+00:00\",\"dateModified\":\"2026-02-01T17:24:26+00:00\",\"breadcrumb\":{\"@id\":\"https:\/\/poudredevies.fr\/?page_id=281#breadcrumb\"},\"inLanguage\":\"en-US\",\"potentialAction\":[{\"@type\":\"ReadAction\",\"target\":[\"https:\/\/poudredevies.fr\/?page_id=281\"]}]},{\"@type\":\"ImageObject\",\"inLanguage\":\"en-US\",\"@id\":\"https:\/\/poudredevies.fr\/?page_id=281#primaryimage\",\"url\":\"https:\/\/poudredevies.fr\/wp-content\/uploads\/2026\/02\/612491421_10215241629949547_6959764519525044309_n.jpg\",\"contentUrl\":\"https:\/\/poudredevies.fr\/wp-content\/uploads\/2026\/02\/612491421_10215241629949547_6959764519525044309_n.jpg\",\"width\":2048,\"height\":1365},{\"@type\":\"BreadcrumbList\",\"@id\":\"https:\/\/poudredevies.fr\/?page_id=281#breadcrumb\",\"itemListElement\":[{\"@type\":\"ListItem\",\"position\":1,\"name\":\"Home\",\"item\":\"https:\/\/poudredevies.fr\/\"},{\"@type\":\"ListItem\",\"position\":2,\"name\":\"Le projet mus\u00e9al\"}]},{\"@type\":\"WebSite\",\"@id\":\"https:\/\/poudredevies.fr\/#website\",\"url\":\"https:\/\/poudredevies.fr\/\",\"name\":\"WordPress\",\"description\":\"\",\"publisher\":{\"@id\":\"https:\/\/poudredevies.fr\/#organization\"},\"potentialAction\":[{\"@type\":\"SearchAction\",\"target\":{\"@type\":\"EntryPoint\",\"urlTemplate\":\"https:\/\/poudredevies.fr\/?s={search_term_string}\"},\"query-input\":{\"@type\":\"PropertyValueSpecification\",\"valueRequired\":true,\"valueName\":\"search_term_string\"}}],\"inLanguage\":\"en-US\"},{\"@type\":\"Organization\",\"@id\":\"https:\/\/poudredevies.fr\/#organization\",\"name\":\"WordPress\",\"url\":\"https:\/\/poudredevies.fr\/\",\"logo\":{\"@type\":\"ImageObject\",\"inLanguage\":\"en-US\",\"@id\":\"https:\/\/poudredevies.fr\/#\/schema\/logo\/image\/\",\"url\":\"https:\/\/poudredevies.fr\/wp-content\/uploads\/2025\/11\/cropped-LOGO_POUDRE_DE_VIES_2024-1.webp\",\"contentUrl\":\"https:\/\/poudredevies.fr\/wp-content\/uploads\/2025\/11\/cropped-LOGO_POUDRE_DE_VIES_2024-1.webp\",\"width\":810,\"height\":605,\"caption\":\"WordPress\"},\"image\":{\"@id\":\"https:\/\/poudredevies.fr\/#\/schema\/logo\/image\/\"}}]}<\/script>\n<!-- \/ Yoast SEO plugin. -->","yoast_head_json":{"title":"Le projet mus\u00e9al -","robots":{"index":"index","follow":"follow","max-snippet":"max-snippet:-1","max-image-preview":"max-image-preview:large","max-video-preview":"max-video-preview:-1"},"canonical":"https:\/\/poudredevies.fr\/?page_id=281","og_locale":"en_US","og_type":"article","og_title":"Le projet mus\u00e9al -","og_description":"Un lieu pour transmettre, comprendre et relier les m\u00e9moires \u00c0 Sainte-Livrade-sur-Lot, les quatre derniers baraquements encore debout du Centre d\u2019Accueil [&hellip;]","og_url":"https:\/\/poudredevies.fr\/?page_id=281","article_modified_time":"2026-02-01T17:24:26+00:00","og_image":[{"url":"https:\/\/poudredevies.fr\/wp-content\/uploads\/2026\/02\/612491421_10215241629949547_6959764519525044309_n-1024x683.jpg","type":"","width":"","height":""}],"twitter_card":"summary_large_image","twitter_misc":{"Est. reading time":"2 minutes"},"schema":{"@context":"https:\/\/schema.org","@graph":[{"@type":"WebPage","@id":"https:\/\/poudredevies.fr\/?page_id=281","url":"https:\/\/poudredevies.fr\/?page_id=281","name":"Le projet mus\u00e9al -","isPartOf":{"@id":"https:\/\/poudredevies.fr\/#website"},"primaryImageOfPage":{"@id":"https:\/\/poudredevies.fr\/?page_id=281#primaryimage"},"image":{"@id":"https:\/\/poudredevies.fr\/?page_id=281#primaryimage"},"thumbnailUrl":"https:\/\/poudredevies.fr\/wp-content\/uploads\/2026\/02\/612491421_10215241629949547_6959764519525044309_n-1024x683.jpg","datePublished":"2025-11-27T16:30:52+00:00","dateModified":"2026-02-01T17:24:26+00:00","breadcrumb":{"@id":"https:\/\/poudredevies.fr\/?page_id=281#breadcrumb"},"inLanguage":"en-US","potentialAction":[{"@type":"ReadAction","target":["https:\/\/poudredevies.fr\/?page_id=281"]}]},{"@type":"ImageObject","inLanguage":"en-US","@id":"https:\/\/poudredevies.fr\/?page_id=281#primaryimage","url":"https:\/\/poudredevies.fr\/wp-content\/uploads\/2026\/02\/612491421_10215241629949547_6959764519525044309_n.jpg","contentUrl":"https:\/\/poudredevies.fr\/wp-content\/uploads\/2026\/02\/612491421_10215241629949547_6959764519525044309_n.jpg","width":2048,"height":1365},{"@type":"BreadcrumbList","@id":"https:\/\/poudredevies.fr\/?page_id=281#breadcrumb","itemListElement":[{"@type":"ListItem","position":1,"name":"Home","item":"https:\/\/poudredevies.fr\/"},{"@type":"ListItem","position":2,"name":"Le projet mus\u00e9al"}]},{"@type":"WebSite","@id":"https:\/\/poudredevies.fr\/#website","url":"https:\/\/poudredevies.fr\/","name":"WordPress","description":"","publisher":{"@id":"https:\/\/poudredevies.fr\/#organization"},"potentialAction":[{"@type":"SearchAction","target":{"@type":"EntryPoint","urlTemplate":"https:\/\/poudredevies.fr\/?s={search_term_string}"},"query-input":{"@type":"PropertyValueSpecification","valueRequired":true,"valueName":"search_term_string"}}],"inLanguage":"en-US"},{"@type":"Organization","@id":"https:\/\/poudredevies.fr\/#organization","name":"WordPress","url":"https:\/\/poudredevies.fr\/","logo":{"@type":"ImageObject","inLanguage":"en-US","@id":"https:\/\/poudredevies.fr\/#\/schema\/logo\/image\/","url":"https:\/\/poudredevies.fr\/wp-content\/uploads\/2025\/11\/cropped-LOGO_POUDRE_DE_VIES_2024-1.webp","contentUrl":"https:\/\/poudredevies.fr\/wp-content\/uploads\/2025\/11\/cropped-LOGO_POUDRE_DE_VIES_2024-1.webp","width":810,"height":605,"caption":"WordPress"},"image":{"@id":"https:\/\/poudredevies.fr\/#\/schema\/logo\/image\/"}}]}},"_links":{"self":[{"href":"https:\/\/poudredevies.fr\/index.php?rest_route=\/wp\/v2\/pages\/281","targetHints":{"allow":["GET"]}}],"collection":[{"href":"https:\/\/poudredevies.fr\/index.php?rest_route=\/wp\/v2\/pages"}],"about":[{"href":"https:\/\/poudredevies.fr\/index.php?rest_route=\/wp\/v2\/types\/page"}],"author":[{"embeddable":true,"href":"https:\/\/poudredevies.fr\/index.php?rest_route=\/wp\/v2\/users\/1"}],"replies":[{"embeddable":true,"href":"https:\/\/poudredevies.fr\/index.php?rest_route=%2Fwp%2Fv2%2Fcomments&post=281"}],"version-history":[{"count":16,"href":"https:\/\/poudredevies.fr\/index.php?rest_route=\/wp\/v2\/pages\/281\/revisions"}],"predecessor-version":[{"id":626,"href":"https:\/\/poudredevies.fr\/index.php?rest_route=\/wp\/v2\/pages\/281\/revisions\/626"}],"wp:attachment":[{"href":"https:\/\/poudredevies.fr\/index.php?rest_route=%2Fwp%2Fv2%2Fmedia&parent=281"}],"curies":[{"name":"wp","href":"https:\/\/api.w.org\/{rel}","templated":true}]}}