{"id":410,"date":"2026-01-28T16:12:39","date_gmt":"2026-01-28T16:12:39","guid":{"rendered":"https:\/\/poudredevies.fr\/?page_id=410"},"modified":"2026-02-01T11:36:02","modified_gmt":"2026-02-01T11:36:02","slug":"publications-de-poleth-wadbled","status":"publish","type":"page","link":"https:\/\/poudredevies.fr\/?page_id=410","title":{"rendered":"Publications de Poleth Wadbled"},"content":{"rendered":"\t\t<div data-elementor-type=\"wp-page\" data-elementor-id=\"410\" class=\"elementor elementor-410\">\n\t\t\t\t<div class=\"elementor-element elementor-element-8ab25dd e-flex e-con-boxed e-con e-parent\" data-id=\"8ab25dd\" data-element_type=\"container\">\n\t\t\t\t\t<div class=\"e-con-inner\">\n\t\t\t\t<div class=\"elementor-element elementor-element-303a7a7 elementor-widget elementor-widget-text-editor\" data-id=\"303a7a7\" data-element_type=\"widget\" data-widget_type=\"text-editor.default\">\n\t\t\t\t\t\t\t\t\t<h2 data-start=\"387\" data-end=\"406\">Poleth Wadbled<\/h2>\n<h3 data-start=\"407\" data-end=\"460\">Sociologue \u2013 Migrations, m\u00e9moires et transmission<\/h3>\n<p data-start=\"462\" data-end=\"889\">Poleth Wadbled est sociologue, sp\u00e9cialiste des migrations, des processus de transmission et des m\u00e9moires collectives.<br data-start=\"579\" data-end=\"582\" \/>Ses travaux portent notamment sur les populations issues de l\u2019Indochine fran\u00e7aise, les camps et lieux d\u2019accueil, ainsi que sur la patrimonialisation des m\u00e9moires migratoires.<br data-start=\"756\" data-end=\"759\" \/>Elle associe recherche scientifique, expertise pour des collectivit\u00e9s et actions de m\u00e9diation culturelle aupr\u00e8s de publics vari\u00e9s.<\/p>\t\t\t\t\t\t\t\t<\/div>\n\t\t\t\t\t<\/div>\n\t\t\t\t<\/div>\n\t\t<div class=\"elementor-element elementor-element-f808ebf e-flex e-con-boxed e-con e-parent\" data-id=\"f808ebf\" data-element_type=\"container\">\n\t\t\t\t\t<div class=\"e-con-inner\">\n\t\t\t\t<div class=\"elementor-element elementor-element-6ea8a84 elementor-widget__width-initial elementor-widget elementor-widget-text-editor\" data-id=\"6ea8a84\" data-element_type=\"widget\" data-widget_type=\"text-editor.default\">\n\t\t\t\t\t\t\t\t\t<ul><li data-start=\"896\" data-end=\"934\"><h2>Publications &amp; travaux de r\u00e9f\u00e9rence<\/h2><\/li><li data-start=\"936\" data-end=\"1069\"><p data-start=\"938\" data-end=\"1069\"><strong data-start=\"938\" data-end=\"988\">Principes \u00e9ducatifs \u00e0 l\u2019\u00e9preuve des migrations<\/strong>,<br data-start=\"989\" data-end=\"992\" \/><em data-start=\"994\" data-end=\"1010\">Revue Moussons<\/em>, n\u00b042 \u2013 IRASIA \/ Presses Universitaires de Provence, 2023.<\/p><\/li><li data-start=\"1071\" data-end=\"1219\"><p data-start=\"1073\" data-end=\"1219\"><strong data-start=\"1073\" data-end=\"1145\">Les rapatri\u00e9s d\u2019Indochine : m\u00e9moires, transmissions et appartenances<\/strong>,<br data-start=\"1146\" data-end=\"1149\" \/>articles et recherches publi\u00e9s notamment dans <em data-start=\"1197\" data-end=\"1218\">Hommes &amp; Migrations<\/em>.<\/p><\/li><li data-start=\"1221\" data-end=\"1363\"><p data-start=\"1223\" data-end=\"1363\"><strong data-start=\"1223\" data-end=\"1263\">Panoramas historiques des migrations<\/strong><br data-start=\"1263\" data-end=\"1266\" \/>\u2013 Bretagne (2010)<br data-start=\"1285\" data-end=\"1288\" \/>\u2013 R\u00e9gion Centre-Val de Loire (2014)<br data-start=\"1325\" data-end=\"1328\" \/>\u00c9ditions <em data-start=\"1339\" data-end=\"1362\">Les Oiseaux de papier<\/em>.<\/p><\/li><li data-start=\"1365\" data-end=\"1550\"><p data-start=\"1367\" data-end=\"1550\"><strong data-start=\"1367\" data-end=\"1403\">L\u2019internationale de la Poudrerie<\/strong>,<br data-start=\"1404\" data-end=\"1407\" \/>Coordonatrice du num\u00e9ro sp\u00e9cial de la revue <em data-start=\"1436\" data-end=\"1445\">Ancrage<\/em>, 2011, consacr\u00e9 aux camps et populations de la Poudrerie<br data-start=\"1502\" data-end=\"1505\" \/>(Sainte-Livrade-sur-Lot, Bias, Casseneuil).<\/p><\/li><li><strong>Les th\u00e1nh th\u00e2n dans la migration: m\u00eame les esprits s&#8217;acculturent<\/strong>,\u00a0 in :Archives des sciences sociales des religions, 2000\/3 n\u00b0 111, pp.<\/li><li><strong>Un culte vi\u00eatnamien en France: continuit\u00e9 et changement,\u00a0<\/strong> in Revue Europ\u00e9enne des migrations internationales (REMI) vol16, n\u00b02, 2000<\/li><\/ul>\t\t\t\t\t\t\t\t<\/div>\n\t\t\t\t\t<\/div>\n\t\t\t\t<\/div>\n\t\t<div class=\"elementor-element elementor-element-6dc4dc3 e-flex e-con-boxed e-con e-parent\" data-id=\"6dc4dc3\" data-element_type=\"container\">\n\t\t\t\t\t<div class=\"e-con-inner\">\n\t\t\t\t<div class=\"elementor-element elementor-element-5b37139 elementor-widget elementor-widget-text-editor\" data-id=\"5b37139\" data-element_type=\"widget\" data-widget_type=\"text-editor.default\">\n\t\t\t\t\t\t\t\t\t<h2 data-start=\"1557\" data-end=\"1601\">Expertise scientifique &amp; lieux de m\u00e9moire<\/h2>\n<ul data-start=\"1603\" data-end=\"2122\">\n<li data-start=\"1603\" data-end=\"1784\">\n<p data-start=\"1605\" data-end=\"1784\"><strong data-start=\"1605\" data-end=\"1668\">Charg\u00e9e de mission scientifique et commissaire d\u2019exposition<\/strong> pour la cr\u00e9ation de l\u2019espace mus\u00e9al consacr\u00e9 aux rapatri\u00e9s d\u2019Indochine,<br data-start=\"1740\" data-end=\"1743\" \/><em data-start=\"1745\" data-end=\"1771\">Ville de Noyant-d\u2019Allier<\/em> (2024\u20132026).<\/p>\n<\/li>\n<li data-start=\"1786\" data-end=\"2013\">\n<p data-start=\"1788\" data-end=\"2013\"><strong data-start=\"1788\" data-end=\"1843\">Membre du comit\u00e9 scientifique et historique du CAFI<\/strong><br data-start=\"1843\" data-end=\"1846\" \/>(Centre d\u2019Accueil des Fran\u00e7ais d\u2019Indochine \u2013 Sainte-Livrade-sur-Lot),<br data-start=\"1917\" data-end=\"1920\" \/>participation \u00e0 l\u2019\u00e9laboration du lieu de m\u00e9moire et r\u00e9daction du rapport final (2012\u20132014).<\/p>\n<\/li>\n<li data-start=\"2015\" data-end=\"2122\">\n<p data-start=\"2017\" data-end=\"2122\"><strong data-start=\"2017\" data-end=\"2067\">Contributions scientifiques et r\u00e9dactionnelles<\/strong> pour le site<br data-start=\"2080\" data-end=\"2083\" \/><em data-start=\"2085\" data-end=\"2114\">CAFI \u2013 Histoires &amp; M\u00e9moires<\/em> (2018).<\/p>\n<\/li>\n<\/ul>\t\t\t\t\t\t\t\t<\/div>\n\t\t\t\t\t<\/div>\n\t\t\t\t<\/div>\n\t\t<div class=\"elementor-element elementor-element-b2bc4a3 e-flex e-con-boxed e-con e-parent\" data-id=\"b2bc4a3\" data-element_type=\"container\">\n\t\t\t\t\t<div class=\"e-con-inner\">\n\t\t\t\t<div class=\"elementor-element elementor-element-d450271 elementor-widget__width-initial elementor-widget elementor-widget-text-editor\" data-id=\"d450271\" data-element_type=\"widget\" data-widget_type=\"text-editor.default\">\n\t\t\t\t\t\t\t\t\t<h2 data-start=\"2129\" data-end=\"2180\">Conf\u00e9rences, transmission &amp; m\u00e9diation culturelle<\/h2><ul><li data-start=\"2182\" data-end=\"2332\"><p data-start=\"2184\" data-end=\"2332\"><strong data-start=\"2184\" data-end=\"2236\">Les rapatri\u00e9s d\u2019Indochine, une histoire m\u00e9connue<\/strong>,<br data-start=\"2237\" data-end=\"2240\" \/>conf\u00e9rences, rencontres-d\u00e9bats et tables rondes (Paris, Bordeaux, Sainte-Livrade-sur-Lot).<\/p><\/li><li data-start=\"2334\" data-end=\"2444\"><p data-start=\"2336\" data-end=\"2444\"><strong data-start=\"2336\" data-end=\"2386\">Femmes et migrations : rapports sociaux genr\u00e9s<\/strong>,<br data-start=\"2387\" data-end=\"2390\" \/>conf\u00e9rence publique, Villes au Carr\u00e9 \u2013 Tours (2020).<\/p><\/li><li data-start=\"2446\" data-end=\"2591\"><strong data-start=\"2448\" data-end=\"2514\">Accompagnement scientifique et p\u00e9dagogique du spectacle \u201cCAFI\u201d<\/strong><br data-start=\"2514\" data-end=\"2517\" \/>de Vladia Merlet : interventions scolaires et rencontres avec le public.<\/li><li data-start=\"2593\" data-end=\"2743\"><p data-start=\"2595\" data-end=\"2743\"><strong data-start=\"2595\" data-end=\"2660\">Collectes de r\u00e9cits de vie et actions de m\u00e9diation culturelle<\/strong><br data-start=\"2660\" data-end=\"2663\" \/>dans le cadre d\u2019expositions r\u00e9gionales consacr\u00e9es \u00e0 l\u2019histoire des migrations.<\/p><\/li><li><h5><strong style=\"font-size: 16px; font-style: inherit; color: #7a7a7a;\" data-start=\"2595\" data-end=\"2660\">Colloque sur les camps d&#8217;internement des Nippo-Am\u00e9ricains pendant le Saconde Guerre mondiale au Etats-Uni (Nov 2025 &#8211; Facult\u00e9 de Bordeaux)<\/strong><\/h5><\/li><\/ul><h5>\u00a0<\/h5>\t\t\t\t\t\t\t\t<\/div>\n\t\t\t\t\t<\/div>\n\t\t\t\t<\/div>\n\t\t\t\t<\/div>\n\t\t","protected":false},"excerpt":{"rendered":"<p>Poleth Wadbled Sociologue \u2013 Migrations, m\u00e9moires et transmission Poleth Wadbled est sociologue, sp\u00e9cialiste des migrations, des processus de transmission et [&hellip;]<\/p>\n","protected":false},"author":1,"featured_media":0,"parent":0,"menu_order":0,"comment_status":"closed","ping_status":"closed","template":"","meta":{"site-sidebar-layout":"no-sidebar","site-content-layout":"","ast-site-content-layout":"full-width-container","site-content-style":"default","site-sidebar-style":"default","ast-global-header-display":"","ast-banner-title-visibility":"","ast-main-header-display":"","ast-hfb-above-header-display":"","ast-hfb-below-header-display":"","ast-hfb-mobile-header-display":"","site-post-title":"","ast-breadcrumbs-content":"","ast-featured-img":"disabled","footer-sml-layout":"","theme-transparent-header-meta":"","adv-header-id-meta":"","stick-header-meta":"","header-above-stick-meta":"","header-main-stick-meta":"","header-below-stick-meta":"","astra-migrate-meta-layouts":"default","ast-page-background-enabled":"default","ast-page-background-meta":{"desktop":{"background-color":"var(--ast-global-color-5)","background-image":"","background-repeat":"repeat","background-position":"center center","background-size":"auto","background-attachment":"scroll","background-type":"","background-media":"","overlay-type":"","overlay-color":"","overlay-opacity":"","overlay-gradient":""},"tablet":{"background-color":"","background-image":"","background-repeat":"repeat","background-position":"center center","background-size":"auto","background-attachment":"scroll","background-type":"","background-media":"","overlay-type":"","overlay-color":"","overlay-opacity":"","overlay-gradient":""},"mobile":{"background-color":"","background-image":"","background-repeat":"repeat","background-position":"center center","background-size":"auto","background-attachment":"scroll","background-type":"","background-media":"","overlay-type":"","overlay-color":"","overlay-opacity":"","overlay-gradient":""}},"ast-content-background-meta":{"desktop":{"background-color":"var(--ast-global-color-4)","background-image":"","background-repeat":"repeat","background-position":"center center","background-size":"auto","background-attachment":"scroll","background-type":"","background-media":"","overlay-type":"","overlay-color":"","overlay-opacity":"","overlay-gradient":""},"tablet":{"background-color":"var(--ast-global-color-4)","background-image":"","background-repeat":"repeat","background-position":"center center","background-size":"auto","background-attachment":"scroll","background-type":"","background-media":"","overlay-type":"","overlay-color":"","overlay-opacity":"","overlay-gradient":""},"mobile":{"background-color":"var(--ast-global-color-4)","background-image":"","background-repeat":"repeat","background-position":"center center","background-size":"auto","background-attachment":"scroll","background-type":"","background-media":"","overlay-type":"","overlay-color":"","overlay-opacity":"","overlay-gradient":""}},"footnotes":""},"class_list":["post-410","page","type-page","status-publish","hentry"],"yoast_head":"<!-- This site is optimized with the Yoast SEO plugin v26.4 - https:\/\/yoast.com\/wordpress\/plugins\/seo\/ -->\n<title>Publications de Poleth Wadbled -<\/title>\n<meta name=\"robots\" content=\"index, follow, max-snippet:-1, max-image-preview:large, max-video-preview:-1\" \/>\n<link rel=\"canonical\" href=\"https:\/\/poudredevies.fr\/?page_id=410\" \/>\n<meta property=\"og:locale\" content=\"en_US\" \/>\n<meta property=\"og:type\" content=\"article\" \/>\n<meta property=\"og:title\" content=\"Publications de Poleth Wadbled -\" \/>\n<meta property=\"og:description\" content=\"Poleth Wadbled Sociologue \u2013 Migrations, m\u00e9moires et transmission Poleth Wadbled est sociologue, sp\u00e9cialiste des migrations, des processus de transmission et [&hellip;]\" \/>\n<meta property=\"og:url\" content=\"https:\/\/poudredevies.fr\/?page_id=410\" \/>\n<meta property=\"article:modified_time\" content=\"2026-02-01T11:36:02+00:00\" \/>\n<meta name=\"twitter:card\" content=\"summary_large_image\" \/>\n<meta name=\"twitter:label1\" content=\"Est. reading time\" \/>\n\t<meta name=\"twitter:data1\" content=\"2 minutes\" \/>\n<script type=\"application\/ld+json\" class=\"yoast-schema-graph\">{\"@context\":\"https:\/\/schema.org\",\"@graph\":[{\"@type\":\"WebPage\",\"@id\":\"https:\/\/poudredevies.fr\/?page_id=410\",\"url\":\"https:\/\/poudredevies.fr\/?page_id=410\",\"name\":\"Publications de Poleth Wadbled -\",\"isPartOf\":{\"@id\":\"https:\/\/poudredevies.fr\/#website\"},\"datePublished\":\"2026-01-28T16:12:39+00:00\",\"dateModified\":\"2026-02-01T11:36:02+00:00\",\"breadcrumb\":{\"@id\":\"https:\/\/poudredevies.fr\/?page_id=410#breadcrumb\"},\"inLanguage\":\"en-US\",\"potentialAction\":[{\"@type\":\"ReadAction\",\"target\":[\"https:\/\/poudredevies.fr\/?page_id=410\"]}]},{\"@type\":\"BreadcrumbList\",\"@id\":\"https:\/\/poudredevies.fr\/?page_id=410#breadcrumb\",\"itemListElement\":[{\"@type\":\"ListItem\",\"position\":1,\"name\":\"Home\",\"item\":\"https:\/\/poudredevies.fr\/\"},{\"@type\":\"ListItem\",\"position\":2,\"name\":\"Publications de Poleth Wadbled\"}]},{\"@type\":\"WebSite\",\"@id\":\"https:\/\/poudredevies.fr\/#website\",\"url\":\"https:\/\/poudredevies.fr\/\",\"name\":\"WordPress\",\"description\":\"\",\"publisher\":{\"@id\":\"https:\/\/poudredevies.fr\/#organization\"},\"potentialAction\":[{\"@type\":\"SearchAction\",\"target\":{\"@type\":\"EntryPoint\",\"urlTemplate\":\"https:\/\/poudredevies.fr\/?s={search_term_string}\"},\"query-input\":{\"@type\":\"PropertyValueSpecification\",\"valueRequired\":true,\"valueName\":\"search_term_string\"}}],\"inLanguage\":\"en-US\"},{\"@type\":\"Organization\",\"@id\":\"https:\/\/poudredevies.fr\/#organization\",\"name\":\"WordPress\",\"url\":\"https:\/\/poudredevies.fr\/\",\"logo\":{\"@type\":\"ImageObject\",\"inLanguage\":\"en-US\",\"@id\":\"https:\/\/poudredevies.fr\/#\/schema\/logo\/image\/\",\"url\":\"https:\/\/poudredevies.fr\/wp-content\/uploads\/2025\/11\/cropped-LOGO_POUDRE_DE_VIES_2024-1.webp\",\"contentUrl\":\"https:\/\/poudredevies.fr\/wp-content\/uploads\/2025\/11\/cropped-LOGO_POUDRE_DE_VIES_2024-1.webp\",\"width\":810,\"height\":605,\"caption\":\"WordPress\"},\"image\":{\"@id\":\"https:\/\/poudredevies.fr\/#\/schema\/logo\/image\/\"}}]}<\/script>\n<!-- \/ Yoast SEO plugin. -->","yoast_head_json":{"title":"Publications de Poleth Wadbled -","robots":{"index":"index","follow":"follow","max-snippet":"max-snippet:-1","max-image-preview":"max-image-preview:large","max-video-preview":"max-video-preview:-1"},"canonical":"https:\/\/poudredevies.fr\/?page_id=410","og_locale":"en_US","og_type":"article","og_title":"Publications de Poleth Wadbled -","og_description":"Poleth Wadbled Sociologue \u2013 Migrations, m\u00e9moires et transmission Poleth Wadbled est sociologue, sp\u00e9cialiste des migrations, des processus de transmission et [&hellip;]","og_url":"https:\/\/poudredevies.fr\/?page_id=410","article_modified_time":"2026-02-01T11:36:02+00:00","twitter_card":"summary_large_image","twitter_misc":{"Est. reading time":"2 minutes"},"schema":{"@context":"https:\/\/schema.org","@graph":[{"@type":"WebPage","@id":"https:\/\/poudredevies.fr\/?page_id=410","url":"https:\/\/poudredevies.fr\/?page_id=410","name":"Publications de Poleth Wadbled -","isPartOf":{"@id":"https:\/\/poudredevies.fr\/#website"},"datePublished":"2026-01-28T16:12:39+00:00","dateModified":"2026-02-01T11:36:02+00:00","breadcrumb":{"@id":"https:\/\/poudredevies.fr\/?page_id=410#breadcrumb"},"inLanguage":"en-US","potentialAction":[{"@type":"ReadAction","target":["https:\/\/poudredevies.fr\/?page_id=410"]}]},{"@type":"BreadcrumbList","@id":"https:\/\/poudredevies.fr\/?page_id=410#breadcrumb","itemListElement":[{"@type":"ListItem","position":1,"name":"Home","item":"https:\/\/poudredevies.fr\/"},{"@type":"ListItem","position":2,"name":"Publications de Poleth Wadbled"}]},{"@type":"WebSite","@id":"https:\/\/poudredevies.fr\/#website","url":"https:\/\/poudredevies.fr\/","name":"WordPress","description":"","publisher":{"@id":"https:\/\/poudredevies.fr\/#organization"},"potentialAction":[{"@type":"SearchAction","target":{"@type":"EntryPoint","urlTemplate":"https:\/\/poudredevies.fr\/?s={search_term_string}"},"query-input":{"@type":"PropertyValueSpecification","valueRequired":true,"valueName":"search_term_string"}}],"inLanguage":"en-US"},{"@type":"Organization","@id":"https:\/\/poudredevies.fr\/#organization","name":"WordPress","url":"https:\/\/poudredevies.fr\/","logo":{"@type":"ImageObject","inLanguage":"en-US","@id":"https:\/\/poudredevies.fr\/#\/schema\/logo\/image\/","url":"https:\/\/poudredevies.fr\/wp-content\/uploads\/2025\/11\/cropped-LOGO_POUDRE_DE_VIES_2024-1.webp","contentUrl":"https:\/\/poudredevies.fr\/wp-content\/uploads\/2025\/11\/cropped-LOGO_POUDRE_DE_VIES_2024-1.webp","width":810,"height":605,"caption":"WordPress"},"image":{"@id":"https:\/\/poudredevies.fr\/#\/schema\/logo\/image\/"}}]}},"_links":{"self":[{"href":"https:\/\/poudredevies.fr\/index.php?rest_route=\/wp\/v2\/pages\/410","targetHints":{"allow":["GET"]}}],"collection":[{"href":"https:\/\/poudredevies.fr\/index.php?rest_route=\/wp\/v2\/pages"}],"about":[{"href":"https:\/\/poudredevies.fr\/index.php?rest_route=\/wp\/v2\/types\/page"}],"author":[{"embeddable":true,"href":"https:\/\/poudredevies.fr\/index.php?rest_route=\/wp\/v2\/users\/1"}],"replies":[{"embeddable":true,"href":"https:\/\/poudredevies.fr\/index.php?rest_route=%2Fwp%2Fv2%2Fcomments&post=410"}],"version-history":[{"count":17,"href":"https:\/\/poudredevies.fr\/index.php?rest_route=\/wp\/v2\/pages\/410\/revisions"}],"predecessor-version":[{"id":577,"href":"https:\/\/poudredevies.fr\/index.php?rest_route=\/wp\/v2\/pages\/410\/revisions\/577"}],"wp:attachment":[{"href":"https:\/\/poudredevies.fr\/index.php?rest_route=%2Fwp%2Fv2%2Fmedia&parent=410"}],"curies":[{"name":"wp","href":"https:\/\/api.w.org\/{rel}","templated":true}]}}