{"id":420,"date":"2026-01-28T16:37:28","date_gmt":"2026-01-28T16:37:28","guid":{"rendered":"https:\/\/poudredevies.fr\/?page_id=420"},"modified":"2026-02-02T18:48:04","modified_gmt":"2026-02-02T18:48:04","slug":"realisations-de-nicolas-revue","status":"publish","type":"page","link":"https:\/\/poudredevies.fr\/?page_id=420","title":{"rendered":"R\u00e9alisations de Nicolas REVUE"},"content":{"rendered":"\t\t<div data-elementor-type=\"wp-page\" data-elementor-id=\"420\" class=\"elementor elementor-420\">\n\t\t\t\t<div class=\"elementor-element elementor-element-6321ae2 e-flex e-con-boxed e-con e-parent\" data-id=\"6321ae2\" data-element_type=\"container\">\n\t\t\t\t\t<div class=\"e-con-inner\">\n\t\t\t\t<div class=\"elementor-element elementor-element-e03a0eb elementor-widget elementor-widget-text-editor\" data-id=\"e03a0eb\" data-element_type=\"widget\" data-widget_type=\"text-editor.default\">\n\t\t\t\t\t\t\t\t\t<p data-start=\"129\" data-end=\"251\">En 2022, Nicolas REVUE a \u00e9t\u00e9 mandat\u00e9 par l\u2019association <strong data-start=\"173\" data-end=\"185\">CEP-CAFI<\/strong> pour la r\u00e9alisation d\u2019une \u0153uvre m\u00e9morielle consacr\u00e9e au <strong data-start=\"242\" data-end=\"250\">CAFI<\/strong>.<\/p><p data-start=\"253\" data-end=\"424\">Ce projet a \u00e9t\u00e9 men\u00e9 en collaboration avec le sculpteur <a href=\"https:\/\/www.francoisdidier.com\/\" target=\"_blank\" rel=\"noopener\"><strong data-start=\"309\" data-end=\"328\">Fran\u00e7ois Didier<\/strong><\/a> et a donn\u00e9 naissance \u00e0 une \u0153uvre en bronze intitul\u00e9e<br data-start=\"381\" data-end=\"384\" \/><strong data-start=\"384\" data-end=\"423\"><em data-start=\"386\" data-end=\"421\">Plan-relief \u2013 Hommage \u00e0 nos m\u00e8res<\/em><\/strong>.<\/p><p data-start=\"426\" data-end=\"600\">Pens\u00e9e comme un support de m\u00e9moire et de transmission, cette \u0153uvre rend hommage aux femmes et aux m\u00e8res du CAFI, dont les parcours ont profond\u00e9ment marqu\u00e9 l\u2019histoire du lieu.<\/p><p data-start=\"602\" data-end=\"752\">Install\u00e9e sur le site m\u00eame du CAFI, l\u2019\u0153uvre s\u2019inscrit aujourd\u2019hui dans le paysage m\u00e9moriel du camp, en lien direct avec son histoire et ses habitants.<\/p>\t\t\t\t\t\t\t\t<\/div>\n\t\t\t\t\t<\/div>\n\t\t\t\t<\/div>\n\t\t<div class=\"elementor-element elementor-element-cc8bb22 e-flex e-con-boxed e-con e-parent\" data-id=\"cc8bb22\" data-element_type=\"container\">\n\t\t\t\t\t<div class=\"e-con-inner\">\n\t\t\t\t<div class=\"elementor-element elementor-element-8686dde elementor-widget elementor-widget-image\" data-id=\"8686dde\" data-element_type=\"widget\" data-widget_type=\"image.default\">\n\t\t\t\t\t\t\t\t\t\t\t\t\t\t\t<img fetchpriority=\"high\" decoding=\"async\" width=\"768\" height=\"511\" src=\"https:\/\/poudredevies.fr\/wp-content\/uploads\/2026\/01\/IMG-20220819-WA0040-768x511.jpg\" class=\"attachment-medium_large size-medium_large wp-image-533\" alt=\"\" srcset=\"https:\/\/poudredevies.fr\/wp-content\/uploads\/2026\/01\/IMG-20220819-WA0040-768x511.jpg 768w, https:\/\/poudredevies.fr\/wp-content\/uploads\/2026\/01\/IMG-20220819-WA0040-300x200.jpg 300w, https:\/\/poudredevies.fr\/wp-content\/uploads\/2026\/01\/IMG-20220819-WA0040-1024x681.jpg 1024w, https:\/\/poudredevies.fr\/wp-content\/uploads\/2026\/01\/IMG-20220819-WA0040-1536x1022.jpg 1536w, https:\/\/poudredevies.fr\/wp-content\/uploads\/2026\/01\/IMG-20220819-WA0040.webp 1920w\" sizes=\"(max-width: 768px) 100vw, 768px\" \/>\t\t\t\t\t\t\t\t\t\t\t\t\t\t\t<\/div>\n\t\t\t\t\t<\/div>\n\t\t\t\t<\/div>\n\t\t\t\t<\/div>\n\t\t","protected":false},"excerpt":{"rendered":"<p>En 2022, Nicolas REVUE a \u00e9t\u00e9 mandat\u00e9 par l\u2019association CEP-CAFI pour la r\u00e9alisation d\u2019une \u0153uvre m\u00e9morielle consacr\u00e9e au CAFI. Ce [&hellip;]<\/p>\n","protected":false},"author":1,"featured_media":0,"parent":0,"menu_order":0,"comment_status":"closed","ping_status":"closed","template":"","meta":{"site-sidebar-layout":"no-sidebar","site-content-layout":"","ast-site-content-layout":"full-width-container","site-content-style":"default","site-sidebar-style":"default","ast-global-header-display":"","ast-banner-title-visibility":"","ast-main-header-display":"","ast-hfb-above-header-display":"","ast-hfb-below-header-display":"","ast-hfb-mobile-header-display":"","site-post-title":"","ast-breadcrumbs-content":"","ast-featured-img":"disabled","footer-sml-layout":"","theme-transparent-header-meta":"","adv-header-id-meta":"","stick-header-meta":"","header-above-stick-meta":"","header-main-stick-meta":"","header-below-stick-meta":"","astra-migrate-meta-layouts":"default","ast-page-background-enabled":"default","ast-page-background-meta":{"desktop":{"background-color":"var(--ast-global-color-5)","background-image":"","background-repeat":"repeat","background-position":"center center","background-size":"auto","background-attachment":"scroll","background-type":"","background-media":"","overlay-type":"","overlay-color":"","overlay-opacity":"","overlay-gradient":""},"tablet":{"background-color":"","background-image":"","background-repeat":"repeat","background-position":"center center","background-size":"auto","background-attachment":"scroll","background-type":"","background-media":"","overlay-type":"","overlay-color":"","overlay-opacity":"","overlay-gradient":""},"mobile":{"background-color":"","background-image":"","background-repeat":"repeat","background-position":"center center","background-size":"auto","background-attachment":"scroll","background-type":"","background-media":"","overlay-type":"","overlay-color":"","overlay-opacity":"","overlay-gradient":""}},"ast-content-background-meta":{"desktop":{"background-color":"var(--ast-global-color-4)","background-image":"","background-repeat":"repeat","background-position":"center center","background-size":"auto","background-attachment":"scroll","background-type":"","background-media":"","overlay-type":"","overlay-color":"","overlay-opacity":"","overlay-gradient":""},"tablet":{"background-color":"var(--ast-global-color-4)","background-image":"","background-repeat":"repeat","background-position":"center center","background-size":"auto","background-attachment":"scroll","background-type":"","background-media":"","overlay-type":"","overlay-color":"","overlay-opacity":"","overlay-gradient":""},"mobile":{"background-color":"var(--ast-global-color-4)","background-image":"","background-repeat":"repeat","background-position":"center center","background-size":"auto","background-attachment":"scroll","background-type":"","background-media":"","overlay-type":"","overlay-color":"","overlay-opacity":"","overlay-gradient":""}},"footnotes":""},"class_list":["post-420","page","type-page","status-publish","hentry"],"yoast_head":"<!-- This site is optimized with the Yoast SEO plugin v26.4 - https:\/\/yoast.com\/wordpress\/plugins\/seo\/ -->\n<title>R\u00e9alisations de Nicolas REVUE -<\/title>\n<meta name=\"robots\" content=\"index, follow, max-snippet:-1, max-image-preview:large, max-video-preview:-1\" \/>\n<link rel=\"canonical\" href=\"https:\/\/poudredevies.fr\/?page_id=420\" \/>\n<meta property=\"og:locale\" content=\"en_US\" \/>\n<meta property=\"og:type\" content=\"article\" \/>\n<meta property=\"og:title\" content=\"R\u00e9alisations de Nicolas REVUE -\" \/>\n<meta property=\"og:description\" content=\"En 2022, Nicolas REVUE a \u00e9t\u00e9 mandat\u00e9 par l\u2019association CEP-CAFI pour la r\u00e9alisation d\u2019une \u0153uvre m\u00e9morielle consacr\u00e9e au CAFI. Ce [&hellip;]\" \/>\n<meta property=\"og:url\" content=\"https:\/\/poudredevies.fr\/?page_id=420\" \/>\n<meta property=\"article:modified_time\" content=\"2026-02-02T18:48:04+00:00\" \/>\n<meta property=\"og:image\" content=\"https:\/\/poudredevies.fr\/wp-content\/uploads\/2026\/01\/IMG-20220819-WA0040.webp\" \/>\n\t<meta property=\"og:image:width\" content=\"1920\" \/>\n\t<meta property=\"og:image:height\" content=\"1278\" \/>\n\t<meta property=\"og:image:type\" content=\"image\/webp\" \/>\n<meta name=\"twitter:card\" content=\"summary_large_image\" \/>\n<meta name=\"twitter:label1\" content=\"Est. reading time\" \/>\n\t<meta name=\"twitter:data1\" content=\"1 minute\" \/>\n<script type=\"application\/ld+json\" class=\"yoast-schema-graph\">{\"@context\":\"https:\/\/schema.org\",\"@graph\":[{\"@type\":\"WebPage\",\"@id\":\"https:\/\/poudredevies.fr\/?page_id=420\",\"url\":\"https:\/\/poudredevies.fr\/?page_id=420\",\"name\":\"R\u00e9alisations de Nicolas REVUE -\",\"isPartOf\":{\"@id\":\"https:\/\/poudredevies.fr\/#website\"},\"primaryImageOfPage\":{\"@id\":\"https:\/\/poudredevies.fr\/?page_id=420#primaryimage\"},\"image\":{\"@id\":\"https:\/\/poudredevies.fr\/?page_id=420#primaryimage\"},\"thumbnailUrl\":\"https:\/\/poudredevies.fr\/wp-content\/uploads\/2026\/01\/IMG-20220819-WA0040-768x511.jpg\",\"datePublished\":\"2026-01-28T16:37:28+00:00\",\"dateModified\":\"2026-02-02T18:48:04+00:00\",\"breadcrumb\":{\"@id\":\"https:\/\/poudredevies.fr\/?page_id=420#breadcrumb\"},\"inLanguage\":\"en-US\",\"potentialAction\":[{\"@type\":\"ReadAction\",\"target\":[\"https:\/\/poudredevies.fr\/?page_id=420\"]}]},{\"@type\":\"ImageObject\",\"inLanguage\":\"en-US\",\"@id\":\"https:\/\/poudredevies.fr\/?page_id=420#primaryimage\",\"url\":\"https:\/\/poudredevies.fr\/wp-content\/uploads\/2026\/01\/IMG-20220819-WA0040.webp\",\"contentUrl\":\"https:\/\/poudredevies.fr\/wp-content\/uploads\/2026\/01\/IMG-20220819-WA0040.webp\",\"width\":1920,\"height\":1278},{\"@type\":\"BreadcrumbList\",\"@id\":\"https:\/\/poudredevies.fr\/?page_id=420#breadcrumb\",\"itemListElement\":[{\"@type\":\"ListItem\",\"position\":1,\"name\":\"Home\",\"item\":\"https:\/\/poudredevies.fr\/\"},{\"@type\":\"ListItem\",\"position\":2,\"name\":\"R\u00e9alisations de Nicolas REVUE\"}]},{\"@type\":\"WebSite\",\"@id\":\"https:\/\/poudredevies.fr\/#website\",\"url\":\"https:\/\/poudredevies.fr\/\",\"name\":\"WordPress\",\"description\":\"\",\"publisher\":{\"@id\":\"https:\/\/poudredevies.fr\/#organization\"},\"potentialAction\":[{\"@type\":\"SearchAction\",\"target\":{\"@type\":\"EntryPoint\",\"urlTemplate\":\"https:\/\/poudredevies.fr\/?s={search_term_string}\"},\"query-input\":{\"@type\":\"PropertyValueSpecification\",\"valueRequired\":true,\"valueName\":\"search_term_string\"}}],\"inLanguage\":\"en-US\"},{\"@type\":\"Organization\",\"@id\":\"https:\/\/poudredevies.fr\/#organization\",\"name\":\"WordPress\",\"url\":\"https:\/\/poudredevies.fr\/\",\"logo\":{\"@type\":\"ImageObject\",\"inLanguage\":\"en-US\",\"@id\":\"https:\/\/poudredevies.fr\/#\/schema\/logo\/image\/\",\"url\":\"https:\/\/poudredevies.fr\/wp-content\/uploads\/2025\/11\/cropped-LOGO_POUDRE_DE_VIES_2024-1.webp\",\"contentUrl\":\"https:\/\/poudredevies.fr\/wp-content\/uploads\/2025\/11\/cropped-LOGO_POUDRE_DE_VIES_2024-1.webp\",\"width\":810,\"height\":605,\"caption\":\"WordPress\"},\"image\":{\"@id\":\"https:\/\/poudredevies.fr\/#\/schema\/logo\/image\/\"}}]}<\/script>\n<!-- \/ Yoast SEO plugin. -->","yoast_head_json":{"title":"R\u00e9alisations de Nicolas REVUE -","robots":{"index":"index","follow":"follow","max-snippet":"max-snippet:-1","max-image-preview":"max-image-preview:large","max-video-preview":"max-video-preview:-1"},"canonical":"https:\/\/poudredevies.fr\/?page_id=420","og_locale":"en_US","og_type":"article","og_title":"R\u00e9alisations de Nicolas REVUE -","og_description":"En 2022, Nicolas REVUE a \u00e9t\u00e9 mandat\u00e9 par l\u2019association CEP-CAFI pour la r\u00e9alisation d\u2019une \u0153uvre m\u00e9morielle consacr\u00e9e au CAFI. Ce [&hellip;]","og_url":"https:\/\/poudredevies.fr\/?page_id=420","article_modified_time":"2026-02-02T18:48:04+00:00","og_image":[{"width":1920,"height":1278,"url":"https:\/\/poudredevies.fr\/wp-content\/uploads\/2026\/01\/IMG-20220819-WA0040.webp","type":"image\/webp"}],"twitter_card":"summary_large_image","twitter_misc":{"Est. reading time":"1 minute"},"schema":{"@context":"https:\/\/schema.org","@graph":[{"@type":"WebPage","@id":"https:\/\/poudredevies.fr\/?page_id=420","url":"https:\/\/poudredevies.fr\/?page_id=420","name":"R\u00e9alisations de Nicolas REVUE -","isPartOf":{"@id":"https:\/\/poudredevies.fr\/#website"},"primaryImageOfPage":{"@id":"https:\/\/poudredevies.fr\/?page_id=420#primaryimage"},"image":{"@id":"https:\/\/poudredevies.fr\/?page_id=420#primaryimage"},"thumbnailUrl":"https:\/\/poudredevies.fr\/wp-content\/uploads\/2026\/01\/IMG-20220819-WA0040-768x511.jpg","datePublished":"2026-01-28T16:37:28+00:00","dateModified":"2026-02-02T18:48:04+00:00","breadcrumb":{"@id":"https:\/\/poudredevies.fr\/?page_id=420#breadcrumb"},"inLanguage":"en-US","potentialAction":[{"@type":"ReadAction","target":["https:\/\/poudredevies.fr\/?page_id=420"]}]},{"@type":"ImageObject","inLanguage":"en-US","@id":"https:\/\/poudredevies.fr\/?page_id=420#primaryimage","url":"https:\/\/poudredevies.fr\/wp-content\/uploads\/2026\/01\/IMG-20220819-WA0040.webp","contentUrl":"https:\/\/poudredevies.fr\/wp-content\/uploads\/2026\/01\/IMG-20220819-WA0040.webp","width":1920,"height":1278},{"@type":"BreadcrumbList","@id":"https:\/\/poudredevies.fr\/?page_id=420#breadcrumb","itemListElement":[{"@type":"ListItem","position":1,"name":"Home","item":"https:\/\/poudredevies.fr\/"},{"@type":"ListItem","position":2,"name":"R\u00e9alisations de Nicolas REVUE"}]},{"@type":"WebSite","@id":"https:\/\/poudredevies.fr\/#website","url":"https:\/\/poudredevies.fr\/","name":"WordPress","description":"","publisher":{"@id":"https:\/\/poudredevies.fr\/#organization"},"potentialAction":[{"@type":"SearchAction","target":{"@type":"EntryPoint","urlTemplate":"https:\/\/poudredevies.fr\/?s={search_term_string}"},"query-input":{"@type":"PropertyValueSpecification","valueRequired":true,"valueName":"search_term_string"}}],"inLanguage":"en-US"},{"@type":"Organization","@id":"https:\/\/poudredevies.fr\/#organization","name":"WordPress","url":"https:\/\/poudredevies.fr\/","logo":{"@type":"ImageObject","inLanguage":"en-US","@id":"https:\/\/poudredevies.fr\/#\/schema\/logo\/image\/","url":"https:\/\/poudredevies.fr\/wp-content\/uploads\/2025\/11\/cropped-LOGO_POUDRE_DE_VIES_2024-1.webp","contentUrl":"https:\/\/poudredevies.fr\/wp-content\/uploads\/2025\/11\/cropped-LOGO_POUDRE_DE_VIES_2024-1.webp","width":810,"height":605,"caption":"WordPress"},"image":{"@id":"https:\/\/poudredevies.fr\/#\/schema\/logo\/image\/"}}]}},"_links":{"self":[{"href":"https:\/\/poudredevies.fr\/index.php?rest_route=\/wp\/v2\/pages\/420","targetHints":{"allow":["GET"]}}],"collection":[{"href":"https:\/\/poudredevies.fr\/index.php?rest_route=\/wp\/v2\/pages"}],"about":[{"href":"https:\/\/poudredevies.fr\/index.php?rest_route=\/wp\/v2\/types\/page"}],"author":[{"embeddable":true,"href":"https:\/\/poudredevies.fr\/index.php?rest_route=\/wp\/v2\/users\/1"}],"replies":[{"embeddable":true,"href":"https:\/\/poudredevies.fr\/index.php?rest_route=%2Fwp%2Fv2%2Fcomments&post=420"}],"version-history":[{"count":16,"href":"https:\/\/poudredevies.fr\/index.php?rest_route=\/wp\/v2\/pages\/420\/revisions"}],"predecessor-version":[{"id":641,"href":"https:\/\/poudredevies.fr\/index.php?rest_route=\/wp\/v2\/pages\/420\/revisions\/641"}],"wp:attachment":[{"href":"https:\/\/poudredevies.fr\/index.php?rest_route=%2Fwp%2Fv2%2Fmedia&parent=420"}],"curies":[{"name":"wp","href":"https:\/\/api.w.org\/{rel}","templated":true}]}}