{"id":490,"date":"2026-01-28T21:09:14","date_gmt":"2026-01-28T21:09:14","guid":{"rendered":"https:\/\/poudredevies.fr\/?page_id=490"},"modified":"2026-01-28T21:25:57","modified_gmt":"2026-01-28T21:25:57","slug":"contact-2","status":"publish","type":"page","link":"https:\/\/poudredevies.fr\/?page_id=490","title":{"rendered":"Soutien &amp; Contact"},"content":{"rendered":"\t\t<div data-elementor-type=\"wp-page\" data-elementor-id=\"490\" class=\"elementor elementor-490\">\n\t\t\t\t<div class=\"elementor-element elementor-element-5722875 e-flex e-con-boxed e-con e-parent\" data-id=\"5722875\" data-element_type=\"container\">\n\t\t\t\t\t<div class=\"e-con-inner\">\n\t\t\t\t<div class=\"elementor-element elementor-element-5cd1136 elementor-widget elementor-widget-text-editor\" data-id=\"5cd1136\" data-element_type=\"widget\" data-widget_type=\"text-editor.default\">\n\t\t\t\t\t\t\t\t\t<h4><strong>Soutenir Poudre de Vies, c\u2019est contribuer \u00e0 la pr\u00e9servation et \u00e0 la transmission des m\u00e9moires du CAFI, de la poudrerie et des parcours de vie qui s\u2019y sont crois\u00e9s.<\/strong><\/h4>\t\t\t\t\t\t\t\t<\/div>\n\t\t\t\t\t<\/div>\n\t\t\t\t<\/div>\n\t\t<div class=\"elementor-element elementor-element-e6b93cf e-flex e-con-boxed e-con e-parent\" data-id=\"e6b93cf\" data-element_type=\"container\">\n\t\t\t\t\t<div class=\"e-con-inner\">\n\t\t\t\t<div class=\"elementor-element elementor-element-4a5d288 elementor-widget elementor-widget-text-editor\" data-id=\"4a5d288\" data-element_type=\"widget\" data-widget_type=\"text-editor.default\">\n\t\t\t\t\t\t\t\t\t<p>Le projet de conservatoire de la m\u00e9moire repose sur la participation de nombreuses personnes : habitants, anciens du camp, chercheurs, associations, collectivit\u00e9s.<\/p>\t\t\t\t\t\t\t\t<\/div>\n\t\t\t\t\t<\/div>\n\t\t\t\t<\/div>\n\t\t<div class=\"elementor-element elementor-element-02c0e8e e-grid e-con-boxed e-con e-parent\" data-id=\"02c0e8e\" data-element_type=\"container\">\n\t\t\t\t\t<div class=\"e-con-inner\">\n\t\t\t\t<div class=\"elementor-element elementor-element-8586e7b elementor-widget elementor-widget-text-editor\" data-id=\"8586e7b\" data-element_type=\"widget\" data-widget_type=\"text-editor.default\">\n\t\t\t\t\t\t\t\t\t<h3><strong>Pourquoi soutenir le projet?<\/strong><\/h3><ul><li data-start=\"1203\" data-end=\"1250\"><p data-start=\"1205\" data-end=\"1250\">Pr\u00e9server les derniers baraquements du CAFI<\/p><\/li><li data-start=\"1251\" data-end=\"1304\"><p data-start=\"1253\" data-end=\"1304\">Soutenir la collecte de t\u00e9moignages et d\u2019archives<\/p><\/li><li data-start=\"1305\" data-end=\"1365\"><p data-start=\"1307\" data-end=\"1365\">Participer \u00e0 un projet m\u00e9moriel, scientifique et citoyen<\/p><\/li><li data-start=\"1366\" data-end=\"1414\"><p data-start=\"1368\" data-end=\"1414\">Accompagner la cr\u00e9ation du futur espace mus\u00e9al<\/p><\/li><\/ul>\t\t\t\t\t\t\t\t<\/div>\n\t\t\t\t<div class=\"elementor-element elementor-element-37dd6c7 elementor-widget elementor-widget-text-editor\" data-id=\"37dd6c7\" data-element_type=\"widget\" data-widget_type=\"text-editor.default\">\n\t\t\t\t\t\t\t\t\t<p><img fetchpriority=\"high\" decoding=\"async\" class=\"alignnone size-medium wp-image-364\" src=\"https:\/\/poudredevies.fr\/wp-content\/uploads\/2026\/01\/613427797_10215241625909446_2731525493486265182_n-300x200.webp\" alt=\"\" width=\"300\" height=\"200\" srcset=\"https:\/\/poudredevies.fr\/wp-content\/uploads\/2026\/01\/613427797_10215241625909446_2731525493486265182_n-300x200.webp 300w, https:\/\/poudredevies.fr\/wp-content\/uploads\/2026\/01\/613427797_10215241625909446_2731525493486265182_n-1024x683.webp 1024w, https:\/\/poudredevies.fr\/wp-content\/uploads\/2026\/01\/613427797_10215241625909446_2731525493486265182_n-768x512.webp 768w, https:\/\/poudredevies.fr\/wp-content\/uploads\/2026\/01\/613427797_10215241625909446_2731525493486265182_n-1536x1024.webp 1536w, https:\/\/poudredevies.fr\/wp-content\/uploads\/2026\/01\/613427797_10215241625909446_2731525493486265182_n.webp 1920w\" sizes=\"(max-width: 300px) 100vw, 300px\" \/><\/p>\t\t\t\t\t\t\t\t<\/div>\n\t\t\t\t<div class=\"elementor-element elementor-element-4bd463c elementor-widget elementor-widget-text-editor\" data-id=\"4bd463c\" data-element_type=\"widget\" data-widget_type=\"text-editor.default\">\n\t\t\t\t\t\t\t\t\t<h3>Comment contribuer?<\/h3><ul><li data-start=\"1523\" data-end=\"1568\"><p data-start=\"1525\" data-end=\"1568\">Partager des t\u00e9moignages ou des documents<\/p><\/li><li data-start=\"1569\" data-end=\"1609\"><p data-start=\"1571\" data-end=\"1609\">Relayer les actions de l\u2019association<\/p><\/li><li data-start=\"1610\" data-end=\"1655\"><p data-start=\"1612\" data-end=\"1655\">Apporter un soutien mat\u00e9riel ou financier<\/p><\/li><li data-start=\"1656\" data-end=\"1698\"><p data-start=\"1658\" data-end=\"1698\">Participer aux r\u00e9flexions et aux projets<\/p><\/li><\/ul>\t\t\t\t\t\t\t\t<\/div>\n\t\t\t\t\t<\/div>\n\t\t\t\t<\/div>\n\t\t<div class=\"elementor-element elementor-element-58bd25e e-grid e-con-boxed e-con e-parent\" data-id=\"58bd25e\" data-element_type=\"container\">\n\t\t\t\t\t<div class=\"e-con-inner\">\n\t\t\t\t<div class=\"elementor-element elementor-element-58f1a46 elementor-widget elementor-widget-text-editor\" data-id=\"58f1a46\" data-element_type=\"widget\" data-widget_type=\"text-editor.default\">\n\t\t\t\t\t\t\t\t\t<h3>Nous contacter:<\/h3><p>Pour toute demande d\u2019information, de collaboration, de t\u00e9moignage ou de mise \u00e0 disposition de documents, vous pouvez contacter l\u2019association Poudre de Vies.<\/p>\t\t\t\t\t\t\t\t<\/div>\n\t\t\t\t<div class=\"elementor-element elementor-element-102891e elementor-widget elementor-widget-text-editor\" data-id=\"102891e\" data-element_type=\"widget\" data-widget_type=\"text-editor.default\">\n\t\t\t\t\t\t\t\t\t<p><strong>Association Poudre de Vies \u2013 Camps, Exils et M\u00e9moires<\/strong><\/p>\n<p>Si\u00e8ge social : 8, rue Montplaisir &#8211; 31700 Blagnac \u2013 France<\/p>\n<p><strong>Email<\/strong>\u00a0:\u00a0<a href=\"mailto:poudredevies@gmail.com\">poudredevies@gmail.com<\/a><\/p>\n<p><strong>T\u00e9l\u00e9phone<\/strong> : 06 48 19 47 56 (Nicolas REVUE)<\/p>\t\t\t\t\t\t\t\t<\/div>\n\t\t\t\t\t<\/div>\n\t\t\t\t<\/div>\n\t\t\t\t<\/div>\n\t\t","protected":false},"excerpt":{"rendered":"<p>Soutenir Poudre de Vies, c\u2019est contribuer \u00e0 la pr\u00e9servation et \u00e0 la transmission des m\u00e9moires du CAFI, de la poudrerie [&hellip;]<\/p>\n","protected":false},"author":1,"featured_media":0,"parent":0,"menu_order":0,"comment_status":"closed","ping_status":"closed","template":"","meta":{"site-sidebar-layout":"no-sidebar","site-content-layout":"","ast-site-content-layout":"full-width-container","site-content-style":"default","site-sidebar-style":"default","ast-global-header-display":"","ast-banner-title-visibility":"","ast-main-header-display":"","ast-hfb-above-header-display":"","ast-hfb-below-header-display":"","ast-hfb-mobile-header-display":"","site-post-title":"disabled","ast-breadcrumbs-content":"","ast-featured-img":"disabled","footer-sml-layout":"","theme-transparent-header-meta":"","adv-header-id-meta":"","stick-header-meta":"","header-above-stick-meta":"","header-main-stick-meta":"","header-below-stick-meta":"","astra-migrate-meta-layouts":"default","ast-page-background-enabled":"default","ast-page-background-meta":{"desktop":{"background-color":"var(--ast-global-color-5)","background-image":"","background-repeat":"repeat","background-position":"center center","background-size":"auto","background-attachment":"scroll","background-type":"","background-media":"","overlay-type":"","overlay-color":"","overlay-opacity":"","overlay-gradient":""},"tablet":{"background-color":"","background-image":"","background-repeat":"repeat","background-position":"center center","background-size":"auto","background-attachment":"scroll","background-type":"","background-media":"","overlay-type":"","overlay-color":"","overlay-opacity":"","overlay-gradient":""},"mobile":{"background-color":"","background-image":"","background-repeat":"repeat","background-position":"center center","background-size":"auto","background-attachment":"scroll","background-type":"","background-media":"","overlay-type":"","overlay-color":"","overlay-opacity":"","overlay-gradient":""}},"ast-content-background-meta":{"desktop":{"background-color":"var(--ast-global-color-4)","background-image":"","background-repeat":"repeat","background-position":"center center","background-size":"auto","background-attachment":"scroll","background-type":"","background-media":"","overlay-type":"","overlay-color":"","overlay-opacity":"","overlay-gradient":""},"tablet":{"background-color":"var(--ast-global-color-4)","background-image":"","background-repeat":"repeat","background-position":"center center","background-size":"auto","background-attachment":"scroll","background-type":"","background-media":"","overlay-type":"","overlay-color":"","overlay-opacity":"","overlay-gradient":""},"mobile":{"background-color":"var(--ast-global-color-4)","background-image":"","background-repeat":"repeat","background-position":"center center","background-size":"auto","background-attachment":"scroll","background-type":"","background-media":"","overlay-type":"","overlay-color":"","overlay-opacity":"","overlay-gradient":""}},"footnotes":""},"class_list":["post-490","page","type-page","status-publish","hentry"],"yoast_head":"<!-- This site is optimized with the Yoast SEO plugin v26.4 - https:\/\/yoast.com\/wordpress\/plugins\/seo\/ -->\n<title>Soutien &amp; Contact -<\/title>\n<meta name=\"robots\" content=\"index, follow, max-snippet:-1, max-image-preview:large, max-video-preview:-1\" \/>\n<link rel=\"canonical\" href=\"https:\/\/poudredevies.fr\/?page_id=490\" \/>\n<meta property=\"og:locale\" content=\"en_US\" \/>\n<meta property=\"og:type\" content=\"article\" \/>\n<meta property=\"og:title\" content=\"Soutien &amp; Contact -\" \/>\n<meta property=\"og:description\" content=\"Soutenir Poudre de Vies, c\u2019est contribuer \u00e0 la pr\u00e9servation et \u00e0 la transmission des m\u00e9moires du CAFI, de la poudrerie [&hellip;]\" \/>\n<meta property=\"og:url\" content=\"https:\/\/poudredevies.fr\/?page_id=490\" \/>\n<meta property=\"article:modified_time\" content=\"2026-01-28T21:25:57+00:00\" \/>\n<meta property=\"og:image\" content=\"https:\/\/poudredevies.fr\/wp-content\/uploads\/2026\/01\/613427797_10215241625909446_2731525493486265182_n.webp\" \/>\n\t<meta property=\"og:image:width\" content=\"1920\" \/>\n\t<meta property=\"og:image:height\" content=\"1280\" \/>\n\t<meta property=\"og:image:type\" content=\"image\/webp\" \/>\n<meta name=\"twitter:card\" content=\"summary_large_image\" \/>\n<meta name=\"twitter:label1\" content=\"Est. reading time\" \/>\n\t<meta name=\"twitter:data1\" content=\"1 minute\" \/>\n<script type=\"application\/ld+json\" class=\"yoast-schema-graph\">{\"@context\":\"https:\/\/schema.org\",\"@graph\":[{\"@type\":\"WebPage\",\"@id\":\"https:\/\/poudredevies.fr\/?page_id=490\",\"url\":\"https:\/\/poudredevies.fr\/?page_id=490\",\"name\":\"Soutien &amp; Contact -\",\"isPartOf\":{\"@id\":\"https:\/\/poudredevies.fr\/#website\"},\"primaryImageOfPage\":{\"@id\":\"https:\/\/poudredevies.fr\/?page_id=490#primaryimage\"},\"image\":{\"@id\":\"https:\/\/poudredevies.fr\/?page_id=490#primaryimage\"},\"thumbnailUrl\":\"https:\/\/poudredevies.fr\/wp-content\/uploads\/2026\/01\/613427797_10215241625909446_2731525493486265182_n-300x200.webp\",\"datePublished\":\"2026-01-28T21:09:14+00:00\",\"dateModified\":\"2026-01-28T21:25:57+00:00\",\"breadcrumb\":{\"@id\":\"https:\/\/poudredevies.fr\/?page_id=490#breadcrumb\"},\"inLanguage\":\"en-US\",\"potentialAction\":[{\"@type\":\"ReadAction\",\"target\":[\"https:\/\/poudredevies.fr\/?page_id=490\"]}]},{\"@type\":\"ImageObject\",\"inLanguage\":\"en-US\",\"@id\":\"https:\/\/poudredevies.fr\/?page_id=490#primaryimage\",\"url\":\"https:\/\/poudredevies.fr\/wp-content\/uploads\/2026\/01\/613427797_10215241625909446_2731525493486265182_n.webp\",\"contentUrl\":\"https:\/\/poudredevies.fr\/wp-content\/uploads\/2026\/01\/613427797_10215241625909446_2731525493486265182_n.webp\",\"width\":1920,\"height\":1280},{\"@type\":\"BreadcrumbList\",\"@id\":\"https:\/\/poudredevies.fr\/?page_id=490#breadcrumb\",\"itemListElement\":[{\"@type\":\"ListItem\",\"position\":1,\"name\":\"Home\",\"item\":\"https:\/\/poudredevies.fr\/\"},{\"@type\":\"ListItem\",\"position\":2,\"name\":\"Soutien &amp; Contact\"}]},{\"@type\":\"WebSite\",\"@id\":\"https:\/\/poudredevies.fr\/#website\",\"url\":\"https:\/\/poudredevies.fr\/\",\"name\":\"WordPress\",\"description\":\"\",\"publisher\":{\"@id\":\"https:\/\/poudredevies.fr\/#organization\"},\"potentialAction\":[{\"@type\":\"SearchAction\",\"target\":{\"@type\":\"EntryPoint\",\"urlTemplate\":\"https:\/\/poudredevies.fr\/?s={search_term_string}\"},\"query-input\":{\"@type\":\"PropertyValueSpecification\",\"valueRequired\":true,\"valueName\":\"search_term_string\"}}],\"inLanguage\":\"en-US\"},{\"@type\":\"Organization\",\"@id\":\"https:\/\/poudredevies.fr\/#organization\",\"name\":\"WordPress\",\"url\":\"https:\/\/poudredevies.fr\/\",\"logo\":{\"@type\":\"ImageObject\",\"inLanguage\":\"en-US\",\"@id\":\"https:\/\/poudredevies.fr\/#\/schema\/logo\/image\/\",\"url\":\"https:\/\/poudredevies.fr\/wp-content\/uploads\/2025\/11\/cropped-LOGO_POUDRE_DE_VIES_2024-1.webp\",\"contentUrl\":\"https:\/\/poudredevies.fr\/wp-content\/uploads\/2025\/11\/cropped-LOGO_POUDRE_DE_VIES_2024-1.webp\",\"width\":810,\"height\":605,\"caption\":\"WordPress\"},\"image\":{\"@id\":\"https:\/\/poudredevies.fr\/#\/schema\/logo\/image\/\"}}]}<\/script>\n<!-- \/ Yoast SEO plugin. -->","yoast_head_json":{"title":"Soutien &amp; Contact -","robots":{"index":"index","follow":"follow","max-snippet":"max-snippet:-1","max-image-preview":"max-image-preview:large","max-video-preview":"max-video-preview:-1"},"canonical":"https:\/\/poudredevies.fr\/?page_id=490","og_locale":"en_US","og_type":"article","og_title":"Soutien &amp; Contact -","og_description":"Soutenir Poudre de Vies, c\u2019est contribuer \u00e0 la pr\u00e9servation et \u00e0 la transmission des m\u00e9moires du CAFI, de la poudrerie [&hellip;]","og_url":"https:\/\/poudredevies.fr\/?page_id=490","article_modified_time":"2026-01-28T21:25:57+00:00","og_image":[{"width":1920,"height":1280,"url":"https:\/\/poudredevies.fr\/wp-content\/uploads\/2026\/01\/613427797_10215241625909446_2731525493486265182_n.webp","type":"image\/webp"}],"twitter_card":"summary_large_image","twitter_misc":{"Est. reading time":"1 minute"},"schema":{"@context":"https:\/\/schema.org","@graph":[{"@type":"WebPage","@id":"https:\/\/poudredevies.fr\/?page_id=490","url":"https:\/\/poudredevies.fr\/?page_id=490","name":"Soutien &amp; Contact -","isPartOf":{"@id":"https:\/\/poudredevies.fr\/#website"},"primaryImageOfPage":{"@id":"https:\/\/poudredevies.fr\/?page_id=490#primaryimage"},"image":{"@id":"https:\/\/poudredevies.fr\/?page_id=490#primaryimage"},"thumbnailUrl":"https:\/\/poudredevies.fr\/wp-content\/uploads\/2026\/01\/613427797_10215241625909446_2731525493486265182_n-300x200.webp","datePublished":"2026-01-28T21:09:14+00:00","dateModified":"2026-01-28T21:25:57+00:00","breadcrumb":{"@id":"https:\/\/poudredevies.fr\/?page_id=490#breadcrumb"},"inLanguage":"en-US","potentialAction":[{"@type":"ReadAction","target":["https:\/\/poudredevies.fr\/?page_id=490"]}]},{"@type":"ImageObject","inLanguage":"en-US","@id":"https:\/\/poudredevies.fr\/?page_id=490#primaryimage","url":"https:\/\/poudredevies.fr\/wp-content\/uploads\/2026\/01\/613427797_10215241625909446_2731525493486265182_n.webp","contentUrl":"https:\/\/poudredevies.fr\/wp-content\/uploads\/2026\/01\/613427797_10215241625909446_2731525493486265182_n.webp","width":1920,"height":1280},{"@type":"BreadcrumbList","@id":"https:\/\/poudredevies.fr\/?page_id=490#breadcrumb","itemListElement":[{"@type":"ListItem","position":1,"name":"Home","item":"https:\/\/poudredevies.fr\/"},{"@type":"ListItem","position":2,"name":"Soutien &amp; Contact"}]},{"@type":"WebSite","@id":"https:\/\/poudredevies.fr\/#website","url":"https:\/\/poudredevies.fr\/","name":"WordPress","description":"","publisher":{"@id":"https:\/\/poudredevies.fr\/#organization"},"potentialAction":[{"@type":"SearchAction","target":{"@type":"EntryPoint","urlTemplate":"https:\/\/poudredevies.fr\/?s={search_term_string}"},"query-input":{"@type":"PropertyValueSpecification","valueRequired":true,"valueName":"search_term_string"}}],"inLanguage":"en-US"},{"@type":"Organization","@id":"https:\/\/poudredevies.fr\/#organization","name":"WordPress","url":"https:\/\/poudredevies.fr\/","logo":{"@type":"ImageObject","inLanguage":"en-US","@id":"https:\/\/poudredevies.fr\/#\/schema\/logo\/image\/","url":"https:\/\/poudredevies.fr\/wp-content\/uploads\/2025\/11\/cropped-LOGO_POUDRE_DE_VIES_2024-1.webp","contentUrl":"https:\/\/poudredevies.fr\/wp-content\/uploads\/2025\/11\/cropped-LOGO_POUDRE_DE_VIES_2024-1.webp","width":810,"height":605,"caption":"WordPress"},"image":{"@id":"https:\/\/poudredevies.fr\/#\/schema\/logo\/image\/"}}]}},"_links":{"self":[{"href":"https:\/\/poudredevies.fr\/index.php?rest_route=\/wp\/v2\/pages\/490","targetHints":{"allow":["GET"]}}],"collection":[{"href":"https:\/\/poudredevies.fr\/index.php?rest_route=\/wp\/v2\/pages"}],"about":[{"href":"https:\/\/poudredevies.fr\/index.php?rest_route=\/wp\/v2\/types\/page"}],"author":[{"embeddable":true,"href":"https:\/\/poudredevies.fr\/index.php?rest_route=\/wp\/v2\/users\/1"}],"replies":[{"embeddable":true,"href":"https:\/\/poudredevies.fr\/index.php?rest_route=%2Fwp%2Fv2%2Fcomments&post=490"}],"version-history":[{"count":18,"href":"https:\/\/poudredevies.fr\/index.php?rest_route=\/wp\/v2\/pages\/490\/revisions"}],"predecessor-version":[{"id":515,"href":"https:\/\/poudredevies.fr\/index.php?rest_route=\/wp\/v2\/pages\/490\/revisions\/515"}],"wp:attachment":[{"href":"https:\/\/poudredevies.fr\/index.php?rest_route=%2Fwp%2Fv2%2Fmedia&parent=490"}],"curies":[{"name":"wp","href":"https:\/\/api.w.org\/{rel}","templated":true}]}}