{"id":7,"date":"2025-11-24T20:38:01","date_gmt":"2025-11-24T20:38:01","guid":{"rendered":"https:\/\/poudredevies.fr\/?page_id=7"},"modified":"2026-02-01T16:39:11","modified_gmt":"2026-02-01T16:39:11","slug":"accueil","status":"publish","type":"page","link":"https:\/\/poudredevies.fr\/","title":{"rendered":"Accueil"},"content":{"rendered":"\t\t<div data-elementor-type=\"wp-page\" data-elementor-id=\"7\" class=\"elementor elementor-7\">\n\t\t\t\t<div class=\"elementor-element elementor-element-78cac03 e-flex e-con-boxed e-con e-parent\" data-id=\"78cac03\" data-element_type=\"container\" data-settings=\"{&quot;background_background&quot;:&quot;classic&quot;}\">\n\t\t\t\t\t<div class=\"e-con-inner\">\n\t\t\t\t<div class=\"elementor-element elementor-element-24fe58f elementor-widget elementor-widget-text-editor\" data-id=\"24fe58f\" data-element_type=\"widget\" data-widget_type=\"text-editor.default\">\n\t\t\t\t\t\t\t\t\t<h1>MEMOIRES DU CAFI ET DE LA POUDRERIE<\/h1><p>Poudre de Vies \u0153uvre \u00e0 la conservation et \u00e0 la mise en valeur des derniers baraquements du CAFI (<a href=\"https:\/\/poudredevies.fr\/?page_id=16\"><strong>Cit\u00e9 d&#8217;accueil aux Fran\u00e7ais d&#8217;Indochine<\/strong><\/a><em>) <\/em>de Sainte-Livrade-sur-Lot, t\u00e9moins uniques des m\u00e9moires ouvri\u00e8res et franco-indochinoises li\u00e9es \u00e0 l\u2019ancienne poudrerie nationale.<\/p>\t\t\t\t\t\t\t\t<\/div>\n\t\t\t\t\t<\/div>\n\t\t\t\t<\/div>\n\t\t<div class=\"elementor-element elementor-element-1eb4fa5 e-flex e-con-boxed e-con e-parent\" data-id=\"1eb4fa5\" data-element_type=\"container\">\n\t\t\t\t\t<div class=\"e-con-inner\">\n\t\t\t\t<div class=\"elementor-element elementor-element-ccc7e7a elementor-widget elementor-widget-image\" data-id=\"ccc7e7a\" data-element_type=\"widget\" data-widget_type=\"image.default\">\n\t\t\t\t\t\t\t\t\t\t\t\t\t\t\t<img fetchpriority=\"high\" decoding=\"async\" width=\"1920\" height=\"1080\" src=\"https:\/\/poudredevies.fr\/wp-content\/uploads\/2025\/11\/fusain_4K_logo-2048x1152.webp\" class=\"attachment-2048x2048 size-2048x2048 wp-image-200\" alt=\"\" srcset=\"https:\/\/poudredevies.fr\/wp-content\/uploads\/2025\/11\/fusain_4K_logo-scaled.webp 1920w, https:\/\/poudredevies.fr\/wp-content\/uploads\/2025\/11\/fusain_4K_logo-300x169.webp 300w, https:\/\/poudredevies.fr\/wp-content\/uploads\/2025\/11\/fusain_4K_logo-1024x576.webp 1024w, https:\/\/poudredevies.fr\/wp-content\/uploads\/2025\/11\/fusain_4K_logo-768x432.webp 768w, https:\/\/poudredevies.fr\/wp-content\/uploads\/2025\/11\/fusain_4K_logo-1536x864.webp 1536w\" sizes=\"(max-width: 1920px) 100vw, 1920px\" \/>\t\t\t\t\t\t\t\t\t\t\t\t\t\t\t<\/div>\n\t\t\t\t<div class=\"elementor-element elementor-element-caa63ba elementor-widget elementor-widget-text-editor\" data-id=\"caa63ba\" data-element_type=\"widget\" data-widget_type=\"text-editor.default\">\n\t\t\t\t\t\t\t\t\t<p data-start=\"1237\" data-end=\"1280\">\u00a0<\/p><p data-start=\"1237\" data-end=\"1280\"><strong data-start=\"1237\" data-end=\"1280\">Poudre de Vies \u2014 Camps, Exils &amp; M\u00e9moire<\/strong><\/p><p data-start=\"1282\" data-end=\"1822\">L\u2019association \u0153uvre \u00e0 la transmission des histoires li\u00e9es aux anciens camps d\u2019internement, de relogement et de transit en France.<\/p><p data-start=\"1282\" data-end=\"1822\">Par la collecte de t\u00e9moignages, la mise en valeur d\u2019archives et la r\u00e9alisation de projets culturels et p\u00e9dagogiques, elle contribue \u00e0 pr\u00e9server des parcours de vie souvent m\u00e9connus et pourtant essentiels \u00e0 notre m\u00e9moire collective.<br data-start=\"1643\" data-end=\"1646\" \/>Son action s\u2019inscrit dans une d\u00e9marche de respect, de partage et de recherche historique, en lien avec les descendants, les institutions patrimoniales et le monde scientifique.<\/p>\t\t\t\t\t\t\t\t<\/div>\n\t\t\t\t\t<\/div>\n\t\t\t\t<\/div>\n\t\t<div class=\"elementor-element elementor-element-722e91f e-grid e-con-boxed e-con e-parent\" data-id=\"722e91f\" data-element_type=\"container\">\n\t\t\t\t\t<div class=\"e-con-inner\">\n\t\t\t\t<div class=\"elementor-element elementor-element-ba1a26e elementor-widget elementor-widget-text-editor\" data-id=\"ba1a26e\" data-element_type=\"widget\" data-widget_type=\"text-editor.default\">\n\t\t\t\t\t\t\t\t\t<p><img decoding=\"async\" class=\"alignnone size-medium wp-image-611\" src=\"https:\/\/poudredevies.fr\/wp-content\/uploads\/2026\/02\/612212194_10215241629149527_456586624759313397_n-300x200.webp\" alt=\"\" width=\"300\" height=\"200\" srcset=\"https:\/\/poudredevies.fr\/wp-content\/uploads\/2026\/02\/612212194_10215241629149527_456586624759313397_n-300x200.webp 300w, https:\/\/poudredevies.fr\/wp-content\/uploads\/2026\/02\/612212194_10215241629149527_456586624759313397_n-1024x683.webp 1024w, https:\/\/poudredevies.fr\/wp-content\/uploads\/2026\/02\/612212194_10215241629149527_456586624759313397_n-768x512.webp 768w, https:\/\/poudredevies.fr\/wp-content\/uploads\/2026\/02\/612212194_10215241629149527_456586624759313397_n-1536x1024.webp 1536w, https:\/\/poudredevies.fr\/wp-content\/uploads\/2026\/02\/612212194_10215241629149527_456586624759313397_n.webp 1920w\" sizes=\"(max-width: 300px) 100vw, 300px\" \/><\/p>\t\t\t\t\t\t\t\t<\/div>\n\t\t\t\t<div class=\"elementor-element elementor-element-03411ff elementor-widget elementor-widget-text-editor\" data-id=\"03411ff\" data-element_type=\"widget\" data-widget_type=\"text-editor.default\">\n\t\t\t\t\t\t\t\t\t<h2 class=\"section-title\">Un projet mus\u00e9al dans les derniers baraquements du CAFI<\/h2><p class=\"section-intro\">Les quatre derniers baraquements du CAFI sont au c\u0153ur de notre projet mus\u00e9al, qui vise \u00e0 raconter, dans un m\u00eame lieu, l\u2019histoire de la poudrerie, l\u2019installation des Fran\u00e7ais d\u2019Indochine et les diff\u00e9rentes <a href=\"https:\/\/poudredevies.fr\/?page_id=20\">populations pass\u00e9es par ce site au XX<sup>e<\/sup>\u00a0si\u00e8cle.<\/a><\/p>\t\t\t\t\t\t\t\t<\/div>\n\t\t\t\t\t<\/div>\n\t\t\t\t<\/div>\n\t\t<div class=\"elementor-element elementor-element-970f274 e-flex e-con-boxed e-con e-parent\" data-id=\"970f274\" data-element_type=\"container\">\n\t\t\t\t\t<div class=\"e-con-inner\">\n\t\t\t\t<div class=\"elementor-element elementor-element-639005d elementor-widget elementor-widget-text-editor\" data-id=\"639005d\" data-element_type=\"widget\" data-widget_type=\"text-editor.default\">\n\t\t\t\t\t\t\t\t\t<p><strong>M\u00e9moires et t\u00e9moignages:<\/strong><\/p><p>Collecte et valorisation de t\u00e9moignages li\u00e9s aux anciens camps, en collaboration avec les familles, les associations locales et les acteurs institutionnels. <br \/>Ce travail contribue \u00e0 pr\u00e9server des r\u00e9cits de vie et \u00e0 documenter les exp\u00e9riences d\u2019exil et de relogement.<\/p><p><strong>Projets culturels et p\u00e9dagogiques:<\/strong><\/p><p>Conception d&#8217;outils p\u00e9dagogiques et de supports d\u2019exposition autour de l\u2019histoire des camps et des parcours de reconstruction. <br \/>Ces projets sont d\u00e9velopp\u00e9s en partenariat avec des structures \u00e9ducatives, m\u00e9morielles et scientifiques.<\/p><p><strong>Mise en valeur de sites et archives:<\/strong><\/p><p>Participation \u00e0 des initiatives locales de mise en m\u00e9moire, incluant la recherche documentaire, la collecte iconographique et la contribution \u00e0 des projets de territoire li\u00e9s aux anciens sites de camp.<\/p>\t\t\t\t\t\t\t\t<\/div>\n\t\t\t\t\t<\/div>\n\t\t\t\t<\/div>\n\t\t\t\t<\/div>\n\t\t","protected":false},"excerpt":{"rendered":"<p>MEMOIRES DU CAFI ET DE LA POUDRERIE Poudre de Vies \u0153uvre \u00e0 la conservation et \u00e0 la mise en valeur [&hellip;]<\/p>\n","protected":false},"author":1,"featured_media":0,"parent":0,"menu_order":0,"comment_status":"closed","ping_status":"closed","template":"elementor_header_footer","meta":{"site-sidebar-layout":"no-sidebar","site-content-layout":"","ast-site-content-layout":"full-width-container","site-content-style":"default","site-sidebar-style":"default","ast-global-header-display":"","ast-banner-title-visibility":"","ast-main-header-display":"","ast-hfb-above-header-display":"","ast-hfb-below-header-display":"","ast-hfb-mobile-header-display":"","site-post-title":"disabled","ast-breadcrumbs-content":"","ast-featured-img":"disabled","footer-sml-layout":"","theme-transparent-header-meta":"","adv-header-id-meta":"","stick-header-meta":"","header-above-stick-meta":"","header-main-stick-meta":"","header-below-stick-meta":"","astra-migrate-meta-layouts":"default","ast-page-background-enabled":"default","ast-page-background-meta":{"desktop":{"background-color":"var(--ast-global-color-5)","background-image":"","background-repeat":"repeat","background-position":"center center","background-size":"auto","background-attachment":"scroll","background-type":"","background-media":"","overlay-type":"","overlay-color":"","overlay-opacity":"","overlay-gradient":""},"tablet":{"background-color":"","background-image":"","background-repeat":"repeat","background-position":"center center","background-size":"auto","background-attachment":"scroll","background-type":"","background-media":"","overlay-type":"","overlay-color":"","overlay-opacity":"","overlay-gradient":""},"mobile":{"background-color":"","background-image":"","background-repeat":"repeat","background-position":"center center","background-size":"auto","background-attachment":"scroll","background-type":"","background-media":"","overlay-type":"","overlay-color":"","overlay-opacity":"","overlay-gradient":""}},"ast-content-background-meta":{"desktop":{"background-color":"var(--ast-global-color-4)","background-image":"","background-repeat":"repeat","background-position":"center center","background-size":"auto","background-attachment":"scroll","background-type":"","background-media":"","overlay-type":"","overlay-color":"","overlay-opacity":"","overlay-gradient":""},"tablet":{"background-color":"var(--ast-global-color-4)","background-image":"","background-repeat":"repeat","background-position":"center center","background-size":"auto","background-attachment":"scroll","background-type":"","background-media":"","overlay-type":"","overlay-color":"","overlay-opacity":"","overlay-gradient":""},"mobile":{"background-color":"var(--ast-global-color-4)","background-image":"","background-repeat":"repeat","background-position":"center center","background-size":"auto","background-attachment":"scroll","background-type":"","background-media":"","overlay-type":"","overlay-color":"","overlay-opacity":"","overlay-gradient":""}},"footnotes":""},"class_list":["post-7","page","type-page","status-publish","hentry"],"yoast_head":"<!-- This site is optimized with the Yoast SEO plugin v26.4 - https:\/\/yoast.com\/wordpress\/plugins\/seo\/ -->\n<title>Accueil -<\/title>\n<meta name=\"robots\" content=\"index, follow, max-snippet:-1, max-image-preview:large, max-video-preview:-1\" \/>\n<link rel=\"canonical\" href=\"https:\/\/poudredevies.fr\/\" \/>\n<meta property=\"og:locale\" content=\"en_US\" \/>\n<meta property=\"og:type\" content=\"article\" \/>\n<meta property=\"og:title\" content=\"Accueil -\" \/>\n<meta property=\"og:description\" content=\"MEMOIRES DU CAFI ET DE LA POUDRERIE Poudre de Vies \u0153uvre \u00e0 la conservation et \u00e0 la mise en valeur [&hellip;]\" \/>\n<meta property=\"og:url\" content=\"https:\/\/poudredevies.fr\/\" \/>\n<meta property=\"article:modified_time\" content=\"2026-02-01T16:39:11+00:00\" \/>\n<meta property=\"og:image\" content=\"https:\/\/poudredevies.fr\/wp-content\/uploads\/2025\/11\/fusain_4K_logo-scaled.webp\" \/>\n\t<meta property=\"og:image:width\" content=\"1920\" \/>\n\t<meta property=\"og:image:height\" content=\"1080\" \/>\n\t<meta property=\"og:image:type\" content=\"image\/webp\" \/>\n<meta name=\"twitter:card\" content=\"summary_large_image\" \/>\n<meta name=\"twitter:label1\" content=\"Est. reading time\" \/>\n\t<meta name=\"twitter:data1\" content=\"2 minutes\" \/>\n<script type=\"application\/ld+json\" class=\"yoast-schema-graph\">{\"@context\":\"https:\/\/schema.org\",\"@graph\":[{\"@type\":\"WebPage\",\"@id\":\"https:\/\/poudredevies.fr\/\",\"url\":\"https:\/\/poudredevies.fr\/\",\"name\":\"Accueil -\",\"isPartOf\":{\"@id\":\"https:\/\/poudredevies.fr\/#website\"},\"primaryImageOfPage\":{\"@id\":\"https:\/\/poudredevies.fr\/#primaryimage\"},\"image\":{\"@id\":\"https:\/\/poudredevies.fr\/#primaryimage\"},\"thumbnailUrl\":\"https:\/\/poudredevies.fr\/wp-content\/uploads\/2025\/11\/fusain_4K_logo-2048x1152.webp\",\"datePublished\":\"2025-11-24T20:38:01+00:00\",\"dateModified\":\"2026-02-01T16:39:11+00:00\",\"breadcrumb\":{\"@id\":\"https:\/\/poudredevies.fr\/#breadcrumb\"},\"inLanguage\":\"en-US\",\"potentialAction\":[{\"@type\":\"ReadAction\",\"target\":[\"https:\/\/poudredevies.fr\/\"]}]},{\"@type\":\"ImageObject\",\"inLanguage\":\"en-US\",\"@id\":\"https:\/\/poudredevies.fr\/#primaryimage\",\"url\":\"https:\/\/poudredevies.fr\/wp-content\/uploads\/2025\/11\/fusain_4K_logo-scaled.webp\",\"contentUrl\":\"https:\/\/poudredevies.fr\/wp-content\/uploads\/2025\/11\/fusain_4K_logo-scaled.webp\",\"width\":1920,\"height\":1080},{\"@type\":\"BreadcrumbList\",\"@id\":\"https:\/\/poudredevies.fr\/#breadcrumb\",\"itemListElement\":[{\"@type\":\"ListItem\",\"position\":1,\"name\":\"Home\",\"item\":\"https:\/\/poudredevies.fr\/\"},{\"@type\":\"ListItem\",\"position\":2,\"name\":\"Accueil\"}]},{\"@type\":\"WebSite\",\"@id\":\"https:\/\/poudredevies.fr\/#website\",\"url\":\"https:\/\/poudredevies.fr\/\",\"name\":\"WordPress\",\"description\":\"\",\"publisher\":{\"@id\":\"https:\/\/poudredevies.fr\/#organization\"},\"potentialAction\":[{\"@type\":\"SearchAction\",\"target\":{\"@type\":\"EntryPoint\",\"urlTemplate\":\"https:\/\/poudredevies.fr\/?s={search_term_string}\"},\"query-input\":{\"@type\":\"PropertyValueSpecification\",\"valueRequired\":true,\"valueName\":\"search_term_string\"}}],\"inLanguage\":\"en-US\"},{\"@type\":\"Organization\",\"@id\":\"https:\/\/poudredevies.fr\/#organization\",\"name\":\"WordPress\",\"url\":\"https:\/\/poudredevies.fr\/\",\"logo\":{\"@type\":\"ImageObject\",\"inLanguage\":\"en-US\",\"@id\":\"https:\/\/poudredevies.fr\/#\/schema\/logo\/image\/\",\"url\":\"https:\/\/poudredevies.fr\/wp-content\/uploads\/2025\/11\/cropped-LOGO_POUDRE_DE_VIES_2024-1.webp\",\"contentUrl\":\"https:\/\/poudredevies.fr\/wp-content\/uploads\/2025\/11\/cropped-LOGO_POUDRE_DE_VIES_2024-1.webp\",\"width\":810,\"height\":605,\"caption\":\"WordPress\"},\"image\":{\"@id\":\"https:\/\/poudredevies.fr\/#\/schema\/logo\/image\/\"}}]}<\/script>\n<!-- \/ Yoast SEO plugin. -->","yoast_head_json":{"title":"Accueil -","robots":{"index":"index","follow":"follow","max-snippet":"max-snippet:-1","max-image-preview":"max-image-preview:large","max-video-preview":"max-video-preview:-1"},"canonical":"https:\/\/poudredevies.fr\/","og_locale":"en_US","og_type":"article","og_title":"Accueil -","og_description":"MEMOIRES DU CAFI ET DE LA POUDRERIE Poudre de Vies \u0153uvre \u00e0 la conservation et \u00e0 la mise en valeur [&hellip;]","og_url":"https:\/\/poudredevies.fr\/","article_modified_time":"2026-02-01T16:39:11+00:00","og_image":[{"width":1920,"height":1080,"url":"https:\/\/poudredevies.fr\/wp-content\/uploads\/2025\/11\/fusain_4K_logo-scaled.webp","type":"image\/webp"}],"twitter_card":"summary_large_image","twitter_misc":{"Est. reading time":"2 minutes"},"schema":{"@context":"https:\/\/schema.org","@graph":[{"@type":"WebPage","@id":"https:\/\/poudredevies.fr\/","url":"https:\/\/poudredevies.fr\/","name":"Accueil -","isPartOf":{"@id":"https:\/\/poudredevies.fr\/#website"},"primaryImageOfPage":{"@id":"https:\/\/poudredevies.fr\/#primaryimage"},"image":{"@id":"https:\/\/poudredevies.fr\/#primaryimage"},"thumbnailUrl":"https:\/\/poudredevies.fr\/wp-content\/uploads\/2025\/11\/fusain_4K_logo-2048x1152.webp","datePublished":"2025-11-24T20:38:01+00:00","dateModified":"2026-02-01T16:39:11+00:00","breadcrumb":{"@id":"https:\/\/poudredevies.fr\/#breadcrumb"},"inLanguage":"en-US","potentialAction":[{"@type":"ReadAction","target":["https:\/\/poudredevies.fr\/"]}]},{"@type":"ImageObject","inLanguage":"en-US","@id":"https:\/\/poudredevies.fr\/#primaryimage","url":"https:\/\/poudredevies.fr\/wp-content\/uploads\/2025\/11\/fusain_4K_logo-scaled.webp","contentUrl":"https:\/\/poudredevies.fr\/wp-content\/uploads\/2025\/11\/fusain_4K_logo-scaled.webp","width":1920,"height":1080},{"@type":"BreadcrumbList","@id":"https:\/\/poudredevies.fr\/#breadcrumb","itemListElement":[{"@type":"ListItem","position":1,"name":"Home","item":"https:\/\/poudredevies.fr\/"},{"@type":"ListItem","position":2,"name":"Accueil"}]},{"@type":"WebSite","@id":"https:\/\/poudredevies.fr\/#website","url":"https:\/\/poudredevies.fr\/","name":"WordPress","description":"","publisher":{"@id":"https:\/\/poudredevies.fr\/#organization"},"potentialAction":[{"@type":"SearchAction","target":{"@type":"EntryPoint","urlTemplate":"https:\/\/poudredevies.fr\/?s={search_term_string}"},"query-input":{"@type":"PropertyValueSpecification","valueRequired":true,"valueName":"search_term_string"}}],"inLanguage":"en-US"},{"@type":"Organization","@id":"https:\/\/poudredevies.fr\/#organization","name":"WordPress","url":"https:\/\/poudredevies.fr\/","logo":{"@type":"ImageObject","inLanguage":"en-US","@id":"https:\/\/poudredevies.fr\/#\/schema\/logo\/image\/","url":"https:\/\/poudredevies.fr\/wp-content\/uploads\/2025\/11\/cropped-LOGO_POUDRE_DE_VIES_2024-1.webp","contentUrl":"https:\/\/poudredevies.fr\/wp-content\/uploads\/2025\/11\/cropped-LOGO_POUDRE_DE_VIES_2024-1.webp","width":810,"height":605,"caption":"WordPress"},"image":{"@id":"https:\/\/poudredevies.fr\/#\/schema\/logo\/image\/"}}]}},"_links":{"self":[{"href":"https:\/\/poudredevies.fr\/index.php?rest_route=\/wp\/v2\/pages\/7","targetHints":{"allow":["GET"]}}],"collection":[{"href":"https:\/\/poudredevies.fr\/index.php?rest_route=\/wp\/v2\/pages"}],"about":[{"href":"https:\/\/poudredevies.fr\/index.php?rest_route=\/wp\/v2\/types\/page"}],"author":[{"embeddable":true,"href":"https:\/\/poudredevies.fr\/index.php?rest_route=\/wp\/v2\/users\/1"}],"replies":[{"embeddable":true,"href":"https:\/\/poudredevies.fr\/index.php?rest_route=%2Fwp%2Fv2%2Fcomments&post=7"}],"version-history":[{"count":87,"href":"https:\/\/poudredevies.fr\/index.php?rest_route=\/wp\/v2\/pages\/7\/revisions"}],"predecessor-version":[{"id":615,"href":"https:\/\/poudredevies.fr\/index.php?rest_route=\/wp\/v2\/pages\/7\/revisions\/615"}],"wp:attachment":[{"href":"https:\/\/poudredevies.fr\/index.php?rest_route=%2Fwp%2Fv2%2Fmedia&parent=7"}],"curies":[{"name":"wp","href":"https:\/\/api.w.org\/{rel}","templated":true}]}}